{"id":7796,"date":"2019-02-21T18:40:25","date_gmt":"2019-02-21T17:40:25","guid":{"rendered":"https:\/\/www.consulcesi.tech\/progetti-blockchain\/"},"modified":"2023-01-25T19:48:45","modified_gmt":"2023-01-25T18:48:45","slug":"progetti-blockchain","status":"publish","type":"page","link":"https:\/\/www.consulcesi.tech\/it\/progetti-blockchain\/","title":{"rendered":"Progetti Blockchain"},"content":{"rendered":"<p>[et_pb_section fb_built=&#8221;1&#8243; fullwidth=&#8221;on&#8221; _builder_version=&#8221;3.22&#8243; background_image=&#8221;\/wp-content\/uploads\/shutterstock_760467970-1.jpg&#8221;][et_pb_fullwidth_header title=&#8221;Progetti Blockchain&#8221; text_orientation=&#8221;center&#8221; _builder_version=&#8221;3.19.18&#8243; title_font=&#8221;|300|||||||&#8221; title_font_size=&#8221;44px&#8221; background_color=&#8221;rgba(47,58,100,0.8)&#8221; background_color_gradient_direction=&#8221;90deg&#8221; animation_style=&#8221;flip&#8221; title_text_shadow_style=&#8221;preset3&#8243; title_text_shadow_color=&#8221;rgba(47,58,100,0.4)&#8221; button_one_text_size__hover_enabled=&#8221;off&#8221; button_one_text_size__hover=&#8221;null&#8221; button_two_text_size__hover_enabled=&#8221;off&#8221; button_two_text_size__hover=&#8221;null&#8221; button_one_text_color__hover_enabled=&#8221;off&#8221; button_one_text_color__hover=&#8221;null&#8221; button_two_text_color__hover_enabled=&#8221;off&#8221; button_two_text_color__hover=&#8221;null&#8221; button_one_border_width__hover_enabled=&#8221;off&#8221; button_one_border_width__hover=&#8221;null&#8221; button_two_border_width__hover_enabled=&#8221;off&#8221; button_two_border_width__hover=&#8221;null&#8221; button_one_border_color__hover_enabled=&#8221;off&#8221; button_one_border_color__hover=&#8221;null&#8221; button_two_border_color__hover_enabled=&#8221;off&#8221; button_two_border_color__hover=&#8221;null&#8221; button_one_border_radius__hover_enabled=&#8221;off&#8221; button_one_border_radius__hover=&#8221;null&#8221; button_two_border_radius__hover_enabled=&#8221;off&#8221; button_two_border_radius__hover=&#8221;null&#8221; button_one_letter_spacing__hover_enabled=&#8221;off&#8221; button_one_letter_spacing__hover=&#8221;null&#8221; button_two_letter_spacing__hover_enabled=&#8221;off&#8221; button_two_letter_spacing__hover=&#8221;null&#8221; button_one_bg_color__hover_enabled=&#8221;off&#8221; button_one_bg_color__hover=&#8221;null&#8221; button_two_bg_color__hover_enabled=&#8221;off&#8221; button_two_bg_color__hover=&#8221;null&#8221;][\/et_pb_fullwidth_header][\/et_pb_section][et_pb_section fb_built=&#8221;1&#8243; module_id=&#8221;blockchain-section-4&#8243; _builder_version=&#8221;3.22&#8243; background_color=&#8221;#ffffff&#8221; background_color_gradient_direction=&#8221;90deg&#8221; background_position=&#8221;bottom_center&#8221; background_blend=&#8221;soft-light&#8221; custom_padding=&#8221;101px|0px|100px|0px|false|false&#8221;][et_pb_row column_structure=&#8221;1_3,1_3,1_3&#8243; disabled_on=&#8221;off|off|off&#8221; _builder_version=&#8221;3.25&#8243;][et_pb_column type=&#8221;1_3&#8243; _builder_version=&#8221;3.25&#8243; custom_padding=&#8221;|||&#8221; custom_padding__hover=&#8221;|||&#8221;][et_pb_blurb title=&#8221;Sanitario&#8221; url=&#8221;#healthcare-prj&#8221; use_icon=&#8221;on&#8221; font_icon=&#8221;%%141%%&#8221; icon_color=&#8221;#ffffff&#8221; use_circle=&#8221;on&#8221; use_icon_font_size=&#8221;on&#8221; icon_font_size=&#8221;40px&#8221; _builder_version=&#8221;3.19.15&#8243; header_font=&#8221;|||on|||||&#8221; header_font_size=&#8221;21px&#8221; text_orientation=&#8221;center&#8221; link_option_url=&#8221;#healthcare-prj&#8221;][\/et_pb_blurb][\/et_pb_column][et_pb_column type=&#8221;1_3&#8243; _builder_version=&#8221;3.25&#8243; custom_padding=&#8221;|||&#8221; custom_padding__hover=&#8221;|||&#8221;][et_pb_blurb title=&#8221;Sondaggi&#8221; url=&#8221;#survey-prj&#8221; use_icon=&#8221;on&#8221; font_icon=&#8221;%%57%%&#8221; icon_color=&#8221;#ffffff&#8221; use_circle=&#8221;on&#8221; use_icon_font_size=&#8221;on&#8221; icon_font_size=&#8221;40px&#8221; _builder_version=&#8221;3.19.15&#8243; header_font=&#8221;|||on|||||&#8221; header_font_size=&#8221;21px&#8221; text_orientation=&#8221;center&#8221; link_option_url=&#8221;#survey-prj&#8221; custom_css_blurb_image=&#8221;max-width:90px;&#8221;][\/et_pb_blurb][\/et_pb_column][et_pb_column type=&#8221;1_3&#8243; _builder_version=&#8221;3.25&#8243; custom_padding=&#8221;|||&#8221; custom_padding__hover=&#8221;|||&#8221;][et_pb_blurb title=&#8221;Propriet\u00e0 intellettuale&#8221; url=&#8221;#intellectual-property-prj&#8221; image=&#8221;\/wp-content\/uploads\/intellectual-propery-icon-2.png&#8221; _builder_version=&#8221;3.19.15&#8243; header_font=&#8221;|||on|||||&#8221; header_font_size=&#8221;21px&#8221; text_orientation=&#8221;center&#8221; link_option_url=&#8221;#intellectual-property-prj&#8221; custom_css_blurb_image=&#8221;max-width:90px;&#8221;][\/et_pb_blurb][\/et_pb_column][\/et_pb_row][et_pb_row column_structure=&#8221;1_5,3_5,1_5&#8243; _builder_version=&#8221;3.25&#8243;][et_pb_column type=&#8221;1_5&#8243; _builder_version=&#8221;3.25&#8243; custom_padding=&#8221;|||&#8221; custom_padding__hover=&#8221;|||&#8221;][\/et_pb_column][et_pb_column type=&#8221;3_5&#8243; _builder_version=&#8221;3.25&#8243; custom_padding=&#8221;|||&#8221; custom_padding__hover=&#8221;|||&#8221;][et_pb_text _builder_version=&#8221;3.27.4&#8243; text_font_size=&#8221;16px&#8221; text_orientation=&#8221;center&#8221;]<\/p>\n<p class=\"p1\"><span class=\"s1\">La tecnologia blockchain ha il potenziale per cambiare il modo in cui gestiamo la maggior parte delle nostre attivit\u00e0. Tra i suoi principali vantaggi ci sono la sicurezza dei dati, l&#8217;autenticazione e la completa trasparenza.<\/span><\/p>\n<p class=\"p1\"><span class=\"s1\">In questo momento la tecnologia \u00e8 ancora agli inizi, ma ha gi\u00e0 trovato alcune applicazioni importanti. Il nostro team ha gi\u00e0 sviluppato cinque diversi progetti con Rehegoo Music Group, Futura Stem Cells, Sanit\u00e0 Informazione, Digital Bliz e la nuovissima catena Survey che rivoluzioner\u00e0 il settore dei sondaggi.<\/span><\/p>\n<p>[\/et_pb_text][\/et_pb_column][et_pb_column type=&#8221;1_5&#8243; _builder_version=&#8221;3.25&#8243; custom_padding=&#8221;|||&#8221; custom_padding__hover=&#8221;|||&#8221;][\/et_pb_column][\/et_pb_row][et_pb_row disabled_on=&#8221;off|off|off&#8221; module_id=&#8221;healthcare-prj&#8221; _builder_version=&#8221;3.25&#8243; background_size=&#8221;initial&#8221; background_position=&#8221;top_left&#8221; background_repeat=&#8221;repeat&#8221; custom_padding=&#8221;60px|0px|10px|0px|false|false&#8221;][et_pb_column type=&#8221;4_4&#8243; _builder_version=&#8221;3.25&#8243; custom_padding=&#8221;|||&#8221; custom_padding__hover=&#8221;|||&#8221;][et_pb_text _builder_version=&#8221;3.27.4&#8243; header_text_align=&#8221;center&#8221; header_2_text_align=&#8221;center&#8221; header_2_text_color=&#8221;#42508e&#8221; header_2_font_size=&#8221;44px&#8221;]<\/p>\n<h2>Progetti nel settore sanitario<\/h2>\n<p>[\/et_pb_text][\/et_pb_column][\/et_pb_row][et_pb_row column_structure=&#8221;1_2,1_2&#8243; padding_top_bottom_link_1=&#8221;true&#8221; padding_top_bottom_link_2=&#8221;true&#8221; padding_left_right_link_1=&#8221;true&#8221; padding_left_right_link_2=&#8221;true&#8221; _builder_version=&#8221;3.25&#8243; custom_padding=&#8221;0|0px|27px|0px|false|false&#8221;][et_pb_column type=&#8221;1_2&#8243; _builder_version=&#8221;3.25&#8243; custom_padding=&#8221;20px|20px|20px|20px&#8221; custom_padding__hover=&#8221;|||&#8221;][et_pb_blurb title=&#8221;Futura Stem &#8221; url=&#8221;https:\/\/www.consulcesi.tech\/it\/progetti-blockchain\/futura-stem-chain\/&#8221; image=&#8221;\/wp-content\/uploads\/futura-stem-chain-2.png&#8221; _builder_version=&#8221;3.19.18&#8243; animation_style=&#8221;fade&#8221; animation_duration=&#8221;500ms&#8221; animation=&#8221;off&#8221;]<\/p>\n<p>L\u2019obiettivo \u00e8 quello di sfruttare la tecnologia Blockchain come garanzia di protezione per tutto il processo di crioconservazione e come certificazione di propriet\u00e0 delle cellule staminali conservate.<\/p>\n<p>[\/et_pb_blurb][et_pb_button button_url=&#8221;https:\/\/www.consulcesi.tech\/it\/progetti-blockchain\/futura-stem-chain\/&#8221; button_text=&#8221;Leggi tutto&#8221; _builder_version=&#8221;3.19.15&#8243; animation_style=&#8221;fade&#8221;][\/et_pb_button][\/et_pb_column][et_pb_column type=&#8221;1_2&#8243; _builder_version=&#8221;3.25&#8243; custom_padding=&#8221;20px|20px|20px|20px&#8221; custom_padding__hover=&#8221;|||&#8221;][et_pb_blurb title=&#8221;E-Learning &#8221; url=&#8221;https:\/\/www.consulcesi.tech\/it\/progetti-blockchain\/e-learning-chain&#8221; image=&#8221;\/wp-content\/uploads\/e-learning-chain-3.png&#8221; _builder_version=&#8221;3.19.18&#8243; animation_style=&#8221;fade&#8221; animation_duration=&#8221;500ms&#8221; animation=&#8221;off&#8221;]<\/p>\n<p>Procedura sicura e certificata di avvenuto completamento dei corsi di formazione in medicina in Albania mediante tecnologia pubblica Ethereum &nbsp;e di prova che tutti i requisiti di legge sono stati soddisfatti.<\/p>\n<p>[\/et_pb_blurb][et_pb_button button_url=&#8221;https:\/\/www.consulcesi.tech\/it\/progetti-blockchain\/e-learning-chain&#8221; button_text=&#8221;Leggi tutto&#8221; _builder_version=&#8221;3.19.15&#8243; animation_style=&#8221;fade&#8221;][\/et_pb_button][\/et_pb_column][\/et_pb_row][et_pb_row column_structure=&#8221;1_2,1_2&#8243; padding_top_bottom_link_1=&#8221;true&#8221; padding_top_bottom_link_2=&#8221;true&#8221; padding_left_right_link_1=&#8221;true&#8221; padding_left_right_link_2=&#8221;true&#8221; disabled_on=&#8221;off|off|off&#8221; _builder_version=&#8221;3.25&#8243; custom_padding=&#8221;0|0px|27px|0px|false|false&#8221;][et_pb_column type=&#8221;1_2&#8243; module_id=&#8221;survey-prj&#8221; _builder_version=&#8221;3.25&#8243; custom_padding=&#8221;20px|20px|20px|20px&#8221; custom_padding__hover=&#8221;|||&#8221;][et_pb_text _builder_version=&#8221;3.27.4&#8243; header_text_align=&#8221;center&#8221; header_2_text_align=&#8221;center&#8221; header_2_text_color=&#8221;#42508e&#8221; header_2_font_size=&#8221;44px&#8221;]<\/p>\n<h2>Sondaggi<\/h2>\n<p>[\/et_pb_text][et_pb_blurb title=&#8221;Survey Chain&#8221; url=&#8221;https:\/\/www.consulcesi.tech\/it\/progetti-blockchain\/survey-chain\/&#8221; image=&#8221;\/wp-content\/uploads\/survey-chain-3.png&#8221; _builder_version=&#8221;3.19.18&#8243; animation_style=&#8221;fade&#8221; animation_duration=&#8221;500ms&#8221; animation=&#8221;off&#8221;]<\/p>\n<p>Il progetto \u00e8 stato ideato con l\u2019obiettivo di certificare i sondaggi attraverso l\u2019individuazione delle sue fasi rilevanti, e la scrittura di queste in modo sicuro e immutabile su rete pubblica Blockchain Ethereum.<\/p>\n<p>[\/et_pb_blurb][et_pb_button button_url=&#8221;https:\/\/www.consulcesi.tech\/it\/progetti-blockchain\/survey-chain\/&#8221; button_text=&#8221;Leggi tutto&#8221; _builder_version=&#8221;3.19.15&#8243; animation_style=&#8221;fade&#8221;][\/et_pb_button][\/et_pb_column][et_pb_column type=&#8221;1_2&#8243; module_id=&#8221;intellectual-property-prj&#8221; _builder_version=&#8221;3.25&#8243; custom_padding=&#8221;20px|20px|20px|20px&#8221; custom_padding__hover=&#8221;|||&#8221;][et_pb_text _builder_version=&#8221;3.27.4&#8243; header_text_align=&#8221;center&#8221; header_2_text_align=&#8221;center&#8221; header_2_text_color=&#8221;#42508e&#8221; header_2_font_size=&#8221;44px&#8221;]<\/p>\n<h2>Propriet\u00e0 intellettuale<\/h2>\n<p>[\/et_pb_text][et_pb_blurb title=&#8221;Music Streaming &#8221; url=&#8221;https:\/\/www.consulcesi.tech\/it\/progetti-blockchain\/music-streaming-chain\/&#8221; image=&#8221;\/wp-content\/uploads\/music-streaming-chain.jpg&#8221; _builder_version=&#8221;3.19.18&#8243; animation_style=&#8221;fade&#8221; animation_duration=&#8221;500ms&#8221; animation=&#8221;off&#8221;]<\/p>\n<p>Lo scopo del progetto \u00e8 quello di risolvere i <strong>problemi a cui sono soggetti gli artisti<\/strong>, sorti a seguito dell\u2019avvento delle piattaforme di streaming, <strong>e della situazione con le societ\u00e0 di gestione collettiva dei diritti d\u2019autore<\/strong>.<\/p>\n<p>[\/et_pb_blurb][et_pb_button button_url=&#8221;https:\/\/www.consulcesi.tech\/it\/progetti-blockchain\/music-streaming-chain\/&#8221; button_text=&#8221;Leggi tutto&#8221; _builder_version=&#8221;3.19.15&#8243; animation_style=&#8221;fade&#8221;][\/et_pb_button][\/et_pb_column][\/et_pb_row][et_pb_row disabled_on=&#8221;on|on|on&#8221; module_id=&#8221;fintech-prj&#8221; _builder_version=&#8221;3.25&#8243; background_size=&#8221;initial&#8221; background_position=&#8221;top_left&#8221; background_repeat=&#8221;repeat&#8221; custom_padding=&#8221;60px|0px|10px|0px|false|false&#8221; disabled=&#8221;on&#8221;][et_pb_column type=&#8221;4_4&#8243; _builder_version=&#8221;3.25&#8243; custom_padding=&#8221;|||&#8221; custom_padding__hover=&#8221;|||&#8221;][et_pb_text _builder_version=&#8221;3.27.4&#8243; header_text_align=&#8221;center&#8221; header_2_text_align=&#8221;center&#8221; header_2_text_color=&#8221;#42508e&#8221; header_2_font_size=&#8221;44px&#8221;]<\/p>\n<h2>Fintech<\/h2>\n<p>[\/et_pb_text][\/et_pb_column][\/et_pb_row][et_pb_row column_structure=&#8221;1_2,1_2&#8243; padding_top_bottom_link_1=&#8221;true&#8221; padding_top_bottom_link_2=&#8221;true&#8221; padding_left_right_link_1=&#8221;true&#8221; padding_left_right_link_2=&#8221;true&#8221; disabled_on=&#8221;on|on|on&#8221; _builder_version=&#8221;3.25&#8243; custom_padding=&#8221;0|0px|27px|0px|false|false&#8221; disabled=&#8221;on&#8221;][et_pb_column type=&#8221;1_2&#8243; module_id=&#8221;survey-prj&#8221; _builder_version=&#8221;3.25&#8243; custom_padding=&#8221;20px|20px|20px|20px&#8221; custom_padding__hover=&#8221;|||&#8221;][et_pb_blurb title=&#8221;Digital Bliz&#8221; url=&#8221;https:\/\/www.consulcesi.tech\/it\/progetti-blockchain\/digital-bliz\/&#8221; image=&#8221;\/wp-content\/uploads\/DigitalBliz-project.jpg&#8221; _builder_version=&#8221;3.19.18&#8243; animation_style=&#8221;fade&#8221; animation_duration=&#8221;500ms&#8221; animation=&#8221;off&#8221;]<\/p>\n<p>Consulcesi Tech investe nella crescita di Digital Bliz: le due aziende sono ora partner.<\/p>\n<p>[\/et_pb_blurb][et_pb_button button_url=&#8221;https:\/\/www.consulcesi.tech\/it\/progetti-blockchain\/digital-bliz\/&#8221; button_text=&#8221;Leggi tutto&#8221; _builder_version=&#8221;3.19.18&#8243; animation_style=&#8221;fade&#8221;][\/et_pb_button][\/et_pb_column][et_pb_column type=&#8221;1_2&#8243; module_id=&#8221;intellectual-property-prj&#8221; _builder_version=&#8221;3.25&#8243; custom_padding=&#8221;20px|20px|20px|20px&#8221; custom_padding__hover=&#8221;|||&#8221;][et_pb_blurb title=&#8221;Consulcoin Cryptocurrency Fund&#8221; url=&#8221;https:\/\/www.consulcesi.tech\/it\/consulcoin-cryptocurrency-fund\/&#8221; image=&#8221;\/wp-content\/uploads\/consulcoin-cryptocurrency-fund-1.jpg&#8221; disabled_on=&#8221;on|on|on&#8221; _builder_version=&#8221;4.9.0&#8243; animation_style=&#8221;fade&#8221; animation_duration=&#8221;500ms&#8221; animation=&#8221;off&#8221; disabled=&#8221;on&#8221;]<\/p>\n<p>Consulcesi Tech \u00e8 lead advisor per ConsulCoin Cryptocurrency Fund, il primo fondo d\u2019investimento europeo regolato al mondo dedicato a societ\u00e0 quotate e prodotti finanziari basati sulla tecnologia Blockchain e sulle principali criptovalute.<\/p>\n<p>[\/et_pb_blurb][et_pb_button button_url=&#8221;https:\/\/www.consulcesi.tech\/it\/consulcoin-cryptocurrency-fund\/&#8221; button_text=&#8221;Leggi tutto&#8221; disabled_on=&#8221;on|on|on&#8221; _builder_version=&#8221;4.9.0&#8243; animation_style=&#8221;fade&#8221; disabled=&#8221;on&#8221;][\/et_pb_button][\/et_pb_column][\/et_pb_row][\/et_pb_section]<\/p>\n","protected":false},"excerpt":{"rendered":"<p>La tecnologia blockchain ha il potenziale per cambiare il modo in cui gestiamo la maggior parte delle nostre attivit\u00e0. Tra i suoi principali vantaggi ci sono la sicurezza dei dati, l&#8217;autenticazione e la completa trasparenza. In questo momento la tecnologia \u00e8 ancora agli inizi, ma ha gi\u00e0 trovato alcune applicazioni importanti. Il nostro team ha [&hellip;]<\/p>\n","protected":false},"author":1,"featured_media":0,"parent":0,"menu_order":0,"comment_status":"closed","ping_status":"closed","template":"","meta":{"_et_pb_use_builder":"on","_et_pb_old_content":"","_et_gb_content_width":"","footnotes":""},"class_list":["post-7796","page","type-page","status-publish","hentry"],"yoast_head":"<!-- This site is optimized with the Yoast SEO plugin v27.0 - https:\/\/yoast.com\/product\/yoast-seo-wordpress\/ -->\n<title>Progetti Blockchain - Consulcesi Tech<\/title>\n<meta name=\"robots\" content=\"index, follow, max-snippet:-1, max-image-preview:large, max-video-preview:-1\" \/>\n<link rel=\"canonical\" href=\"https:\/\/www.consulcesi.tech\/it\/progetti-blockchain\/\" \/>\n<meta property=\"og:locale\" content=\"it_IT\" \/>\n<meta property=\"og:type\" content=\"article\" \/>\n<meta property=\"og:title\" content=\"Progetti Blockchain - Consulcesi Tech\" \/>\n<meta property=\"og:description\" content=\"La tecnologia blockchain ha il potenziale per cambiare il modo in cui gestiamo la maggior parte delle nostre attivit\u00e0. Tra i suoi principali vantaggi ci sono la sicurezza dei dati, l&#039;autenticazione e la completa trasparenza. In questo momento la tecnologia \u00e8 ancora agli inizi, ma ha gi\u00e0 trovato alcune applicazioni importanti. Il nostro team ha [&hellip;]\" \/>\n<meta property=\"og:url\" content=\"https:\/\/www.consulcesi.tech\/it\/progetti-blockchain\/\" \/>\n<meta property=\"og:site_name\" content=\"Consulcesi Tech\" \/>\n<meta property=\"article:modified_time\" content=\"2023-01-25T18:48:45+00:00\" \/>\n<meta name=\"twitter:card\" content=\"summary_large_image\" \/>\n<meta name=\"twitter:label1\" content=\"Tempo di lettura stimato\" \/>\n\t<meta name=\"twitter:data1\" content=\"8 minuti\" \/>\n<script type=\"application\/ld+json\" class=\"yoast-schema-graph\">{\"@context\":\"https:\/\/schema.org\",\"@graph\":[{\"@type\":\"WebPage\",\"@id\":\"https:\/\/www.consulcesi.tech\/it\/progetti-blockchain\/\",\"url\":\"https:\/\/www.consulcesi.tech\/it\/progetti-blockchain\/\",\"name\":\"Progetti Blockchain - Consulcesi Tech\",\"isPartOf\":{\"@id\":\"https:\/\/www.consulcesi.tech\/it\/#website\"},\"datePublished\":\"2019-02-21T17:40:25+00:00\",\"dateModified\":\"2023-01-25T18:48:45+00:00\",\"breadcrumb\":{\"@id\":\"https:\/\/www.consulcesi.tech\/it\/progetti-blockchain\/#breadcrumb\"},\"inLanguage\":\"it-IT\",\"potentialAction\":[{\"@type\":\"ReadAction\",\"target\":[\"https:\/\/www.consulcesi.tech\/it\/progetti-blockchain\/\"]}]},{\"@type\":\"BreadcrumbList\",\"@id\":\"https:\/\/www.consulcesi.tech\/it\/progetti-blockchain\/#breadcrumb\",\"itemListElement\":[{\"@type\":\"ListItem\",\"position\":1,\"name\":\"Home\",\"item\":\"https:\/\/www.consulcesi.tech\/it\/\"},{\"@type\":\"ListItem\",\"position\":2,\"name\":\"Progetti Blockchain\"}]},{\"@type\":\"WebSite\",\"@id\":\"https:\/\/www.consulcesi.tech\/it\/#website\",\"url\":\"https:\/\/www.consulcesi.tech\/it\/\",\"name\":\"Consulcesi Tech\",\"description\":\"Where new technologies born\",\"potentialAction\":[{\"@type\":\"SearchAction\",\"target\":{\"@type\":\"EntryPoint\",\"urlTemplate\":\"https:\/\/www.consulcesi.tech\/it\/?s={search_term_string}\"},\"query-input\":{\"@type\":\"PropertyValueSpecification\",\"valueRequired\":true,\"valueName\":\"search_term_string\"}}],\"inLanguage\":\"it-IT\"}]}<\/script>\n<!-- \/ Yoast SEO plugin. -->","yoast_head_json":{"title":"Progetti Blockchain - Consulcesi Tech","robots":{"index":"index","follow":"follow","max-snippet":"max-snippet:-1","max-image-preview":"max-image-preview:large","max-video-preview":"max-video-preview:-1"},"canonical":"https:\/\/www.consulcesi.tech\/it\/progetti-blockchain\/","og_locale":"it_IT","og_type":"article","og_title":"Progetti Blockchain - Consulcesi Tech","og_description":"La tecnologia blockchain ha il potenziale per cambiare il modo in cui gestiamo la maggior parte delle nostre attivit\u00e0. Tra i suoi principali vantaggi ci sono la sicurezza dei dati, l'autenticazione e la completa trasparenza. In questo momento la tecnologia \u00e8 ancora agli inizi, ma ha gi\u00e0 trovato alcune applicazioni importanti. Il nostro team ha [&hellip;]","og_url":"https:\/\/www.consulcesi.tech\/it\/progetti-blockchain\/","og_site_name":"Consulcesi Tech","article_modified_time":"2023-01-25T18:48:45+00:00","twitter_card":"summary_large_image","twitter_misc":{"Tempo di lettura stimato":"8 minuti"},"schema":{"@context":"https:\/\/schema.org","@graph":[{"@type":"WebPage","@id":"https:\/\/www.consulcesi.tech\/it\/progetti-blockchain\/","url":"https:\/\/www.consulcesi.tech\/it\/progetti-blockchain\/","name":"Progetti Blockchain - Consulcesi Tech","isPartOf":{"@id":"https:\/\/www.consulcesi.tech\/it\/#website"},"datePublished":"2019-02-21T17:40:25+00:00","dateModified":"2023-01-25T18:48:45+00:00","breadcrumb":{"@id":"https:\/\/www.consulcesi.tech\/it\/progetti-blockchain\/#breadcrumb"},"inLanguage":"it-IT","potentialAction":[{"@type":"ReadAction","target":["https:\/\/www.consulcesi.tech\/it\/progetti-blockchain\/"]}]},{"@type":"BreadcrumbList","@id":"https:\/\/www.consulcesi.tech\/it\/progetti-blockchain\/#breadcrumb","itemListElement":[{"@type":"ListItem","position":1,"name":"Home","item":"https:\/\/www.consulcesi.tech\/it\/"},{"@type":"ListItem","position":2,"name":"Progetti Blockchain"}]},{"@type":"WebSite","@id":"https:\/\/www.consulcesi.tech\/it\/#website","url":"https:\/\/www.consulcesi.tech\/it\/","name":"Consulcesi Tech","description":"Where new technologies born","potentialAction":[{"@type":"SearchAction","target":{"@type":"EntryPoint","urlTemplate":"https:\/\/www.consulcesi.tech\/it\/?s={search_term_string}"},"query-input":{"@type":"PropertyValueSpecification","valueRequired":true,"valueName":"search_term_string"}}],"inLanguage":"it-IT"}]}},"_links":{"self":[{"href":"https:\/\/www.consulcesi.tech\/it\/wp-json\/wp\/v2\/pages\/7796","targetHints":{"allow":["GET"]}}],"collection":[{"href":"https:\/\/www.consulcesi.tech\/it\/wp-json\/wp\/v2\/pages"}],"about":[{"href":"https:\/\/www.consulcesi.tech\/it\/wp-json\/wp\/v2\/types\/page"}],"author":[{"embeddable":true,"href":"https:\/\/www.consulcesi.tech\/it\/wp-json\/wp\/v2\/users\/1"}],"replies":[{"embeddable":true,"href":"https:\/\/www.consulcesi.tech\/it\/wp-json\/wp\/v2\/comments?post=7796"}],"version-history":[{"count":17,"href":"https:\/\/www.consulcesi.tech\/it\/wp-json\/wp\/v2\/pages\/7796\/revisions"}],"predecessor-version":[{"id":13405,"href":"https:\/\/www.consulcesi.tech\/it\/wp-json\/wp\/v2\/pages\/7796\/revisions\/13405"}],"wp:attachment":[{"href":"https:\/\/www.consulcesi.tech\/it\/wp-json\/wp\/v2\/media?parent=7796"}],"curies":[{"name":"wp","href":"https:\/\/api.w.org\/{rel}","templated":true}]}}