{"id":7791,"date":"2019-02-21T18:18:17","date_gmt":"2019-02-21T17:18:17","guid":{"rendered":"https:\/\/www.consulcesi.tech\/survey-chain\/"},"modified":"2019-04-02T18:20:08","modified_gmt":"2019-04-02T16:20:08","slug":"survey-chain","status":"publish","type":"page","link":"https:\/\/www.consulcesi.tech\/it\/progetti-blockchain\/survey-chain\/","title":{"rendered":"Survey Chain"},"content":{"rendered":"<p>[et_pb_section bb_built=&#8221;1&#8243; fullwidth=&#8221;on&#8221; next_background_color=&#8221;#ffffff&#8221; _builder_version=&#8221;3.19.15&#8243; background_image=&#8221;\/wp-content\/uploads\/survey-chain-bg.jpg&#8221;][et_pb_fullwidth_header title=&#8221;Survey Chain&#8221; text_orientation=&#8221;center&#8221; scroll_down_icon_color=&#8221;#ffffff&#8221; scroll_down_icon_size=&#8221;40px&#8221; logo_image_url=&#8221;\/wp-content\/uploads\/logo-survey.png&#8221; _builder_version=&#8221;3.19.15&#8243; title_font=&#8221;|300|||||||&#8221; title_font_size=&#8221;44px&#8221; title_text_shadow_style=&#8221;preset3&#8243; title_text_shadow_color=&#8221;rgba(47,58,100,0.4)&#8221; background_color=&#8221;rgba(47,58,100,0.8)&#8221; background_color_gradient_direction=&#8221;90deg&#8221; animation_style=&#8221;flip&#8221; custom_css_logo=&#8221;max-height:90px;||margin-bottom:20px;&#8221;]<\/p>\n<p>\n<\/p>\n<p>[\/et_pb_fullwidth_header][\/et_pb_section][et_pb_section bb_built=&#8221;1&#8243; prev_background_color=&#8221;#000000&#8243; _builder_version=&#8221;3.0.47&#8243;][et_pb_row _builder_version=&#8221;3.0.48&#8243; background_size=&#8221;initial&#8221; background_position=&#8221;top_left&#8221; background_repeat=&#8221;repeat&#8221;][et_pb_column type=&#8221;1_3&#8243;][et_pb_text _builder_version=&#8221;3.19.18&#8243;]<\/p>\n<h2 class=\"p1\"><span class=\"s1\">Survey Chain presentata a<\/span><span class=\"s1\">l Dubai Future Summit\u00a0<\/span><\/h2>\n<p class=\"p1\"><span class=\"s1\">Survey Chain \u00e8 una piattaforma che aiuta ad autenticare e certificare l&#8217;intero processo di creazione di un sondaggio, dall&#8217;impostazione fino alla verifica dei dati. A Febbraio 2019 abbiamo presentato il progetto Survey Chain dinnanzi al Senato italiano (<a href=\"https:\/\/www.consulcesi.tech\/it\/il-futuro-della-sanita-passa-dalla-blockchain-trasparenza-inalterabilita-e-sicurezza-dei-dati-per-indagini-a-prova-di-fake\/\">leggi il nostro comunicato stampa<\/a>) e ad Aprile 2019 anche al Dubai Future Summit (<a href=\"https:\/\/www.consulcesi.tech\/it\/sondaggi-fake-news-sconfitte-per-sempre-consulcesi-tech-lancia-survey-chain-a-dubai\/\" target=\"_blank\" rel=\"noopener noreferrer\">leggi il nostro comunicato stampa<\/a>)<\/span><\/p>\n<p>[\/et_pb_text][et_pb_button button_url=&#8221;https:\/\/www.consulcesi.tech\/wp-content\/uploads\/Convegno-Blockchain-e-sanita.pdf&#8221; url_new_window=&#8221;on&#8221; button_text=&#8221;Scarica la rassegna stampa&#8221; _builder_version=&#8221;3.19.15&#8243; custom_padding=&#8221;20px||20px||true&#8221;]<\/p>\n<p><\/p>\n<p>[\/et_pb_button][\/et_pb_column][et_pb_column type=&#8221;1_3&#8243;][et_pb_text _builder_version=&#8221;3.19.18&#8243;]<\/p>\n<h2 class=\"p1\">Obiettivi<\/h2>\n<p class=\"p1\"><span class=\"s1\">Survey Chain si prefigge l\u2019obiettivo di certificare i sondaggi attraverso l\u2019individuazione delle sue fasi rilevanti, e la scrittura di queste in modo sicuro e immutabile su rete pubblica Blockchain Ethereum. L\u2019 elemento centrale sar\u00e0 proprio la certificazione dei singoli file componenti il sondaggio: per ciascuno di essi verr\u00e0 generata una firma univoca e immutabile (Hash) e solo mediante questa sar\u00e0 possibile ricostruire il documento originale.<\/span><\/p>\n<p>[\/et_pb_text][\/et_pb_column][et_pb_column type=&#8221;1_3&#8243;][et_pb_text _builder_version=&#8221;3.19.15&#8243;]<\/p>\n<h2 class=\"p1\">Scopo del progetto<\/h2>\n<p class=\"p1\"><span class=\"s1\">Il sondaggio intero, e i singoli file che lo compongono, una volta compilati verranno archiviato in spazi di Storage in Cloud e sar\u00e0 trascritta una firma univoca su Blockchain. Questo render\u00e0 i risultati inalterabili, e sar\u00e0 possibile verificare in ogni momento la data certa e altre importanti<span class=\"Apple-converted-space\">\u00a0 <\/span>informazioni, tra cui l\u2019identificazione dei vari parametri del Panel come Classe sociale, Area geografica, Aziende, Professioni.<\/span><\/p>\n<p>[\/et_pb_text][\/et_pb_column][\/et_pb_row][et_pb_row _builder_version=&#8221;3.0.48&#8243; background_size=&#8221;initial&#8221; background_position=&#8221;top_left&#8221; background_repeat=&#8221;repeat&#8221;][et_pb_column type=&#8221;4_4&#8243;][et_pb_image src=&#8221;\/wp-content\/uploads\/infografica_survey-chain-1.png&#8221; align=&#8221;center&#8221; disabled_on=&#8221;on|off|off&#8221; _builder_version=&#8221;3.19.18&#8243; custom_css_main_element=&#8221;max-width:700px;&#8221;]<\/p>\n<p><\/p>\n<p>[\/et_pb_image][et_pb_image src=&#8221;\/wp-content\/uploads\/infografica_survey-chain_mobile-1.png&#8221; align=&#8221;center&#8221; disabled_on=&#8221;off|on|on&#8221; _builder_version=&#8221;3.19.15&#8243; custom_css_main_element=&#8221;max-width:700px;&#8221;]<\/p>\n<p><\/p>\n<p>[\/et_pb_image][\/et_pb_column][\/et_pb_row][et_pb_row _builder_version=&#8221;3.19.15&#8243; background_size=&#8221;initial&#8221; background_position=&#8221;top_left&#8221; background_repeat=&#8221;repeat&#8221;][et_pb_column type=&#8221;4_4&#8243;][et_pb_text _builder_version=&#8221;3.19.15&#8243; header_2_text_color=&#8221;#42508e&#8221; text_orientation=&#8221;center&#8221;]<\/p>\n<h2 class=\"p1\">Vantaggi<\/h2>\n<p class=\"p2\">\n<p>[\/et_pb_text][et_pb_blurb use_icon=&#8221;on&#8221; font_icon=&#8221;%%128%%&#8221; icon_color=&#8221;#ff6e00&#8243; icon_placement=&#8221;left&#8221; use_icon_font_size=&#8221;on&#8221; icon_font_size=&#8221;45px&#8221; _builder_version=&#8221;3.19.15&#8243; body_text_color=&#8221;#848484&#8243; body_font_size=&#8221;16px&#8221; custom_padding=&#8221;||15px&#8221; custom_css_main_element=&#8221;vertical-align:middle;&#8221;]<\/p>\n<p class=\"p1\"><span class=\"s1\">Data certa e inalterabilit\u00e0 delle informazioni.<\/span><\/p>\n<p>[\/et_pb_blurb][et_pb_blurb use_icon=&#8221;on&#8221; font_icon=&#8221;%%147%%&#8221; icon_color=&#8221;#ff6e00&#8243; icon_placement=&#8221;left&#8221; use_icon_font_size=&#8221;on&#8221; icon_font_size=&#8221;45px&#8221; _builder_version=&#8221;3.19.15&#8243; body_text_color=&#8221;#848484&#8243; body_font_size=&#8221;16px&#8221; custom_padding=&#8221;||15px&#8221;]<\/p>\n<p>Intero Processo Verificabile<\/p>\n<p>[\/et_pb_blurb][et_pb_blurb use_icon=&#8221;on&#8221; font_icon=&#8221;%%365%%&#8221; icon_color=&#8221;#ff6e00&#8243; icon_placement=&#8221;left&#8221; use_icon_font_size=&#8221;on&#8221; icon_font_size=&#8221;45px&#8221; _builder_version=&#8221;3.19.15&#8243; body_text_color=&#8221;#848484&#8243; body_font_size=&#8221;16px&#8221; custom_padding=&#8221;||15px&#8221;]<\/p>\n<p>Divulgazione certificata verso media<\/p>\n<p>[\/et_pb_blurb][et_pb_blurb use_icon=&#8221;on&#8221; font_icon=&#8221;%%159%%&#8221; icon_color=&#8221;#ff6e00&#8243; icon_placement=&#8221;left&#8221; use_icon_font_size=&#8221;on&#8221; icon_font_size=&#8221;45px&#8221; _builder_version=&#8221;3.19.15&#8243; body_text_color=&#8221;#848484&#8243; body_font_size=&#8221;16px&#8221; custom_padding=&#8221;||15px&#8221;]<\/p>\n<p>Piattaforma integrabile verso sistemi di sondaggio esterni<\/p>\n<p>[\/et_pb_blurb][\/et_pb_column][\/et_pb_row][\/et_pb_section]<\/p>\n","protected":false},"excerpt":{"rendered":"<p>Survey Chain presentata al Dubai Future Summit\u00a0 Survey Chain \u00e8 una piattaforma che aiuta ad autenticare e certificare l&#8217;intero processo di creazione di un sondaggio, dall&#8217;impostazione fino alla verifica dei dati. A Febbraio 2019 abbiamo presentato il progetto Survey Chain dinnanzi al Senato italiano (leggi il nostro comunicato stampa) e ad Aprile 2019 anche al [&hellip;]<\/p>\n","protected":false},"author":1,"featured_media":0,"parent":7796,"menu_order":0,"comment_status":"closed","ping_status":"closed","template":"","meta":{"_et_pb_use_builder":"on","_et_pb_old_content":"","_et_gb_content_width":"","footnotes":""},"class_list":["post-7791","page","type-page","status-publish","hentry"],"yoast_head":"<!-- This site is optimized with the Yoast SEO plugin v27.0 - https:\/\/yoast.com\/product\/yoast-seo-wordpress\/ -->\n<title>Survey Chain - Consulcesi Tech<\/title>\n<meta name=\"robots\" content=\"index, follow, max-snippet:-1, max-image-preview:large, max-video-preview:-1\" \/>\n<link rel=\"canonical\" href=\"https:\/\/www.consulcesi.tech\/it\/progetti-blockchain\/survey-chain\/\" \/>\n<meta property=\"og:locale\" content=\"it_IT\" \/>\n<meta property=\"og:type\" content=\"article\" \/>\n<meta property=\"og:title\" content=\"Survey Chain - Consulcesi Tech\" \/>\n<meta property=\"og:description\" content=\"Survey Chain presentata al Dubai Future Summit\u00a0 Survey Chain \u00e8 una piattaforma che aiuta ad autenticare e certificare l&#039;intero processo di creazione di un sondaggio, dall&#039;impostazione fino alla verifica dei dati. A Febbraio 2019 abbiamo presentato il progetto Survey Chain dinnanzi al Senato italiano (leggi il nostro comunicato stampa) e ad Aprile 2019 anche al [&hellip;]\" \/>\n<meta property=\"og:url\" content=\"https:\/\/www.consulcesi.tech\/it\/progetti-blockchain\/survey-chain\/\" \/>\n<meta property=\"og:site_name\" content=\"Consulcesi Tech\" \/>\n<meta property=\"article:modified_time\" content=\"2019-04-02T16:20:08+00:00\" \/>\n<meta name=\"twitter:card\" content=\"summary_large_image\" \/>\n<meta name=\"twitter:label1\" content=\"Tempo di lettura stimato\" \/>\n\t<meta name=\"twitter:data1\" content=\"3 minuti\" \/>\n<script type=\"application\/ld+json\" class=\"yoast-schema-graph\">{\"@context\":\"https:\/\/schema.org\",\"@graph\":[{\"@type\":\"WebPage\",\"@id\":\"https:\/\/www.consulcesi.tech\/it\/progetti-blockchain\/survey-chain\/\",\"url\":\"https:\/\/www.consulcesi.tech\/it\/progetti-blockchain\/survey-chain\/\",\"name\":\"Survey Chain - Consulcesi Tech\",\"isPartOf\":{\"@id\":\"https:\/\/www.consulcesi.tech\/it\/#website\"},\"datePublished\":\"2019-02-21T17:18:17+00:00\",\"dateModified\":\"2019-04-02T16:20:08+00:00\",\"breadcrumb\":{\"@id\":\"https:\/\/www.consulcesi.tech\/it\/progetti-blockchain\/survey-chain\/#breadcrumb\"},\"inLanguage\":\"it-IT\",\"potentialAction\":[{\"@type\":\"ReadAction\",\"target\":[\"https:\/\/www.consulcesi.tech\/it\/progetti-blockchain\/survey-chain\/\"]}]},{\"@type\":\"BreadcrumbList\",\"@id\":\"https:\/\/www.consulcesi.tech\/it\/progetti-blockchain\/survey-chain\/#breadcrumb\",\"itemListElement\":[{\"@type\":\"ListItem\",\"position\":1,\"name\":\"Home\",\"item\":\"https:\/\/www.consulcesi.tech\/it\/\"},{\"@type\":\"ListItem\",\"position\":2,\"name\":\"Progetti Blockchain\",\"item\":\"https:\/\/www.consulcesi.tech\/it\/progetti-blockchain\/\"},{\"@type\":\"ListItem\",\"position\":3,\"name\":\"Survey Chain\"}]},{\"@type\":\"WebSite\",\"@id\":\"https:\/\/www.consulcesi.tech\/it\/#website\",\"url\":\"https:\/\/www.consulcesi.tech\/it\/\",\"name\":\"Consulcesi Tech\",\"description\":\"Where new technologies born\",\"potentialAction\":[{\"@type\":\"SearchAction\",\"target\":{\"@type\":\"EntryPoint\",\"urlTemplate\":\"https:\/\/www.consulcesi.tech\/it\/?s={search_term_string}\"},\"query-input\":{\"@type\":\"PropertyValueSpecification\",\"valueRequired\":true,\"valueName\":\"search_term_string\"}}],\"inLanguage\":\"it-IT\"}]}<\/script>\n<!-- \/ Yoast SEO plugin. -->","yoast_head_json":{"title":"Survey Chain - Consulcesi Tech","robots":{"index":"index","follow":"follow","max-snippet":"max-snippet:-1","max-image-preview":"max-image-preview:large","max-video-preview":"max-video-preview:-1"},"canonical":"https:\/\/www.consulcesi.tech\/it\/progetti-blockchain\/survey-chain\/","og_locale":"it_IT","og_type":"article","og_title":"Survey Chain - Consulcesi Tech","og_description":"Survey Chain presentata al Dubai Future Summit\u00a0 Survey Chain \u00e8 una piattaforma che aiuta ad autenticare e certificare l'intero processo di creazione di un sondaggio, dall'impostazione fino alla verifica dei dati. A Febbraio 2019 abbiamo presentato il progetto Survey Chain dinnanzi al Senato italiano (leggi il nostro comunicato stampa) e ad Aprile 2019 anche al [&hellip;]","og_url":"https:\/\/www.consulcesi.tech\/it\/progetti-blockchain\/survey-chain\/","og_site_name":"Consulcesi Tech","article_modified_time":"2019-04-02T16:20:08+00:00","twitter_card":"summary_large_image","twitter_misc":{"Tempo di lettura stimato":"3 minuti"},"schema":{"@context":"https:\/\/schema.org","@graph":[{"@type":"WebPage","@id":"https:\/\/www.consulcesi.tech\/it\/progetti-blockchain\/survey-chain\/","url":"https:\/\/www.consulcesi.tech\/it\/progetti-blockchain\/survey-chain\/","name":"Survey Chain - Consulcesi Tech","isPartOf":{"@id":"https:\/\/www.consulcesi.tech\/it\/#website"},"datePublished":"2019-02-21T17:18:17+00:00","dateModified":"2019-04-02T16:20:08+00:00","breadcrumb":{"@id":"https:\/\/www.consulcesi.tech\/it\/progetti-blockchain\/survey-chain\/#breadcrumb"},"inLanguage":"it-IT","potentialAction":[{"@type":"ReadAction","target":["https:\/\/www.consulcesi.tech\/it\/progetti-blockchain\/survey-chain\/"]}]},{"@type":"BreadcrumbList","@id":"https:\/\/www.consulcesi.tech\/it\/progetti-blockchain\/survey-chain\/#breadcrumb","itemListElement":[{"@type":"ListItem","position":1,"name":"Home","item":"https:\/\/www.consulcesi.tech\/it\/"},{"@type":"ListItem","position":2,"name":"Progetti Blockchain","item":"https:\/\/www.consulcesi.tech\/it\/progetti-blockchain\/"},{"@type":"ListItem","position":3,"name":"Survey Chain"}]},{"@type":"WebSite","@id":"https:\/\/www.consulcesi.tech\/it\/#website","url":"https:\/\/www.consulcesi.tech\/it\/","name":"Consulcesi Tech","description":"Where new technologies born","potentialAction":[{"@type":"SearchAction","target":{"@type":"EntryPoint","urlTemplate":"https:\/\/www.consulcesi.tech\/it\/?s={search_term_string}"},"query-input":{"@type":"PropertyValueSpecification","valueRequired":true,"valueName":"search_term_string"}}],"inLanguage":"it-IT"}]}},"_links":{"self":[{"href":"https:\/\/www.consulcesi.tech\/it\/wp-json\/wp\/v2\/pages\/7791","targetHints":{"allow":["GET"]}}],"collection":[{"href":"https:\/\/www.consulcesi.tech\/it\/wp-json\/wp\/v2\/pages"}],"about":[{"href":"https:\/\/www.consulcesi.tech\/it\/wp-json\/wp\/v2\/types\/page"}],"author":[{"embeddable":true,"href":"https:\/\/www.consulcesi.tech\/it\/wp-json\/wp\/v2\/users\/1"}],"replies":[{"embeddable":true,"href":"https:\/\/www.consulcesi.tech\/it\/wp-json\/wp\/v2\/comments?post=7791"}],"version-history":[{"count":10,"href":"https:\/\/www.consulcesi.tech\/it\/wp-json\/wp\/v2\/pages\/7791\/revisions"}],"predecessor-version":[{"id":9285,"href":"https:\/\/www.consulcesi.tech\/it\/wp-json\/wp\/v2\/pages\/7791\/revisions\/9285"}],"up":[{"embeddable":true,"href":"https:\/\/www.consulcesi.tech\/it\/wp-json\/wp\/v2\/pages\/7796"}],"wp:attachment":[{"href":"https:\/\/www.consulcesi.tech\/it\/wp-json\/wp\/v2\/media?parent=7791"}],"curies":[{"name":"wp","href":"https:\/\/api.w.org\/{rel}","templated":true}]}}