{"id":7789,"date":"2019-02-21T18:16:11","date_gmt":"2019-02-21T17:16:11","guid":{"rendered":"https:\/\/www.consulcesi.tech\/e-learning-chain\/"},"modified":"2019-05-28T18:01:33","modified_gmt":"2019-05-28T16:01:33","slug":"e-learning-chain","status":"publish","type":"page","link":"https:\/\/www.consulcesi.tech\/it\/progetti-blockchain\/healthcare\/e-learning-chain\/","title":{"rendered":"E-Learning Chain"},"content":{"rendered":"<p>[et_pb_section bb_built=&#8221;1&#8243; fullwidth=&#8221;on&#8221; next_background_color=&#8221;#ffffff&#8221; _builder_version=&#8221;3.19.9&#8243; background_image=&#8221;\/wp-content\/uploads\/e-learning-chain-bg.jpg&#8221; inner_width=&#8221;auto&#8221; inner_max_width=&#8221;none&#8221;][et_pb_fullwidth_header title=&#8221;E-Learning&#8221; text_orientation=&#8221;center&#8221; scroll_down_icon_color=&#8221;#ffffff&#8221; scroll_down_icon_size=&#8221;40px&#8221; logo_image_url=&#8221;\/wp-content\/uploads\/logo_sanitainformazionespa.png&#8221; _builder_version=&#8221;3.19.15&#8243; title_font=&#8221;|300|||||||&#8221; title_font_size=&#8221;44px&#8221; title_text_shadow_style=&#8221;preset3&#8243; title_text_shadow_color=&#8221;rgba(47,58,100,0.4)&#8221; background_color=&#8221;rgba(47,58,100,0.8)&#8221; background_color_gradient_direction=&#8221;90deg&#8221; animation_style=&#8221;flip&#8221; custom_css_logo=&#8221;max-height:70px;||margin-bottom:20px;&#8221;]<\/p>\n<p>[\/et_pb_fullwidth_header][\/et_pb_section][et_pb_section bb_built=&#8221;1&#8243; prev_background_color=&#8221;#000000&#8243; _builder_version=&#8221;3.0.47&#8243; inner_width=&#8221;auto&#8221; inner_max_width=&#8221;none&#8221;][et_pb_row _builder_version=&#8221;3.0.48&#8243; background_size=&#8221;initial&#8221; background_position=&#8221;top_left&#8221; background_repeat=&#8221;repeat&#8221; width=&#8221;80%&#8221; max_width=&#8221;1080px&#8221;][et_pb_column type=&#8221;1_3&#8243;][et_pb_text _builder_version=&#8221;3.22.7&#8243; text_text_shadow_horizontal_length=&#8221;text_text_shadow_style,%91object Object%93&#8243; text_text_shadow_vertical_length=&#8221;text_text_shadow_style,%91object Object%93&#8243; text_text_shadow_blur_strength=&#8221;text_text_shadow_style,%91object Object%93&#8243; link_text_shadow_horizontal_length=&#8221;link_text_shadow_style,%91object Object%93&#8243; link_text_shadow_vertical_length=&#8221;link_text_shadow_style,%91object Object%93&#8243; link_text_shadow_blur_strength=&#8221;link_text_shadow_style,%91object Object%93&#8243; ul_text_shadow_horizontal_length=&#8221;ul_text_shadow_style,%91object Object%93&#8243; ul_text_shadow_vertical_length=&#8221;ul_text_shadow_style,%91object Object%93&#8243; ul_text_shadow_blur_strength=&#8221;ul_text_shadow_style,%91object Object%93&#8243; ol_text_shadow_horizontal_length=&#8221;ol_text_shadow_style,%91object Object%93&#8243; ol_text_shadow_vertical_length=&#8221;ol_text_shadow_style,%91object Object%93&#8243; ol_text_shadow_blur_strength=&#8221;ol_text_shadow_style,%91object Object%93&#8243; quote_text_shadow_horizontal_length=&#8221;quote_text_shadow_style,%91object Object%93&#8243; quote_text_shadow_vertical_length=&#8221;quote_text_shadow_style,%91object Object%93&#8243; quote_text_shadow_blur_strength=&#8221;quote_text_shadow_style,%91object Object%93&#8243; header_text_shadow_horizontal_length=&#8221;header_text_shadow_style,%91object Object%93&#8243; header_text_shadow_vertical_length=&#8221;header_text_shadow_style,%91object Object%93&#8243; header_text_shadow_blur_strength=&#8221;header_text_shadow_style,%91object Object%93&#8243; header_2_text_shadow_horizontal_length=&#8221;header_2_text_shadow_style,%91object Object%93&#8243; header_2_text_shadow_vertical_length=&#8221;header_2_text_shadow_style,%91object Object%93&#8243; header_2_text_shadow_blur_strength=&#8221;header_2_text_shadow_style,%91object Object%93&#8243; header_3_text_shadow_horizontal_length=&#8221;header_3_text_shadow_style,%91object Object%93&#8243; header_3_text_shadow_vertical_length=&#8221;header_3_text_shadow_style,%91object Object%93&#8243; header_3_text_shadow_blur_strength=&#8221;header_3_text_shadow_style,%91object Object%93&#8243; header_4_text_shadow_horizontal_length=&#8221;header_4_text_shadow_style,%91object Object%93&#8243; header_4_text_shadow_vertical_length=&#8221;header_4_text_shadow_style,%91object Object%93&#8243; header_4_text_shadow_blur_strength=&#8221;header_4_text_shadow_style,%91object Object%93&#8243; header_5_text_shadow_horizontal_length=&#8221;header_5_text_shadow_style,%91object Object%93&#8243; header_5_text_shadow_vertical_length=&#8221;header_5_text_shadow_style,%91object Object%93&#8243; header_5_text_shadow_blur_strength=&#8221;header_5_text_shadow_style,%91object Object%93&#8243; header_6_text_shadow_horizontal_length=&#8221;header_6_text_shadow_style,%91object Object%93&#8243; header_6_text_shadow_vertical_length=&#8221;header_6_text_shadow_style,%91object Object%93&#8243; header_6_text_shadow_blur_strength=&#8221;header_6_text_shadow_style,%91object Object%93&#8243; z_index_tablet=&#8221;500&#8243;]<\/p>\n<h2 class=\"p1\">Chi \u00e8 Sanit\u00e0 Informazione<\/h2>\n<p>Sanit\u00e0 informazione \u00e8 un\u00a0<strong>provider ECM\u00a0<\/strong>(formazione continua in medicina) accreditato in Italia e Albania. \u00c8 leader in Italia nel mercato di corsi e-learning per la professione sanitaria e nel 2019 \u00e8 entrata nel mercato albanese con un prodotto dedicato.<\/p>\n<p>Presentato il 22 maggio a Tirana l\u2019ultimo traguardo della Sanit\u00e0 all\u2019appuntamento \u201c<strong>E-learning &amp; Blockchain: Formazione continua in Medicina<\/strong>\u201d.\u00a0<\/p>\n<p><a href=\"https:\/\/www.consulcesi.tech\/it\/blockchain-e-sanita-rama-primo-ministro-albanese-tecnologia-che-rivoluzionera-il-mondo\/\">Approfondisci\u00a0<\/a><\/p>\n<p>[\/et_pb_text][\/et_pb_column][et_pb_column type=&#8221;1_3&#8243;][et_pb_text _builder_version=&#8221;3.19.9&#8243;]<\/p>\n<h2 class=\"p1\">Obiettivo<\/h2>\n<p class=\"p1\">In Albania i professionisti sanitari sono obbligati per legge ad ottenere ogni anno un certo numero di crediti ECM in base alla loro specializzazione. La tecnologia pubblica Ethereum viene utilizzata per certificare il completamento dell&#8217;intero processo: dall&#8217;inizio del corso fino al test finale e alla certificazione di avvenuto completamento. Queste informazioni saranno quindi utilizzate come prova che tutti i requisiti di legge sono stati soddisfatti.<\/p>\n<p>[\/et_pb_text][\/et_pb_column][et_pb_column type=&#8221;1_3&#8243;][et_pb_text _builder_version=&#8221;3.19.9&#8243;]<\/p>\n<h2 class=\"p1\">Scopo del progetto<\/h2>\n<p>Saranno rese disponibili una serie di applicazioni e servizi web per interagire con uno Smart Contract. Ci\u00f2 convalider\u00e0 tutti i passaggi e li trasformer\u00e0 in transazioni basate su Blockchain.<\/p>\n<p>La blockchain quindi memorizzer\u00e0 i dati in nodi di rete distribuiti per rendere le informazioni sicure e immutabili.<\/p>\n<p>[\/et_pb_text][\/et_pb_column][\/et_pb_row][et_pb_row _builder_version=&#8221;3.19.9&#8243; width=&#8221;80%&#8221; max_width=&#8221;1080px&#8221;][et_pb_column type=&#8221;4_4&#8243;][et_pb_image src=&#8221;\/wp-content\/uploads\/SIF-spa_albania_processo-bc_MOCKUP_IT.png&#8221; align=&#8221;center&#8221; _builder_version=&#8221;3.19.15&#8243; module_alignment=&#8221;center&#8221; custom_padding=&#8221;0px|||&#8221; custom_css_main_element=&#8221;max-width:700px;&#8221;]<\/p>\n<p>[\/et_pb_image][et_pb_text _builder_version=&#8221;3.19.15&#8243;]<\/p>\n<h2 class=\"p1\" style=\"text-align: center;\">Vantaggi<\/h2>\n<p class=\"p2\" style=\"text-align: center;\">\n<p>[\/et_pb_text][et_pb_blurb use_icon=&#8221;on&#8221; font_icon=&#8221;%%45%%&#8221; icon_color=&#8221;#ff6e00&#8243; icon_placement=&#8221;left&#8221; use_icon_font_size=&#8221;on&#8221; icon_font_size=&#8221;45px&#8221; _builder_version=&#8221;3.19.15&#8243; body_text_color=&#8221;#848484&#8243; body_font_size=&#8221;16&#8243; custom_padding=&#8221;||15px|15px&#8221;]<\/p>\n<p>Il codice hash scritto sulla Blockchain garantir\u00e0 <b>l&#8217;autenticit\u00e0<\/b> dei certificati<\/p>\n<p>[\/et_pb_blurb][et_pb_blurb use_icon=&#8221;on&#8221; font_icon=&#8221;%%92%%&#8221; icon_color=&#8221;#ff6e00&#8243; icon_placement=&#8221;left&#8221; use_icon_font_size=&#8221;on&#8221; icon_font_size=&#8221;45px&#8221; _builder_version=&#8221;3.19.15&#8243; body_text_color=&#8221;#848484&#8243; body_font_size=&#8221;16&#8243; custom_padding=&#8221;||15px|15px&#8221;]<\/p>\n<p><b>Verifica in tempo reale<\/b>: tutti i vari passaggi possono essere verificati dopo pochi secondi<\/p>\n<p>[\/et_pb_blurb][et_pb_blurb use_icon=&#8221;on&#8221; font_icon=&#8221;%%93%%&#8221; icon_color=&#8221;#ff6e00&#8243; icon_placement=&#8221;left&#8221; use_icon_font_size=&#8221;on&#8221; icon_font_size=&#8221;45px&#8221; _builder_version=&#8221;3.19.15&#8243; body_text_color=&#8221;#848484&#8243; body_font_size=&#8221;16&#8243; custom_padding=&#8221;||15px|15px&#8221;]<\/p>\n<p>Tutte le certificazioni sono di <b>facile accesso <\/b>e sono <b>inviolabili<\/b><\/p>\n<p>[\/et_pb_blurb][\/et_pb_column][\/et_pb_row][\/et_pb_section]<\/p>\n","protected":false},"excerpt":{"rendered":"<p>Chi \u00e8 Sanit\u00e0 InformazioneSanit\u00e0 informazione \u00e8 un\u00a0provider ECM\u00a0(formazione continua in medicina) accreditato in Italia e Albania. \u00c8 leader in Italia nel mercato di corsi e-learning per la professione sanitaria e nel 2019 \u00e8 entrata nel mercato albanese con un prodotto dedicato.Presentato il 22 maggio a Tirana l\u2019ultimo traguardo della Sanit\u00e0 all\u2019appuntamento \u201cE-learning &amp; Blockchain: Formazione [&hellip;]<\/p>\n","protected":false},"author":1,"featured_media":0,"parent":12739,"menu_order":0,"comment_status":"closed","ping_status":"closed","template":"","meta":{"_et_pb_use_builder":"on","_et_pb_old_content":"","_et_gb_content_width":"","footnotes":""},"class_list":["post-7789","page","type-page","status-publish","hentry"],"yoast_head":"<!-- This site is optimized with the Yoast SEO plugin v27.0 - https:\/\/yoast.com\/product\/yoast-seo-wordpress\/ -->\n<title>E-Learning Chain - Consulcesi Tech<\/title>\n<meta name=\"robots\" content=\"index, follow, max-snippet:-1, max-image-preview:large, max-video-preview:-1\" \/>\n<link rel=\"canonical\" href=\"https:\/\/www.consulcesi.tech\/it\/progetti-blockchain\/healthcare\/e-learning-chain\/\" \/>\n<meta property=\"og:locale\" content=\"it_IT\" \/>\n<meta property=\"og:type\" content=\"article\" \/>\n<meta property=\"og:title\" content=\"E-Learning Chain - Consulcesi Tech\" \/>\n<meta property=\"og:description\" content=\"Chi \u00e8 Sanit\u00e0 InformazioneSanit\u00e0 informazione \u00e8 un\u00a0provider ECM\u00a0(formazione continua in medicina) accreditato in Italia e Albania. \u00c8 leader in Italia nel mercato di corsi e-learning per la professione sanitaria e nel 2019 \u00e8 entrata nel mercato albanese con un prodotto dedicato.Presentato il 22 maggio a Tirana l\u2019ultimo traguardo della Sanit\u00e0 all\u2019appuntamento \u201cE-learning &amp; Blockchain: Formazione [&hellip;]\" \/>\n<meta property=\"og:url\" content=\"https:\/\/www.consulcesi.tech\/it\/progetti-blockchain\/healthcare\/e-learning-chain\/\" \/>\n<meta property=\"og:site_name\" content=\"Consulcesi Tech\" \/>\n<meta property=\"article:modified_time\" content=\"2019-05-28T16:01:33+00:00\" \/>\n<meta name=\"twitter:card\" content=\"summary_large_image\" \/>\n<meta name=\"twitter:label1\" content=\"Tempo di lettura stimato\" \/>\n\t<meta name=\"twitter:data1\" content=\"5 minuti\" \/>\n<script type=\"application\/ld+json\" class=\"yoast-schema-graph\">{\"@context\":\"https:\/\/schema.org\",\"@graph\":[{\"@type\":\"WebPage\",\"@id\":\"https:\/\/www.consulcesi.tech\/it\/progetti-blockchain\/healthcare\/e-learning-chain\/\",\"url\":\"https:\/\/www.consulcesi.tech\/it\/progetti-blockchain\/healthcare\/e-learning-chain\/\",\"name\":\"E-Learning Chain - Consulcesi Tech\",\"isPartOf\":{\"@id\":\"https:\/\/www.consulcesi.tech\/it\/#website\"},\"datePublished\":\"2019-02-21T17:16:11+00:00\",\"dateModified\":\"2019-05-28T16:01:33+00:00\",\"breadcrumb\":{\"@id\":\"https:\/\/www.consulcesi.tech\/it\/progetti-blockchain\/healthcare\/e-learning-chain\/#breadcrumb\"},\"inLanguage\":\"it-IT\",\"potentialAction\":[{\"@type\":\"ReadAction\",\"target\":[\"https:\/\/www.consulcesi.tech\/it\/progetti-blockchain\/healthcare\/e-learning-chain\/\"]}]},{\"@type\":\"BreadcrumbList\",\"@id\":\"https:\/\/www.consulcesi.tech\/it\/progetti-blockchain\/healthcare\/e-learning-chain\/#breadcrumb\",\"itemListElement\":[{\"@type\":\"ListItem\",\"position\":1,\"name\":\"Home\",\"item\":\"https:\/\/www.consulcesi.tech\/it\/\"},{\"@type\":\"ListItem\",\"position\":2,\"name\":\"Progetti Blockchain\",\"item\":\"https:\/\/www.consulcesi.tech\/it\/progetti-blockchain\/\"},{\"@type\":\"ListItem\",\"position\":3,\"name\":\"Healthcare\",\"item\":\"https:\/\/www.consulcesi.tech\/it\/progetti-blockchain\/healthcare\/\"},{\"@type\":\"ListItem\",\"position\":4,\"name\":\"E-Learning Chain\"}]},{\"@type\":\"WebSite\",\"@id\":\"https:\/\/www.consulcesi.tech\/it\/#website\",\"url\":\"https:\/\/www.consulcesi.tech\/it\/\",\"name\":\"Consulcesi Tech\",\"description\":\"Where new technologies born\",\"potentialAction\":[{\"@type\":\"SearchAction\",\"target\":{\"@type\":\"EntryPoint\",\"urlTemplate\":\"https:\/\/www.consulcesi.tech\/it\/?s={search_term_string}\"},\"query-input\":{\"@type\":\"PropertyValueSpecification\",\"valueRequired\":true,\"valueName\":\"search_term_string\"}}],\"inLanguage\":\"it-IT\"}]}<\/script>\n<!-- \/ Yoast SEO plugin. -->","yoast_head_json":{"title":"E-Learning Chain - Consulcesi Tech","robots":{"index":"index","follow":"follow","max-snippet":"max-snippet:-1","max-image-preview":"max-image-preview:large","max-video-preview":"max-video-preview:-1"},"canonical":"https:\/\/www.consulcesi.tech\/it\/progetti-blockchain\/healthcare\/e-learning-chain\/","og_locale":"it_IT","og_type":"article","og_title":"E-Learning Chain - Consulcesi Tech","og_description":"Chi \u00e8 Sanit\u00e0 InformazioneSanit\u00e0 informazione \u00e8 un\u00a0provider ECM\u00a0(formazione continua in medicina) accreditato in Italia e Albania. \u00c8 leader in Italia nel mercato di corsi e-learning per la professione sanitaria e nel 2019 \u00e8 entrata nel mercato albanese con un prodotto dedicato.Presentato il 22 maggio a Tirana l\u2019ultimo traguardo della Sanit\u00e0 all\u2019appuntamento \u201cE-learning &amp; Blockchain: Formazione [&hellip;]","og_url":"https:\/\/www.consulcesi.tech\/it\/progetti-blockchain\/healthcare\/e-learning-chain\/","og_site_name":"Consulcesi Tech","article_modified_time":"2019-05-28T16:01:33+00:00","twitter_card":"summary_large_image","twitter_misc":{"Tempo di lettura stimato":"5 minuti"},"schema":{"@context":"https:\/\/schema.org","@graph":[{"@type":"WebPage","@id":"https:\/\/www.consulcesi.tech\/it\/progetti-blockchain\/healthcare\/e-learning-chain\/","url":"https:\/\/www.consulcesi.tech\/it\/progetti-blockchain\/healthcare\/e-learning-chain\/","name":"E-Learning Chain - Consulcesi Tech","isPartOf":{"@id":"https:\/\/www.consulcesi.tech\/it\/#website"},"datePublished":"2019-02-21T17:16:11+00:00","dateModified":"2019-05-28T16:01:33+00:00","breadcrumb":{"@id":"https:\/\/www.consulcesi.tech\/it\/progetti-blockchain\/healthcare\/e-learning-chain\/#breadcrumb"},"inLanguage":"it-IT","potentialAction":[{"@type":"ReadAction","target":["https:\/\/www.consulcesi.tech\/it\/progetti-blockchain\/healthcare\/e-learning-chain\/"]}]},{"@type":"BreadcrumbList","@id":"https:\/\/www.consulcesi.tech\/it\/progetti-blockchain\/healthcare\/e-learning-chain\/#breadcrumb","itemListElement":[{"@type":"ListItem","position":1,"name":"Home","item":"https:\/\/www.consulcesi.tech\/it\/"},{"@type":"ListItem","position":2,"name":"Progetti Blockchain","item":"https:\/\/www.consulcesi.tech\/it\/progetti-blockchain\/"},{"@type":"ListItem","position":3,"name":"Healthcare","item":"https:\/\/www.consulcesi.tech\/it\/progetti-blockchain\/healthcare\/"},{"@type":"ListItem","position":4,"name":"E-Learning Chain"}]},{"@type":"WebSite","@id":"https:\/\/www.consulcesi.tech\/it\/#website","url":"https:\/\/www.consulcesi.tech\/it\/","name":"Consulcesi Tech","description":"Where new technologies born","potentialAction":[{"@type":"SearchAction","target":{"@type":"EntryPoint","urlTemplate":"https:\/\/www.consulcesi.tech\/it\/?s={search_term_string}"},"query-input":{"@type":"PropertyValueSpecification","valueRequired":true,"valueName":"search_term_string"}}],"inLanguage":"it-IT"}]}},"_links":{"self":[{"href":"https:\/\/www.consulcesi.tech\/it\/wp-json\/wp\/v2\/pages\/7789","targetHints":{"allow":["GET"]}}],"collection":[{"href":"https:\/\/www.consulcesi.tech\/it\/wp-json\/wp\/v2\/pages"}],"about":[{"href":"https:\/\/www.consulcesi.tech\/it\/wp-json\/wp\/v2\/types\/page"}],"author":[{"embeddable":true,"href":"https:\/\/www.consulcesi.tech\/it\/wp-json\/wp\/v2\/users\/1"}],"replies":[{"embeddable":true,"href":"https:\/\/www.consulcesi.tech\/it\/wp-json\/wp\/v2\/comments?post=7789"}],"version-history":[{"count":7,"href":"https:\/\/www.consulcesi.tech\/it\/wp-json\/wp\/v2\/pages\/7789\/revisions"}],"predecessor-version":[{"id":10323,"href":"https:\/\/www.consulcesi.tech\/it\/wp-json\/wp\/v2\/pages\/7789\/revisions\/10323"}],"up":[{"embeddable":true,"href":"https:\/\/www.consulcesi.tech\/it\/wp-json\/wp\/v2\/pages\/12739"}],"wp:attachment":[{"href":"https:\/\/www.consulcesi.tech\/it\/wp-json\/wp\/v2\/media?parent=7789"}],"curies":[{"name":"wp","href":"https:\/\/api.w.org\/{rel}","templated":true}]}}