{"id":7787,"date":"2019-02-21T18:13:35","date_gmt":"2019-02-21T17:13:35","guid":{"rendered":"https:\/\/www.consulcesi.tech\/music-streaming-chain\/"},"modified":"2019-03-25T17:14:26","modified_gmt":"2019-03-25T16:14:26","slug":"music-streaming-chain","status":"publish","type":"page","link":"https:\/\/www.consulcesi.tech\/it\/progetti-blockchain\/music-streaming-chain\/","title":{"rendered":"Music Streaming Chain"},"content":{"rendered":"<p>[et_pb_section fb_built=&#8221;1&#8243; fullwidth=&#8221;on&#8221; next_background_color=&#8221;#ffffff&#8221; _builder_version=&#8221;3.19.9&#8243; background_image=&#8221;\/wp-content\/uploads\/music-streaming-chain-bg.jpg&#8221;][et_pb_fullwidth_header title=&#8221;Music Streaming&#8221; text_orientation=&#8221;center&#8221; scroll_down_icon_color=&#8221;#ffffff&#8221; scroll_down_icon_size=&#8221;40px&#8221; logo_image_url=&#8221;\/wp-content\/uploads\/rehegoo.png&#8221; _builder_version=&#8221;3.19.15&#8243; title_font=&#8221;|300|||||||&#8221; title_font_size=&#8221;44px&#8221; title_text_shadow_style=&#8221;preset3&#8243; title_text_shadow_color=&#8221;rgba(47,58,100,0.4)&#8221; background_color=&#8221;rgba(47,58,100,0.8)&#8221; background_color_gradient_direction=&#8221;90deg&#8221; animation_style=&#8221;flip&#8221; custom_css_logo=&#8221;max-height:60px;||margin-bottom:20px;&#8221;]<br \/>\n[\/et_pb_fullwidth_header][\/et_pb_section][et_pb_section fb_built=&#8221;1&#8243; prev_background_color=&#8221;#000000&#8243; _builder_version=&#8221;3.0.47&#8243;][et_pb_row _builder_version=&#8221;3.0.48&#8243; background_size=&#8221;initial&#8221; background_position=&#8221;top_left&#8221; background_repeat=&#8221;repeat&#8221;][et_pb_column type=&#8221;1_3&#8243; _builder_version=&#8221;3.0.47&#8243;][et_pb_text _builder_version=&#8221;3.19.9&#8243; header_2_text_color=&#8221;#42508e&#8221;]<\/p>\n<h2 class=\"p1\">Chi \u00e8 Rehegoo<\/h2>\n<p class=\"p1\"><span class=\"s1\"><b>Rehegoo Music Group <\/b>\u00e8 un editore musicale specializzato nella produzione e distribuzione del lavoro musicale di artisti emergenti<\/span><span class=\"s1\">. <\/span><\/p>\n<p>[\/et_pb_text][\/et_pb_column][et_pb_column type=&#8221;1_3&#8243; _builder_version=&#8221;3.0.47&#8243;][et_pb_text _builder_version=&#8221;3.19.9&#8243; header_2_text_color=&#8221;#42508e&#8221;]<\/p>\n<h2 class=\"p1\">Obiettivi<\/h2>\n<p class=\"p1\"><span class=\"s1\">Lo scopo di questa collaborazione \u00e8 quello di risolvere i <b>problemi<\/b> a cui sono soggetti gli <b>artisti<\/b>, sorti a seguito dell\u2019avvento delle piattaforme di streaming, e della situazione con le <b>societ\u00e0 di gestione collettiva dei diritti d\u2019autore.<\/b><\/span><\/p>\n<p>[\/et_pb_text][\/et_pb_column][et_pb_column type=&#8221;1_3&#8243; _builder_version=&#8221;3.0.47&#8243;][et_pb_text _builder_version=&#8221;3.19.9&#8243; header_2_text_color=&#8221;#42508e&#8221;]<\/p>\n<h2 class=\"p1\">Scopo del progetto<\/h2>\n<p class=\"p1\"><span class=\"s1\">Il progetto nasce con lo scopo di <b>tutelare il copyright <\/b>e il <b>Diritto d\u2019Autore <\/b>applicando la tecnologia <b>Blockchain<\/b>, e trovare una soluzione alle seguenti problematiche:<\/span><\/p>\n<p>[\/et_pb_text][\/et_pb_column][\/et_pb_row][et_pb_row custom_margin=&#8221;40px|||&#8221; _builder_version=&#8221;3.19.15&#8243;][et_pb_column type=&#8221;4_4&#8243; _builder_version=&#8221;3.0.47&#8243;][et_pb_text _builder_version=&#8221;3.19.15&#8243; header_2_text_color=&#8221;#42508e&#8221; text_orientation=&#8221;center&#8221;]<\/p>\n<h2 class=\"p1\" style=\"text-align: center;\">Perch\u00e9 la blockchain \u00e8 cos\u00ec importante per l&#8217;industria musicale?<\/h2>\n<p>[\/et_pb_text][\/et_pb_column][\/et_pb_row][et_pb_row _builder_version=&#8221;3.19.9&#8243;][et_pb_column type=&#8221;1_3&#8243; _builder_version=&#8221;3.0.47&#8243;][et_pb_blurb use_icon=&#8221;on&#8221; font_icon=&#8221;%%158%%&#8221; icon_color=&#8221;#ffffff&#8221; use_circle=&#8221;on&#8221; icon_placement=&#8221;left&#8221; _builder_version=&#8221;3.19.9&#8243; body_font=&#8221;Rajdhani|600|||||||&#8221; body_text_color=&#8221;#848484&#8243;]<\/p>\n<p class=\"p1\"><span class=\"s1\">Il fatturato dell\u2019industria musicale cresce ma gli artisti non guadagnano abbastanza<\/span><\/p>\n<p>[\/et_pb_blurb][\/et_pb_column][et_pb_column type=&#8221;1_3&#8243; _builder_version=&#8221;3.0.47&#8243;][et_pb_blurb use_icon=&#8221;on&#8221; font_icon=&#8221;%%175%%&#8221; icon_color=&#8221;#ffffff&#8221; use_circle=&#8221;on&#8221; icon_placement=&#8221;left&#8221; _builder_version=&#8221;3.19.9&#8243; body_font=&#8221;Rajdhani|600|||||||&#8221; body_text_color=&#8221;#848484&#8243;]<\/p>\n<p class=\"p1\"><span class=\"s1\">Sono necessari milioni di stream e visualizzazioni per garantire un compenso equo ad autori e titolari dei diritti <\/span><\/p>\n<p>[\/et_pb_blurb][\/et_pb_column][et_pb_column type=&#8221;1_3&#8243; _builder_version=&#8221;3.0.47&#8243;][et_pb_blurb use_icon=&#8221;on&#8221; font_icon=&#8221;%%132%%&#8221; icon_color=&#8221;#ffffff&#8221; use_circle=&#8221;on&#8221; icon_placement=&#8221;left&#8221; _builder_version=&#8221;3.19.9&#8243; body_font=&#8221;Rajdhani|600|||||||&#8221; body_text_color=&#8221;#848484&#8243;]<\/p>\n<p class=\"p1\"><span class=\"s1\">Societ\u00e0 di riscossione delle royalty danno priorit\u00e0 ai loro investimenti piuttosto che a remunerare gli artisti<\/span><\/p>\n<p>[\/et_pb_blurb][\/et_pb_column][\/et_pb_row][et_pb_row _builder_version=&#8221;3.19.9&#8243;][et_pb_column type=&#8221;1_3&#8243; _builder_version=&#8221;3.0.47&#8243;][et_pb_blurb use_icon=&#8221;on&#8221; font_icon=&#8221;%%84%%&#8221; icon_color=&#8221;#ffffff&#8221; use_circle=&#8221;on&#8221; icon_placement=&#8221;left&#8221; _builder_version=&#8221;3.19.9&#8243; body_font=&#8221;Rajdhani|600|||||||&#8221; body_text_color=&#8221;#848484&#8243;]<\/p>\n<p class=\"p1\"><span class=\"s1\">Carenza di controllo da parte delle agenzie di tutela dei diritti<\/span><\/p>\n<p>[\/et_pb_blurb][\/et_pb_column][et_pb_column type=&#8221;1_3&#8243; _builder_version=&#8221;3.0.47&#8243;][et_pb_blurb use_icon=&#8221;on&#8221; font_icon=&#8221;%%164%%&#8221; icon_color=&#8221;#ffffff&#8221; use_circle=&#8221;on&#8221; icon_placement=&#8221;left&#8221; _builder_version=&#8221;3.19.9&#8243; body_font=&#8221;Rajdhani|600|||||||&#8221; body_text_color=&#8221;#848484&#8243;]<\/p>\n<p class=\"p1\"><span class=\"s1\">In molti Paesi non sono presenti strutture adeguate per riscuotere I diritti d\u2019autore<\/span><\/p>\n<p>[\/et_pb_blurb][\/et_pb_column][et_pb_column type=&#8221;1_3&#8243; _builder_version=&#8221;3.0.47&#8243;][et_pb_blurb use_icon=&#8221;on&#8221; font_icon=&#8221;%%156%%&#8221; icon_color=&#8221;#ffffff&#8221; use_circle=&#8221;on&#8221; icon_placement=&#8221;left&#8221; _builder_version=&#8221;3.19.9&#8243; body_font=&#8221;Rajdhani|600|||||||&#8221; body_text_color=&#8221;#848484&#8243;]<\/p>\n<p class=\"p1\"><span class=\"s1\">La mancanza di capacit\u00e0 di valutare a priori l\u2019IP da parte delle industrie non permette loro di massimizzare i profitti<\/span><\/p>\n<p>[\/et_pb_blurb][\/et_pb_column][\/et_pb_row][et_pb_row custom_margin=&#8221;40px|||&#8221; _builder_version=&#8221;3.19.15&#8243; background_size=&#8221;initial&#8221; background_position=&#8221;top_left&#8221; background_repeat=&#8221;repeat&#8221;][et_pb_column type=&#8221;4_4&#8243; _builder_version=&#8221;3.0.47&#8243;][et_pb_text _builder_version=&#8221;3.19.15&#8243; text_font=&#8221;||||||||&#8221; header_2_text_color=&#8221;#42508e&#8221; text_orientation=&#8221;center&#8221;]<\/p>\n<h2 class=\"p1\">Vantaggi<\/h2>\n<p class=\"p1\"><span class=\"s1\"> Queste le soluzioni principali che Consulcesi Tech e Rehegoo si prefiggono di affrontare: <\/span><\/p>\n<p class=\"p2\">\n<p>[\/et_pb_text][et_pb_blurb use_icon=&#8221;on&#8221; font_icon=&#8221;%%97%%&#8221; icon_color=&#8221;#ff6e00&#8243; icon_placement=&#8221;left&#8221; use_icon_font_size=&#8221;on&#8221; icon_font_size=&#8221;45px&#8221; _builder_version=&#8221;3.19.15&#8243; body_font=&#8221;||||||||&#8221; body_text_color=&#8221;#848484&#8243; body_font_size=&#8221;16px&#8221; custom_padding=&#8221;||15px&#8221;]<\/p>\n<p class=\"p1\"><span class=\"s1\">Compenso equo per gli artisti, che potranno caricare direttamente la musica ed essere regolamentati da uno Smart Contract che regola il Prezzo<\/span><\/p>\n<p>[\/et_pb_blurb][et_pb_blurb use_icon=&#8221;on&#8221; font_icon=&#8221;%%113%%&#8221; icon_color=&#8221;#ff6e00&#8243; icon_placement=&#8221;left&#8221; use_icon_font_size=&#8221;on&#8221; icon_font_size=&#8221;45px&#8221; _builder_version=&#8221;3.19.9&#8243; body_font=&#8221;||||||||&#8221; body_text_color=&#8221;#848484&#8243; body_font_size=&#8221;16px&#8221; custom_padding=&#8221;||15px&#8221;]<\/p>\n<p class=\"p1\"><span class=\"s1\">Pagamenti affidabili per tutte le parti coinvolte grazie ad un Music Coin, un token che sar\u00e0 introdotto in tutte le operazioni di pagamento<\/span><\/p>\n<p>[\/et_pb_blurb][et_pb_blurb use_icon=&#8221;on&#8221; font_icon=&#8221;%%377%%&#8221; icon_color=&#8221;#ff6e00&#8243; icon_placement=&#8221;left&#8221; use_icon_font_size=&#8221;on&#8221; icon_font_size=&#8221;45px&#8221; _builder_version=&#8221;3.19.9&#8243; body_font=&#8221;||||||||&#8221; body_text_color=&#8221;#848484&#8243; body_font_size=&#8221;16px&#8221; custom_padding=&#8221;||15px&#8221;]<\/p>\n<p class=\"p1\"><span class=\"s1\">Nuova infrastruttura per l\u2019intera industria musicale, pi\u00f9 giusta e accessibile<\/span><\/p>\n<p>[\/et_pb_blurb][et_pb_blurb use_icon=&#8221;on&#8221; font_icon=&#8221;%%259%%&#8221; icon_color=&#8221;#ff6e00&#8243; icon_placement=&#8221;left&#8221; use_icon_font_size=&#8221;on&#8221; icon_font_size=&#8221;45px&#8221; _builder_version=&#8221;3.19.9&#8243; body_font=&#8221;||||||||&#8221; body_text_color=&#8221;#848484&#8243; body_font_size=&#8221;16px&#8221; custom_padding=&#8221;||15px&#8221;]<\/p>\n<p class=\"p1\"><span class=\"s1\">Creazione di una community attiva di utenti che verranno premiati ogni volta che voteranno i contenuti musicali nel Music Space<\/span><\/p>\n<p>[\/et_pb_blurb][et_pb_blurb use_icon=&#8221;on&#8221; font_icon=&#8221;%%126%%&#8221; icon_color=&#8221;#ff6e00&#8243; icon_placement=&#8221;left&#8221; use_icon_font_size=&#8221;on&#8221; icon_font_size=&#8221;45px&#8221; _builder_version=&#8221;3.19.18&#8243; body_font=&#8221;||||||||&#8221; body_text_color=&#8221;#848484&#8243; body_font_size=&#8221;16px&#8221; custom_padding=&#8221;||15px&#8221;]<\/p>\n<p class=\"p1\"><span class=\"s1\">Creazione di nuovi posti di lavoro e opportunit\u00e0 per artisti emergenti<\/span><\/p>\n<p>[\/et_pb_blurb][\/et_pb_column][\/et_pb_row][\/et_pb_section]<\/p>\n","protected":false},"excerpt":{"rendered":"<p>Chi \u00e8 Rehegoo Rehegoo Music Group \u00e8 un editore musicale specializzato nella produzione e distribuzione del lavoro musicale di artisti emergenti. Obiettivi Lo scopo di questa collaborazione \u00e8 quello di risolvere i problemi a cui sono soggetti gli artisti, sorti a seguito dell\u2019avvento delle piattaforme di streaming, e della situazione con le societ\u00e0 di gestione [&hellip;]<\/p>\n","protected":false},"author":1,"featured_media":0,"parent":7796,"menu_order":0,"comment_status":"closed","ping_status":"closed","template":"","meta":{"_et_pb_use_builder":"on","_et_pb_old_content":"","_et_gb_content_width":"","footnotes":""},"class_list":["post-7787","page","type-page","status-publish","hentry"],"yoast_head":"<!-- This site is optimized with the Yoast SEO plugin v27.0 - https:\/\/yoast.com\/product\/yoast-seo-wordpress\/ -->\n<title>Music Streaming Chain - Consulcesi Tech<\/title>\n<meta name=\"robots\" content=\"index, follow, max-snippet:-1, max-image-preview:large, max-video-preview:-1\" \/>\n<link rel=\"canonical\" href=\"https:\/\/www.consulcesi.tech\/it\/progetti-blockchain\/music-streaming-chain\/\" \/>\n<meta property=\"og:locale\" content=\"it_IT\" \/>\n<meta property=\"og:type\" content=\"article\" \/>\n<meta property=\"og:title\" content=\"Music Streaming Chain - Consulcesi Tech\" \/>\n<meta property=\"og:description\" content=\"Chi \u00e8 Rehegoo Rehegoo Music Group \u00e8 un editore musicale specializzato nella produzione e distribuzione del lavoro musicale di artisti emergenti. Obiettivi Lo scopo di questa collaborazione \u00e8 quello di risolvere i problemi a cui sono soggetti gli artisti, sorti a seguito dell\u2019avvento delle piattaforme di streaming, e della situazione con le societ\u00e0 di gestione [&hellip;]\" \/>\n<meta property=\"og:url\" content=\"https:\/\/www.consulcesi.tech\/it\/progetti-blockchain\/music-streaming-chain\/\" \/>\n<meta property=\"og:site_name\" content=\"Consulcesi Tech\" \/>\n<meta property=\"article:modified_time\" content=\"2019-03-25T16:14:26+00:00\" \/>\n<meta name=\"twitter:card\" content=\"summary_large_image\" \/>\n<meta name=\"twitter:label1\" content=\"Tempo di lettura stimato\" \/>\n\t<meta name=\"twitter:data1\" content=\"5 minuti\" \/>\n<script type=\"application\/ld+json\" class=\"yoast-schema-graph\">{\"@context\":\"https:\/\/schema.org\",\"@graph\":[{\"@type\":\"WebPage\",\"@id\":\"https:\/\/www.consulcesi.tech\/it\/progetti-blockchain\/music-streaming-chain\/\",\"url\":\"https:\/\/www.consulcesi.tech\/it\/progetti-blockchain\/music-streaming-chain\/\",\"name\":\"Music Streaming Chain - Consulcesi Tech\",\"isPartOf\":{\"@id\":\"https:\/\/www.consulcesi.tech\/it\/#website\"},\"datePublished\":\"2019-02-21T17:13:35+00:00\",\"dateModified\":\"2019-03-25T16:14:26+00:00\",\"breadcrumb\":{\"@id\":\"https:\/\/www.consulcesi.tech\/it\/progetti-blockchain\/music-streaming-chain\/#breadcrumb\"},\"inLanguage\":\"it-IT\",\"potentialAction\":[{\"@type\":\"ReadAction\",\"target\":[\"https:\/\/www.consulcesi.tech\/it\/progetti-blockchain\/music-streaming-chain\/\"]}]},{\"@type\":\"BreadcrumbList\",\"@id\":\"https:\/\/www.consulcesi.tech\/it\/progetti-blockchain\/music-streaming-chain\/#breadcrumb\",\"itemListElement\":[{\"@type\":\"ListItem\",\"position\":1,\"name\":\"Home\",\"item\":\"https:\/\/www.consulcesi.tech\/it\/\"},{\"@type\":\"ListItem\",\"position\":2,\"name\":\"Progetti Blockchain\",\"item\":\"https:\/\/www.consulcesi.tech\/it\/progetti-blockchain\/\"},{\"@type\":\"ListItem\",\"position\":3,\"name\":\"Music Streaming Chain\"}]},{\"@type\":\"WebSite\",\"@id\":\"https:\/\/www.consulcesi.tech\/it\/#website\",\"url\":\"https:\/\/www.consulcesi.tech\/it\/\",\"name\":\"Consulcesi Tech\",\"description\":\"Where new technologies born\",\"potentialAction\":[{\"@type\":\"SearchAction\",\"target\":{\"@type\":\"EntryPoint\",\"urlTemplate\":\"https:\/\/www.consulcesi.tech\/it\/?s={search_term_string}\"},\"query-input\":{\"@type\":\"PropertyValueSpecification\",\"valueRequired\":true,\"valueName\":\"search_term_string\"}}],\"inLanguage\":\"it-IT\"}]}<\/script>\n<!-- \/ Yoast SEO plugin. -->","yoast_head_json":{"title":"Music Streaming Chain - Consulcesi Tech","robots":{"index":"index","follow":"follow","max-snippet":"max-snippet:-1","max-image-preview":"max-image-preview:large","max-video-preview":"max-video-preview:-1"},"canonical":"https:\/\/www.consulcesi.tech\/it\/progetti-blockchain\/music-streaming-chain\/","og_locale":"it_IT","og_type":"article","og_title":"Music Streaming Chain - Consulcesi Tech","og_description":"Chi \u00e8 Rehegoo Rehegoo Music Group \u00e8 un editore musicale specializzato nella produzione e distribuzione del lavoro musicale di artisti emergenti. Obiettivi Lo scopo di questa collaborazione \u00e8 quello di risolvere i problemi a cui sono soggetti gli artisti, sorti a seguito dell\u2019avvento delle piattaforme di streaming, e della situazione con le societ\u00e0 di gestione [&hellip;]","og_url":"https:\/\/www.consulcesi.tech\/it\/progetti-blockchain\/music-streaming-chain\/","og_site_name":"Consulcesi Tech","article_modified_time":"2019-03-25T16:14:26+00:00","twitter_card":"summary_large_image","twitter_misc":{"Tempo di lettura stimato":"5 minuti"},"schema":{"@context":"https:\/\/schema.org","@graph":[{"@type":"WebPage","@id":"https:\/\/www.consulcesi.tech\/it\/progetti-blockchain\/music-streaming-chain\/","url":"https:\/\/www.consulcesi.tech\/it\/progetti-blockchain\/music-streaming-chain\/","name":"Music Streaming Chain - Consulcesi Tech","isPartOf":{"@id":"https:\/\/www.consulcesi.tech\/it\/#website"},"datePublished":"2019-02-21T17:13:35+00:00","dateModified":"2019-03-25T16:14:26+00:00","breadcrumb":{"@id":"https:\/\/www.consulcesi.tech\/it\/progetti-blockchain\/music-streaming-chain\/#breadcrumb"},"inLanguage":"it-IT","potentialAction":[{"@type":"ReadAction","target":["https:\/\/www.consulcesi.tech\/it\/progetti-blockchain\/music-streaming-chain\/"]}]},{"@type":"BreadcrumbList","@id":"https:\/\/www.consulcesi.tech\/it\/progetti-blockchain\/music-streaming-chain\/#breadcrumb","itemListElement":[{"@type":"ListItem","position":1,"name":"Home","item":"https:\/\/www.consulcesi.tech\/it\/"},{"@type":"ListItem","position":2,"name":"Progetti Blockchain","item":"https:\/\/www.consulcesi.tech\/it\/progetti-blockchain\/"},{"@type":"ListItem","position":3,"name":"Music Streaming Chain"}]},{"@type":"WebSite","@id":"https:\/\/www.consulcesi.tech\/it\/#website","url":"https:\/\/www.consulcesi.tech\/it\/","name":"Consulcesi Tech","description":"Where new technologies born","potentialAction":[{"@type":"SearchAction","target":{"@type":"EntryPoint","urlTemplate":"https:\/\/www.consulcesi.tech\/it\/?s={search_term_string}"},"query-input":{"@type":"PropertyValueSpecification","valueRequired":true,"valueName":"search_term_string"}}],"inLanguage":"it-IT"}]}},"_links":{"self":[{"href":"https:\/\/www.consulcesi.tech\/it\/wp-json\/wp\/v2\/pages\/7787","targetHints":{"allow":["GET"]}}],"collection":[{"href":"https:\/\/www.consulcesi.tech\/it\/wp-json\/wp\/v2\/pages"}],"about":[{"href":"https:\/\/www.consulcesi.tech\/it\/wp-json\/wp\/v2\/types\/page"}],"author":[{"embeddable":true,"href":"https:\/\/www.consulcesi.tech\/it\/wp-json\/wp\/v2\/users\/1"}],"replies":[{"embeddable":true,"href":"https:\/\/www.consulcesi.tech\/it\/wp-json\/wp\/v2\/comments?post=7787"}],"version-history":[{"count":3,"href":"https:\/\/www.consulcesi.tech\/it\/wp-json\/wp\/v2\/pages\/7787\/revisions"}],"predecessor-version":[{"id":8958,"href":"https:\/\/www.consulcesi.tech\/it\/wp-json\/wp\/v2\/pages\/7787\/revisions\/8958"}],"up":[{"embeddable":true,"href":"https:\/\/www.consulcesi.tech\/it\/wp-json\/wp\/v2\/pages\/7796"}],"wp:attachment":[{"href":"https:\/\/www.consulcesi.tech\/it\/wp-json\/wp\/v2\/media?parent=7787"}],"curies":[{"name":"wp","href":"https:\/\/api.w.org\/{rel}","templated":true}]}}