{"id":6903,"date":"2019-02-14T16:12:32","date_gmt":"2019-02-14T15:12:32","guid":{"rendered":"https:\/\/www.consulcesi.tech\/contattaci\/"},"modified":"2026-03-19T10:32:31","modified_gmt":"2026-03-19T09:32:31","slug":"contattaci","status":"publish","type":"page","link":"https:\/\/www.consulcesi.tech\/it\/contattaci\/","title":{"rendered":"Contattaci"},"content":{"rendered":"<p>[et_pb_section fb_built=&#8221;1&#8243; fullwidth=&#8221;on&#8221; _builder_version=&#8221;4.16&#8243; background_image=&#8221;\/wp-content\/uploads\/header-bg.jpg&#8221; global_colors_info=&#8221;{}&#8221;][et_pb_fullwidth_header title=&#8221;Restiamo in contatto&#8221; text_orientation=&#8221;center&#8221; _builder_version=&#8221;4.16&#8243; title_font=&#8221;|300|||||||&#8221; title_font_size=&#8221;44px&#8221; background_color=&#8221;rgba(47,58,100,0.8)&#8221; background_color_gradient_direction=&#8221;90deg&#8221; animation_style=&#8221;flip&#8221; title_text_shadow_style=&#8221;preset3&#8243; title_text_shadow_color=&#8221;rgba(47,58,100,0.4)&#8221; global_colors_info=&#8221;{}&#8221;][\/et_pb_fullwidth_header][\/et_pb_section][et_pb_section fb_built=&#8221;1&#8243; module_id=&#8221;contactus&#8221; _builder_version=&#8221;4.16&#8243; use_background_color_gradient=&#8221;on&#8221; background_color_gradient_direction=&#8221;1deg&#8221; background_color_gradient_stops=&#8221;#d8d8d8 0%|#ffffff 65%&#8221; background_color_gradient_start=&#8221;#d8d8d8&#8243; background_color_gradient_end=&#8221;#ffffff&#8221; background_color_gradient_end_position=&#8221;65%&#8221; background_image=&#8221;\/wp-content\/uploads\/contact-bg.jpg&#8221; background_position=&#8221;bottom_center&#8221; custom_padding=&#8221;100px|0px|100px|0px&#8221; global_colors_info=&#8221;{}&#8221;][et_pb_row disabled_on=&#8221;on|on|on&#8221; _builder_version=&#8221;4.16&#8243; disabled=&#8221;on&#8221; global_colors_info=&#8221;{}&#8221;][et_pb_column type=&#8221;4_4&#8243; _builder_version=&#8221;4.16&#8243; custom_padding=&#8221;|||&#8221; global_colors_info=&#8221;{}&#8221; custom_padding__hover=&#8221;|||&#8221;][et_pb_text disabled_on=&#8221;off|off|off&#8221; _builder_version=&#8221;4.16&#8243; header_2_text_align=&#8221;center&#8221; header_2_text_color=&#8221;#42508e&#8221; header_2_font_size=&#8221;45px&#8221; animation_style=&#8221;slide&#8221; animation_direction=&#8221;bottom&#8221; global_colors_info=&#8221;{}&#8221;]<\/p>\n<h2>Restiamo in contatto<\/h2>\n<p>&nbsp;<\/p>\n<p>[\/et_pb_text][\/et_pb_column][\/et_pb_row][et_pb_row column_structure=&#8221;1_2,1_2&#8243; _builder_version=&#8221;4.16&#8243; global_colors_info=&#8221;{}&#8221;][et_pb_column type=&#8221;1_2&#8243; _builder_version=&#8221;4.16&#8243; custom_padding=&#8221;|||&#8221; global_colors_info=&#8221;{}&#8221; custom_padding__hover=&#8221;|||&#8221;][et_pb_text module_id=&#8221;contact-text&#8221; _builder_version=&#8221;4.16&#8243; text_font=&#8221;||||||||&#8221; text_text_color=&#8221;#2b2b2b&#8221; text_font_size=&#8221;13px&#8221; header_font=&#8221;Quicksand||||||||&#8221; header_3_font=&#8221;Quicksand||||||||&#8221; header_3_text_color=&#8221;#2b2b2b&#8221; header_4_font=&#8221;Quicksand|500|||||||&#8221; header_4_text_color=&#8221;#42508e&#8221; header_4_font_size=&#8221;19px&#8221; background_layout=&#8221;dark&#8221; custom_padding=&#8221;14px|||&#8221; animation_style=&#8221;slide&#8221; animation_direction=&#8221;bottom&#8221; global_colors_info=&#8221;{}&#8221;]<\/p>\n<h4>Dove siamo<\/h4>\n<p>&nbsp;<\/p>\n<p>[\/et_pb_text][et_pb_blurb image=&#8221;\/wp-content\/uploads\/swiss.jpg&#8221; icon_placement=&#8221;left&#8221; module_class=&#8221;flag-image&#8221; _builder_version=&#8221;4.16&#8243; body_font=&#8221;||||||||&#8221; body_text_color=&#8221;#2b2b2b&#8221; body_line_height=&#8221;1.4em&#8221; custom_padding=&#8221;|||&#8221; animation_style=&#8221;fade&#8221; animation_direction=&#8221;left&#8221; animation_delay=&#8221;350ms&#8221; border_color_all=&#8221;#c0e6ff&#8221; border_width_all_image=&#8221;1px&#8221; border_color_all_image=&#8221;#ffffff&#8221; global_colors_info=&#8221;{}&#8221;]<\/p>\n<p>\nVia Giuseppe Motta, 6<br \/>\n6828 Balerna \u2013 Switzerland<\/p>\n<p>&nbsp;<\/p>\n<p>[\/et_pb_blurb][et_pb_blurb image=&#8221;\/wp-content\/uploads\/italy.jpg&#8221; icon_placement=&#8221;left&#8221; _builder_version=&#8221;4.16&#8243; body_text_color=&#8221;#2b2b2b&#8221; body_line_height=&#8221;1.4em&#8221; custom_padding=&#8221;|||&#8221; animation_style=&#8221;fade&#8221; animation_delay=&#8221;500ms&#8221; border_color_all=&#8221;#c0e6ff&#8221; border_width_all_image=&#8221;1px&#8221; border_color_all_image=&#8221;#ffffff&#8221; global_colors_info=&#8221;{}&#8221;]<\/p>\n<p>\nVia Giacomo Peroni, 400<br \/>\n00131 Rome &#8211; Italy<\/p>\n<p>&nbsp;<\/p>\n<p>[\/et_pb_blurb][et_pb_blurb image=&#8221;\/wp-content\/uploads\/moldova.jpg&#8221; icon_placement=&#8221;left&#8221; _builder_version=&#8221;4.16&#8243; body_font=&#8221;||||||||&#8221; body_text_color=&#8221;#2b2b2b&#8221; body_line_height=&#8221;1.4em&#8221; custom_padding=&#8221;|||&#8221; animation_style=&#8221;fade&#8221; animation_delay=&#8221;500ms&#8221; border_color_all=&#8221;#c0e6ff&#8221; border_width_all_image=&#8221;1px&#8221; border_color_all_image=&#8221;#ffffff&#8221; global_colors_info=&#8221;{}&#8221;]<\/p>\n<p>\n24, Bulgara Street<br \/>\nChisinau, Moldavia<\/p>\n<p>&nbsp;<\/p>\n<p>[\/et_pb_blurb][et_pb_blurb image=&#8221;\/wp-content\/uploads\/albania-flag.png&#8221; icon_placement=&#8221;left&#8221; _builder_version=&#8221;4.16&#8243; body_text_color=&#8221;#2b2b2b&#8221; body_line_height=&#8221;1.4em&#8221; custom_padding=&#8221;|||&#8221; animation_style=&#8221;fade&#8221; animation_delay=&#8221;500ms&#8221; border_color_all=&#8221;#c0e6ff&#8221; border_width_all_image=&#8221;1px&#8221; border_color_all_image=&#8221;#ffffff&#8221; global_colors_info=&#8221;{}&#8221;]<\/p>\n<p>\nTirana Ring Center<br \/>\nRrethrrotullimi i &#8220;Zogut te zi&#8221;,<br \/>\nRruga. M. Gjollesha, kati i 8-te<br \/>\nTirane, Albania<\/p>\n<p>&nbsp;<\/p>\n<p>[\/et_pb_blurb][et_pb_text module_id=&#8221;contact-text&#8221; _builder_version=&#8221;4.16&#8243; text_font=&#8221;||||||||&#8221; text_text_color=&#8221;#2b2b2b&#8221; text_font_size=&#8221;13px&#8221; link_font=&#8221;||||||||&#8221; link_text_color=&#8221;#2b2b2b&#8221; header_font=&#8221;Quicksand||||||||&#8221; header_3_font=&#8221;Quicksand||||||||&#8221; header_3_text_color=&#8221;#42508e&#8221; header_4_font=&#8221;Quicksand|500|||||||&#8221; header_4_text_color=&#8221;#42508e&#8221; header_4_font_size=&#8221;19px&#8221; background_layout=&#8221;dark&#8221; custom_padding=&#8221;14px|||&#8221; animation_style=&#8221;fade&#8221; animation_delay=&#8221;450ms&#8221; global_colors_info=&#8221;{}&#8221;]<\/p>\n<h4>Telefono<\/h4>\n<p>+41(0)916952060<\/p>\n<h4><\/h4>\n<h4>Email<\/h4>\n<p><a href=\"mailto:info@consulcesi.tech\">info@consulcesi.tech<\/a><\/p>\n<p>&nbsp;<\/p>\n<p>[\/et_pb_text][\/et_pb_column][et_pb_column type=&#8221;1_2&#8243; _builder_version=&#8221;4.16&#8243; custom_padding=&#8221;|||&#8221; global_colors_info=&#8221;{}&#8221; custom_padding__hover=&#8221;|||&#8221;][et_pb_text module_id=&#8221;contact-text&#8221; _builder_version=&#8221;4.16&#8243; text_text_color=&#8221;#2b2b2b&#8221; text_font_size=&#8221;13px&#8221; header_font=&#8221;Quicksand||||||||&#8221; header_3_font=&#8221;Quicksand||||||||&#8221; header_3_text_color=&#8221;#2b2b2b&#8221; header_4_font=&#8221;Quicksand|500|||||||&#8221; header_4_text_color=&#8221;#42508e&#8221; header_4_font_size=&#8221;19px&#8221; background_layout=&#8221;dark&#8221; custom_padding=&#8221;14px|||&#8221; animation_style=&#8221;slide&#8221; animation_direction=&#8221;bottom&#8221; global_colors_info=&#8221;{}&#8221;]<\/p>\n<h4>Vuoi saperne di pi\u00f9? Contattaci<\/h4>\n<p>[\/et_pb_text][et_pb_code admin_label=&#8221;CF7 Form&#8221; _builder_version=&#8221;4.27.5&#8243; _module_preset=&#8221;default&#8221; hover_enabled=&#8221;0&#8243; global_colors_info=&#8221;{}&#8221; locked=&#8221;off&#8221; sticky_enabled=&#8221;0&#8243;]\n<div class=\"wpcf7 no-js\" id=\"wpcf7-f13304-o1\" lang=\"en-US\" dir=\"ltr\" data-wpcf7-id=\"13304\">\n<div class=\"screen-reader-response\"><p role=\"status\" aria-live=\"polite\" aria-atomic=\"true\"><\/p> <ul><\/ul><\/div>\n<form action=\"\/it\/wp-json\/wp\/v2\/pages\/6903#wpcf7-f13304-o1\" method=\"post\" class=\"wpcf7-form init\" aria-label=\"Contact form\" novalidate=\"novalidate\" data-status=\"init\">\n<fieldset class=\"hidden-fields-container\"><input type=\"hidden\" name=\"_wpcf7\" value=\"13304\" \/><input type=\"hidden\" name=\"_wpcf7_version\" value=\"6.1.5\" \/><input type=\"hidden\" name=\"_wpcf7_locale\" value=\"en_US\" \/><input type=\"hidden\" name=\"_wpcf7_unit_tag\" value=\"wpcf7-f13304-o1\" \/><input type=\"hidden\" name=\"_wpcf7_container_post\" value=\"0\" \/><input type=\"hidden\" name=\"_wpcf7_posted_data_hash\" value=\"\" \/><input type=\"hidden\" name=\"_wpcf7_recaptcha_response\" value=\"\" \/>\n<\/fieldset>\n<div class=\"form-group\">\n\t<p><span class=\"wpcf7-form-control-wrap\" data-name=\"your-name\"><input size=\"40\" maxlength=\"400\" class=\"wpcf7-form-control wpcf7-text wpcf7-validates-as-required form-control\" aria-required=\"true\" aria-invalid=\"false\" placeholder=\"Nome*\" value=\"\" type=\"text\" name=\"your-name\" \/><\/span>\n\t<\/p>\n<\/div>\n<div class=\"form-group\">\n\t<p><span class=\"wpcf7-form-control-wrap\" data-name=\"your-phone\"><input size=\"40\" maxlength=\"400\" class=\"wpcf7-form-control wpcf7-tel wpcf7-validates-as-required wpcf7-text wpcf7-validates-as-tel form-control\" aria-required=\"true\" aria-invalid=\"false\" placeholder=\"Telefono*\" value=\"\" type=\"tel\" name=\"your-phone\" \/><\/span>\n\t<\/p>\n<\/div>\n<div class=\"form-group\">\n\t<p><span class=\"wpcf7-form-control-wrap\" data-name=\"your-email\"><input size=\"40\" maxlength=\"400\" class=\"wpcf7-form-control wpcf7-email wpcf7-validates-as-required wpcf7-text wpcf7-validates-as-email form-control\" aria-required=\"true\" aria-invalid=\"false\" placeholder=\"E-Mail*\" value=\"\" type=\"email\" name=\"your-email\" \/><\/span>\n\t<\/p>\n<\/div>\n<div class=\"form-group\">\n\t<p><span class=\"wpcf7-form-control-wrap\" data-name=\"your-message\"><textarea cols=\"40\" rows=\"10\" maxlength=\"2000\" class=\"wpcf7-form-control wpcf7-textarea wpcf7-validates-as-required form-control\" aria-required=\"true\" aria-invalid=\"false\" placeholder=\"Messaggio*\" name=\"your-message\"><\/textarea><\/span>\n\t<\/p>\n<\/div>\n<div class=\"form-group privacy\">\n\t<p><span class=\"wpcf7-form-control-wrap\" data-name=\"informativa-privacy\"><span class=\"wpcf7-form-control wpcf7-acceptance\"><span class=\"wpcf7-list-item\"><label><input type=\"checkbox\" name=\"informativa-privacy\" value=\"1\" aria-invalid=\"false\" \/><span class=\"wpcf7-list-item-label\">Dichiaro di aver letto e accettato l\u2019<a href=\"https:\/\/www.consulcesi.tech\/it\/informativa-privacy\/\" target=\"_blank\">informativa sulla privacy<\/a>.<\/span><\/label><\/span><\/span><\/span>\n\t<\/p>\n<\/div>\n<div class=\"trattamentodati__container\">\n\t<h3 class=\"trattamentodati__title\">Acconsento al trattamento dati per:\n\t<\/h3>\n\t<div class=\"row\">\n\t\t<div class=\"col-sm-10\">\n\t\t\t<h4 class=\"trattamentodati__subtitle uppercase\">Ricezione di offerte esclusive<a href=\"#\" data-id=\"privacy-1\" data-contentopen=\"Vedi tutto\" data-contentclose=\"Chiudi\" class=\"trattamentodati__subtitle--btn\">Vedi tutto<\/a>\n\t\t\t<\/h4>\n\t\t\t<div class=\"trattamentodati__hidden\" id=\"privacy-1\">\n\t\t\t\t<p>L\u2019invio di comunicazioni promozionali e di marketing, incluso l\u2019invio di newsletter e ricerche di mercato, relative a prodotti e servizi del Titolare e di partners commerciali, attraverso strumenti automatizzati (sms, mms, email, notifiche push, fax, sistema di chiamata automatizzati senza operatore, utilizzo dei social network) e strumenti tradizionali (posta cartacea, telefono con operatore).\n\t\t\t\t<\/p>\n\t\t\t<\/div>\n\t\t<\/div>\n\t\t<div class=\"col-sm-2\">\n\t\t\t<p><span class=\"wpcf7-form-control-wrap\" data-name=\"FlagMarketingDiretto\"><span class=\"wpcf7-form-control wpcf7-radio\"><span class=\"wpcf7-list-item first\"><label><input type=\"radio\" name=\"FlagMarketingDiretto\" value=\"Si\" \/><span class=\"wpcf7-list-item-label\">Si<\/span><\/label><\/span><span class=\"wpcf7-list-item last\"><label><input type=\"radio\" name=\"FlagMarketingDiretto\" value=\"No\" \/><span class=\"wpcf7-list-item-label\">No<\/span><\/label><\/span><\/span><\/span>\n\t\t\t<\/p>\n\t\t<\/div>\n\t<\/div>\n\t<div class=\"row\">\n\t\t<div class=\"col-sm-10\">\n\t\t\t<h4 class=\"trattamentodati__subtitle\">Condivisione con altre societ\u00e0<a href=\"#\" data-id=\"privacy-2\" data-contentopen=\"Vedi tutto\" data-contentclose=\"Chiudi\" class=\"trattamentodati__subtitle--btn\">Vedi tutto<\/a>\n\t\t\t<\/h4>\n\t\t\t<div class=\"trattamentodati__hidden\" id=\"privacy-2\">\n\t\t\t\t<p>La comunicazione dei Suoi dati personali a societ\u00e0 con le quali il Titolare abbia stipulato accordi commerciali e\/o convenzioni, appartenenti alle seguenti categorie: professionisti, societ\u00e0 o enti di comunicazione e marketing; professionisti, societ\u00e0 o enti operanti in ambito legale, tributario\/fiscale, finanziario, contabile\/amministrativo, assicurativo, formativo, informatico\/tecnologico; professionisti, societ\u00e0 o enti operanti in ambito socio-umanitario; professionisti, societ\u00e0 o enti operanti in ambito immobiliare e in ambiti correlati; professionisti, societ\u00e0 o enti operanti nel settore delle produzioni televisive e cinematografiche; professionisti, societ\u00e0 o enti del settore sanitario, medicale\/farmaceutico e fornitori di servizi per la persona e per il tempo libero, per loro finalit\u00e0 di marketing diretto attraverso strumenti automatizzati o strumenti tradizionali.\n\t\t\t\t<\/p>\n\t\t\t<\/div>\n\t\t<\/div>\n\t\t<div class=\"col-sm-2\">\n\t\t\t<p><span class=\"wpcf7-form-control-wrap\" data-name=\"FlagComunicazioneTerzi\"><span class=\"wpcf7-form-control wpcf7-radio\"><span class=\"wpcf7-list-item first\"><label><input type=\"radio\" name=\"FlagComunicazioneTerzi\" value=\"Si\" \/><span class=\"wpcf7-list-item-label\">Si<\/span><\/label><\/span><span class=\"wpcf7-list-item last\"><label><input type=\"radio\" name=\"FlagComunicazioneTerzi\" value=\"No\" \/><span class=\"wpcf7-list-item-label\">No<\/span><\/label><\/span><\/span><\/span>\n\t\t\t<\/p>\n\t\t<\/div>\n\t<\/div>\n\t<div class=\"row\">\n\t\t<div class=\"col-sm-10\">\n\t\t\t<h4 class=\"trattamentodati__subtitle\">Finalit\u00e0 scientifiche e statistiche<a href=\"#\" data-id=\"privacy-3\" data-contentopen=\"Vedi tutto\" data-contentclose=\"Chiudi\" class=\"trattamentodati__subtitle--btn\">Vedi tutto<\/a>\n\t\t\t<\/h4>\n\t\t\t<div class=\"trattamentodati__hidden\" id=\"privacy-3\">\n\t\t\t\t<p>Lo svolgimento di indagini statistico-scientifiche relative al mondo medico-sanitario ed al benessere dei cittadini.\n\t\t\t\t<\/p>\n\t\t\t<\/div>\n\t\t<\/div>\n\t\t<div class=\"col-sm-2\">\n\t\t\t<p><span class=\"wpcf7-form-control-wrap\" data-name=\"FlagStatistiche\"><span class=\"wpcf7-form-control wpcf7-radio\"><span class=\"wpcf7-list-item first\"><label><input type=\"radio\" name=\"FlagStatistiche\" value=\"Si\" \/><span class=\"wpcf7-list-item-label\">Si<\/span><\/label><\/span><span class=\"wpcf7-list-item last\"><label><input type=\"radio\" name=\"FlagStatistiche\" value=\"No\" \/><span class=\"wpcf7-list-item-label\">No<\/span><\/label><\/span><\/span><\/span>\n\t\t\t<\/p>\n\t\t<\/div>\n\t<\/div>\n\t<div class=\"row\">\n\t\t<div class=\"col-sm-10\">\n\t\t\t<h4 class=\"trattamentodati__subtitle\">Profilazione<a href=\"#\" data-id=\"privacy-4\" data-contentopen=\"Vedi tutto\" data-contentclose=\"Chiudi\" class=\"trattamentodati__subtitle--btn\">Vedi tutto<\/a>\n\t\t\t<\/h4>\n\t\t\t<div class=\"trattamentodati__hidden\" id=\"privacy-4\">\n\t\t\t\t<p>Lo svolgimento di attivit\u00e0 di profilazione volte a migliorare la qualit\u00e0 dei servizi erogati e l\u2019adeguatezza delle comunicazioni commerciali alle Sue preferenze.\n\t\t\t\t<\/p>\n\t\t\t<\/div>\n\t\t<\/div>\n\t\t<div class=\"col-sm-2\">\n\t\t\t<p><span class=\"wpcf7-form-control-wrap\" data-name=\"FlagProfilazione\"><span class=\"wpcf7-form-control wpcf7-radio\"><span class=\"wpcf7-list-item first\"><label><input type=\"radio\" name=\"FlagProfilazione\" value=\"Si\" \/><span class=\"wpcf7-list-item-label\">Si<\/span><\/label><\/span><span class=\"wpcf7-list-item last\"><label><input type=\"radio\" name=\"FlagProfilazione\" value=\"No\" \/><span class=\"wpcf7-list-item-label\">No<\/span><\/label><\/span><\/span><\/span>\n\t\t\t<\/p>\n\t\t<\/div>\n\t<\/div>\n<\/div>\n<div class=\"text-right padding-top-10\">\n\t<p><input class=\"wpcf7-form-control wpcf7-submit has-spinner et_pb_contact_submit et_pb_button\" type=\"submit\" value=\"Invia\" \/>\n\t<\/p>\n<\/div><div class=\"wpcf7-response-output\" aria-hidden=\"true\"><\/div>\n<\/form>\n<\/div>\n[\/et_pb_code][\/et_pb_column][\/et_pb_row][\/et_pb_section]<\/p>\n","protected":false},"excerpt":{"rendered":"<p>Restiamo in contatto &nbsp; Dove siamo &nbsp; Via Giuseppe Motta, 6 6828 Balerna \u2013 Switzerland &nbsp; Via Giacomo Peroni, 400 00131 Rome &#8211; Italy &nbsp; 24, Bulgara Street Chisinau, Moldavia &nbsp; Tirana Ring Center Rrethrrotullimi i &#8220;Zogut te zi&#8221;, Rruga. M. Gjollesha, kati i 8-te Tirane, Albania &nbsp; Telefono +41(0)916952060 Email info@consulcesi.tech &nbsp; Vuoi saperne [&hellip;]<\/p>\n","protected":false},"author":1,"featured_media":0,"parent":0,"menu_order":0,"comment_status":"closed","ping_status":"closed","template":"","meta":{"_et_pb_use_builder":"on","_et_pb_old_content":"","_et_gb_content_width":"","footnotes":""},"class_list":["post-6903","page","type-page","status-publish","hentry"],"yoast_head":"<!-- This site is optimized with the Yoast SEO plugin v27.0 - https:\/\/yoast.com\/product\/yoast-seo-wordpress\/ -->\n<title>Contattaci - Consulcesi Tech<\/title>\n<meta name=\"robots\" content=\"index, follow, max-snippet:-1, max-image-preview:large, max-video-preview:-1\" \/>\n<link rel=\"canonical\" href=\"https:\/\/www.consulcesi.tech\/it\/contattaci\/\" \/>\n<meta property=\"og:locale\" content=\"it_IT\" \/>\n<meta property=\"og:type\" content=\"article\" \/>\n<meta property=\"og:title\" content=\"Contattaci - Consulcesi Tech\" \/>\n<meta property=\"og:description\" content=\"Restiamo in contatto &nbsp; Dove siamo &nbsp; Via Giuseppe Motta, 6 6828 Balerna \u2013 Switzerland &nbsp; Via Giacomo Peroni, 400 00131 Rome - Italy &nbsp; 24, Bulgara Street Chisinau, Moldavia &nbsp; Tirana Ring Center Rrethrrotullimi i &quot;Zogut te zi&quot;, Rruga. M. Gjollesha, kati i 8-te Tirane, Albania &nbsp; Telefono +41(0)916952060 Email info@consulcesi.tech &nbsp; Vuoi saperne [&hellip;]\" \/>\n<meta property=\"og:url\" content=\"https:\/\/www.consulcesi.tech\/it\/contattaci\/\" \/>\n<meta property=\"og:site_name\" content=\"Consulcesi Tech\" \/>\n<meta property=\"article:modified_time\" content=\"2026-03-19T09:32:31+00:00\" \/>\n<meta name=\"twitter:card\" content=\"summary_large_image\" \/>\n<meta name=\"twitter:label1\" content=\"Tempo di lettura stimato\" \/>\n\t<meta name=\"twitter:data1\" content=\"3 minuti\" \/>\n<script type=\"application\/ld+json\" class=\"yoast-schema-graph\">{\"@context\":\"https:\/\/schema.org\",\"@graph\":[{\"@type\":\"WebPage\",\"@id\":\"https:\/\/www.consulcesi.tech\/it\/contattaci\/\",\"url\":\"https:\/\/www.consulcesi.tech\/it\/contattaci\/\",\"name\":\"Contattaci - Consulcesi Tech\",\"isPartOf\":{\"@id\":\"https:\/\/www.consulcesi.tech\/it\/#website\"},\"datePublished\":\"2019-02-14T15:12:32+00:00\",\"dateModified\":\"2026-03-19T09:32:31+00:00\",\"breadcrumb\":{\"@id\":\"https:\/\/www.consulcesi.tech\/it\/contattaci\/#breadcrumb\"},\"inLanguage\":\"it-IT\",\"potentialAction\":[{\"@type\":\"ReadAction\",\"target\":[\"https:\/\/www.consulcesi.tech\/it\/contattaci\/\"]}]},{\"@type\":\"BreadcrumbList\",\"@id\":\"https:\/\/www.consulcesi.tech\/it\/contattaci\/#breadcrumb\",\"itemListElement\":[{\"@type\":\"ListItem\",\"position\":1,\"name\":\"Home\",\"item\":\"https:\/\/www.consulcesi.tech\/it\/\"},{\"@type\":\"ListItem\",\"position\":2,\"name\":\"Contattaci\"}]},{\"@type\":\"WebSite\",\"@id\":\"https:\/\/www.consulcesi.tech\/it\/#website\",\"url\":\"https:\/\/www.consulcesi.tech\/it\/\",\"name\":\"Consulcesi Tech\",\"description\":\"Where new technologies born\",\"potentialAction\":[{\"@type\":\"SearchAction\",\"target\":{\"@type\":\"EntryPoint\",\"urlTemplate\":\"https:\/\/www.consulcesi.tech\/it\/?s={search_term_string}\"},\"query-input\":{\"@type\":\"PropertyValueSpecification\",\"valueRequired\":true,\"valueName\":\"search_term_string\"}}],\"inLanguage\":\"it-IT\"}]}<\/script>\n<!-- \/ Yoast SEO plugin. -->","yoast_head_json":{"title":"Contattaci - Consulcesi Tech","robots":{"index":"index","follow":"follow","max-snippet":"max-snippet:-1","max-image-preview":"max-image-preview:large","max-video-preview":"max-video-preview:-1"},"canonical":"https:\/\/www.consulcesi.tech\/it\/contattaci\/","og_locale":"it_IT","og_type":"article","og_title":"Contattaci - Consulcesi Tech","og_description":"Restiamo in contatto &nbsp; Dove siamo &nbsp; Via Giuseppe Motta, 6 6828 Balerna \u2013 Switzerland &nbsp; Via Giacomo Peroni, 400 00131 Rome - Italy &nbsp; 24, Bulgara Street Chisinau, Moldavia &nbsp; Tirana Ring Center Rrethrrotullimi i \"Zogut te zi\", Rruga. M. Gjollesha, kati i 8-te Tirane, Albania &nbsp; Telefono +41(0)916952060 Email info@consulcesi.tech &nbsp; Vuoi saperne [&hellip;]","og_url":"https:\/\/www.consulcesi.tech\/it\/contattaci\/","og_site_name":"Consulcesi Tech","article_modified_time":"2026-03-19T09:32:31+00:00","twitter_card":"summary_large_image","twitter_misc":{"Tempo di lettura stimato":"3 minuti"},"schema":{"@context":"https:\/\/schema.org","@graph":[{"@type":"WebPage","@id":"https:\/\/www.consulcesi.tech\/it\/contattaci\/","url":"https:\/\/www.consulcesi.tech\/it\/contattaci\/","name":"Contattaci - Consulcesi Tech","isPartOf":{"@id":"https:\/\/www.consulcesi.tech\/it\/#website"},"datePublished":"2019-02-14T15:12:32+00:00","dateModified":"2026-03-19T09:32:31+00:00","breadcrumb":{"@id":"https:\/\/www.consulcesi.tech\/it\/contattaci\/#breadcrumb"},"inLanguage":"it-IT","potentialAction":[{"@type":"ReadAction","target":["https:\/\/www.consulcesi.tech\/it\/contattaci\/"]}]},{"@type":"BreadcrumbList","@id":"https:\/\/www.consulcesi.tech\/it\/contattaci\/#breadcrumb","itemListElement":[{"@type":"ListItem","position":1,"name":"Home","item":"https:\/\/www.consulcesi.tech\/it\/"},{"@type":"ListItem","position":2,"name":"Contattaci"}]},{"@type":"WebSite","@id":"https:\/\/www.consulcesi.tech\/it\/#website","url":"https:\/\/www.consulcesi.tech\/it\/","name":"Consulcesi Tech","description":"Where new technologies born","potentialAction":[{"@type":"SearchAction","target":{"@type":"EntryPoint","urlTemplate":"https:\/\/www.consulcesi.tech\/it\/?s={search_term_string}"},"query-input":{"@type":"PropertyValueSpecification","valueRequired":true,"valueName":"search_term_string"}}],"inLanguage":"it-IT"}]}},"_links":{"self":[{"href":"https:\/\/www.consulcesi.tech\/it\/wp-json\/wp\/v2\/pages\/6903","targetHints":{"allow":["GET"]}}],"collection":[{"href":"https:\/\/www.consulcesi.tech\/it\/wp-json\/wp\/v2\/pages"}],"about":[{"href":"https:\/\/www.consulcesi.tech\/it\/wp-json\/wp\/v2\/types\/page"}],"author":[{"embeddable":true,"href":"https:\/\/www.consulcesi.tech\/it\/wp-json\/wp\/v2\/users\/1"}],"replies":[{"embeddable":true,"href":"https:\/\/www.consulcesi.tech\/it\/wp-json\/wp\/v2\/comments?post=6903"}],"version-history":[{"count":17,"href":"https:\/\/www.consulcesi.tech\/it\/wp-json\/wp\/v2\/pages\/6903\/revisions"}],"predecessor-version":[{"id":13464,"href":"https:\/\/www.consulcesi.tech\/it\/wp-json\/wp\/v2\/pages\/6903\/revisions\/13464"}],"wp:attachment":[{"href":"https:\/\/www.consulcesi.tech\/it\/wp-json\/wp\/v2\/media?parent=6903"}],"curies":[{"name":"wp","href":"https:\/\/api.w.org\/{rel}","templated":true}]}}