{"id":3305,"date":"2018-09-28T16:27:46","date_gmt":"2018-09-28T14:27:46","guid":{"rendered":"https:\/\/www.consulcesi.tech\/informativa-privacy\/"},"modified":"2026-03-19T10:28:00","modified_gmt":"2026-03-19T09:28:00","slug":"informativa-privacy","status":"publish","type":"page","link":"https:\/\/www.consulcesi.tech\/it\/informativa-privacy\/","title":{"rendered":"Informativa Privacy"},"content":{"rendered":"<p>[et_pb_section fb_built=&#8221;1&#8243; fullwidth=&#8221;on&#8221; _builder_version=&#8221;4.16&#8243; background_image=&#8221;\/wp-content\/uploads\/header-bg.jpg&#8221; global_colors_info=&#8221;{}&#8221;][et_pb_fullwidth_header title=&#8221;Informativa privacy&#8221; text_orientation=&#8221;center&#8221; _builder_version=&#8221;4.16&#8243; title_font=&#8221;|300|||||||&#8221; title_font_size=&#8221;44px&#8221; background_color=&#8221;rgba(47,58,100,0.8)&#8221; background_color_gradient_direction=&#8221;90deg&#8221; animation_style=&#8221;flip&#8221; title_text_shadow_style=&#8221;preset3&#8243; title_text_shadow_color=&#8221;rgba(47,58,100,0.4)&#8221; global_colors_info=&#8221;{}&#8221; button_one_text_size__hover_enabled=&#8221;off&#8221; button_two_text_size__hover_enabled=&#8221;off&#8221; button_one_text_color__hover_enabled=&#8221;off&#8221; button_two_text_color__hover_enabled=&#8221;off&#8221; button_one_border_width__hover_enabled=&#8221;off&#8221; button_two_border_width__hover_enabled=&#8221;off&#8221; button_one_border_color__hover_enabled=&#8221;off&#8221; button_two_border_color__hover_enabled=&#8221;off&#8221; button_one_border_radius__hover_enabled=&#8221;off&#8221; button_two_border_radius__hover_enabled=&#8221;off&#8221; button_one_letter_spacing__hover_enabled=&#8221;off&#8221; button_two_letter_spacing__hover_enabled=&#8221;off&#8221; button_one_bg_color__hover_enabled=&#8221;off&#8221; button_two_bg_color__hover_enabled=&#8221;off&#8221;][\/et_pb_fullwidth_header][\/et_pb_section][et_pb_section fb_built=&#8221;1&#8243; _builder_version=&#8221;4.16&#8243; global_colors_info=&#8221;{}&#8221;][et_pb_row _builder_version=&#8221;4.16&#8243; background_size=&#8221;initial&#8221; background_position=&#8221;top_left&#8221; background_repeat=&#8221;repeat&#8221; global_colors_info=&#8221;{}&#8221;][et_pb_column type=&#8221;4_4&#8243; _builder_version=&#8221;4.16&#8243; custom_padding=&#8221;|||&#8221; global_colors_info=&#8221;{}&#8221; custom_padding__hover=&#8221;|||&#8221;][et_pb_text _builder_version=&#8221;4.27.5&#8243; hover_enabled=&#8221;0&#8243; global_colors_info=&#8221;{}&#8221; sticky_enabled=&#8221;0&#8243;]<\/p>\n<p><strong><u>Informativa sul trattamento dei dati ex art. 13 Regolamento UE 2016\/679<\/u><\/strong><\/p>\n<p><strong>Titolare del trattamento<\/strong><\/p>\n<p>La informiamo che, ai sensi del Regolamento UE 679\/2016 (infra: \u201c<strong>Regolamento<\/strong>\u201d), i suoi dati personali saranno trattati da Consulcesi Tech SA in qualit\u00e0 di Titolare del trattamento (\u201c<strong>Titolare<\/strong>\u201d).<\/p>\n<p>I recapiti del Titolare del trattamento sono: Consulcesi Tech SA, Via Giuseppe Motta 6, 6828 Balerna (CH); email: <a href=\"mailto:privacy@consulcesi.tech\">privacy@consulcesi.tech<\/a> .<\/p>\n<p>Il Responsabile per la protezione dei dati personali (di seguito, \u201c<strong>DPO<\/strong>\u201d) \u00e8 contattabile al seguente indirizzo e-mail: <a href=\"mailto:dpo@consulcesi.tech\">dpo@consulcesi.tech<\/a>.<\/p>\n<p>Il Rappresentante del Titolare per il territorio europeo \u00e8 Homnya S.r.l., via della Stelletta 23, 00186 Roma; e-mail: <a href=\"mailto:eu-representative@homnya.com\">eu-representative@homnya.com<\/a>.<\/p>\n<p><strong>Tipi di dati oggetto del trattamento<\/strong><\/p>\n<p>Il Titolare tratter\u00e0 i Suoi dati personali, raccolti nell\u2019ambito delle prestazioni richieste, tra cui rientrano, a titolo esemplificativo e non esaustivo, nome, cognome, il numero di telefono mobile, l\u2019indirizzo e-mail.<\/p>\n<p><strong>Finalit\u00e0, base giuridica e facoltativit\u00e0 del trattamento<\/strong><\/p>\n<p>I Suoi dati personali saranno trattati per le seguenti finalit\u00e0:<\/p>\n<ol>\n<li>esecuzione delle prestazioni richieste;<\/li>\n<li>assolvere eventuali obblighi di legge;<\/li>\n<\/ol>\n<p>Le basi giuridiche del trattamento per la finalit\u00e0 a) e b) sono rispettivamente gli artt. 6.1.b) e 6.1.c) del Regolamento. Il conferimento dei Suoi dati personali per le finalit\u00e0 a) e b) sopra indicate \u00e8 facoltativo, ma in difetto non sar\u00e0 possibile dare esecuzione alle prestazioni richieste.<\/p>\n<p><strong>Destinatari e trasferimento dei dati personali <\/strong><\/p>\n<p>I Suoi dati personali potranno essere condivisi con:<\/p>\n<ul>\n<li>persone fisiche autorizzate dal Titolare al trattamento di dati personali ex art. 29 del Regolamento in ragione dell\u2019espletamento delle loro mansioni lavorative (es. dipendenti e amministratori di sistema ecc.);<\/li>\n<li>fornitori di servizi (come avvocati, commercialisti, consulenti, istituti di credito ecc..) i quali agiscono tipicamente in qualit\u00e0 di responsabili del trattamento ex art. 28 del Regolamento;<\/li>\n<li>soggetti, enti o autorit\u00e0 a cui sia obbligatorio comunicare i suoi dati personali in forza di disposizioni di legge o di ordini delle autorit\u00e0.<\/li>\n<\/ul>\n<p>L\u2019elenco completo ed aggiornato dei destinatari dei dati potr\u00e0 essere richiesto al Titolare, ai recapiti sopra indicati.<\/p>\n<p><strong>Trasferimento dei dati extra UE<\/strong><\/p>\n<p>Per quanto concerne l\u2019eventuale trasferimento dei Dati verso Paesi Terzi, il Titolare rende noto che il trattamento avverr\u00e0 secondo una delle modalit\u00e0 consentite dalla legge vigente, quali ad esempio il consenso dell\u2019interessato, l\u2019adozione di Clausole Standard approvate dalla Commissione Europea, la selezione di soggetti aderenti a programmi internazionali per la libera circolazione dei dati (es. EU-USA Privacy Shield) od operanti in Paesi considerati sicuri dalla Commissione Europea. \u00c8 possibile avere maggiori informazioni, su richiesta, presso il Titolare ai contatti sopraindicati.<\/p>\n<p><strong>Conservazione dei dati personali <\/strong><\/p>\n<p>I suoi Dati Personali saranno conservati solo per il tempo necessario ai fini per cui sono raccolti, rispettando il principio di minimizzazione di cui all\u2019articolo 5, comma 1, lettera c) del Regolamento. In ogni caso, i Suoi dati personali saranno conservati per il tempo necessario per l\u2019esecuzione delle prestazioni richieste. \u00c8 fatto salvo in ogni caso l\u2019ulteriore conservazione prevista dalla normativa applicabile. Maggiori informazioni sono disponibili presso il Titolare.<\/p>\n<p><strong>Modalit\u00e0 di trattamento dei dati<\/strong><\/p>\n<p>In relazione alle indicate finalit\u00e0, il trattamento dei dati personali avviene mediante strumenti manuali, informatici e telematici con logiche strettamente correlate alle finalit\u00e0 stesse e, comunque, con modalit\u00e0 tali da garantire la sicurezza e la riservatezza dei dati stessi, oltre al rispetto degli specifici obblighi sanciti dalla legge.<\/p>\n<p><strong>I Suoi diritti privacy <\/strong><\/p>\n<p>Lei ha il diritto di chiedere al Titolare, in qualunque momento, l&#8217;accesso ai suoi dati personali, la rettifica o la cancellazione degli stessi o di opporsi al loro trattamento, ha diritto di richiedere la limitazione del trattamento nei casi previsti dall&#8217;art. 18 del Regolamento, di revocare il consenso prestato ex art. 7 del Regolamento in qualsiasi momento; di ottenere in un formato strutturato, di uso comune e leggibile da dispositivo automatico i dati che la riguardano, nei casi previsti dall&#8217;art. 20 del Regolamento; nonch\u00e9 di proporre reclamo all&#8217;autorit\u00e0 di controllo competente (Garante per la Protezione dei Dati Personali) ex articolo 77 del Regolamento, qualora ritenga che il trattamento dei suoi dati sia contrario alla normativa in vigore.<\/p>\n<p>Lei pu\u00f2 formulare una richiesta di opposizione al trattamento dei Suoi dati ex articolo 21 del Regolamento nella quale dare evidenza delle ragioni che giustifichino l\u2019opposizione: il Titolare si riserva di valutare la Sua istanza, che non verrebbe accettata in caso di esistenza di motivi legittimi cogenti per procedere al trattamento che prevalgano sui Suoi interessi, diritti e libert\u00e0.<\/p>\n<p>Le richieste vanno rivolte per iscritto al Titolare ovvero al DPO ai recapiti sopraindicati.<\/p>\n<p>[\/et_pb_text][\/et_pb_column][\/et_pb_row][\/et_pb_section]<\/p>\n","protected":false},"excerpt":{"rendered":"<p>Informativa sul trattamento dei dati ex art. 13 Regolamento UE 2016\/679 Titolare del trattamento La informiamo che, ai sensi del Regolamento UE 679\/2016 (infra: \u201cRegolamento\u201d), i suoi dati personali saranno trattati da Consulcesi Tech SA in qualit\u00e0 di Titolare del trattamento (\u201cTitolare\u201d). I recapiti del Titolare del trattamento sono: Consulcesi Tech SA, Via Giuseppe Motta [&hellip;]<\/p>\n","protected":false},"author":1,"featured_media":0,"parent":0,"menu_order":0,"comment_status":"closed","ping_status":"closed","template":"","meta":{"_et_pb_use_builder":"on","_et_pb_old_content":"","_et_gb_content_width":"","footnotes":""},"class_list":["post-3305","page","type-page","status-publish","hentry"],"yoast_head":"<!-- This site is optimized with the Yoast SEO plugin v27.0 - https:\/\/yoast.com\/product\/yoast-seo-wordpress\/ -->\n<title>Informativa Privacy - Consulcesi Tech<\/title>\n<meta name=\"robots\" content=\"index, follow, max-snippet:-1, max-image-preview:large, max-video-preview:-1\" \/>\n<link rel=\"canonical\" href=\"https:\/\/www.consulcesi.tech\/it\/informativa-privacy\/\" \/>\n<meta property=\"og:locale\" content=\"it_IT\" \/>\n<meta property=\"og:type\" content=\"article\" \/>\n<meta property=\"og:title\" content=\"Informativa Privacy - Consulcesi Tech\" \/>\n<meta property=\"og:description\" content=\"Informativa sul trattamento dei dati ex art. 13 Regolamento UE 2016\/679 Titolare del trattamento La informiamo che, ai sensi del Regolamento UE 679\/2016 (infra: \u201cRegolamento\u201d), i suoi dati personali saranno trattati da Consulcesi Tech SA in qualit\u00e0 di Titolare del trattamento (\u201cTitolare\u201d). I recapiti del Titolare del trattamento sono: Consulcesi Tech SA, Via Giuseppe Motta [&hellip;]\" \/>\n<meta property=\"og:url\" content=\"https:\/\/www.consulcesi.tech\/it\/informativa-privacy\/\" \/>\n<meta property=\"og:site_name\" content=\"Consulcesi Tech\" \/>\n<meta property=\"article:modified_time\" content=\"2026-03-19T09:28:00+00:00\" \/>\n<meta name=\"twitter:card\" content=\"summary_large_image\" \/>\n<meta name=\"twitter:label1\" content=\"Tempo di lettura stimato\" \/>\n\t<meta name=\"twitter:data1\" content=\"4 minuti\" \/>\n<script type=\"application\/ld+json\" class=\"yoast-schema-graph\">{\"@context\":\"https:\/\/schema.org\",\"@graph\":[{\"@type\":\"WebPage\",\"@id\":\"https:\/\/www.consulcesi.tech\/it\/informativa-privacy\/\",\"url\":\"https:\/\/www.consulcesi.tech\/it\/informativa-privacy\/\",\"name\":\"Informativa Privacy - Consulcesi Tech\",\"isPartOf\":{\"@id\":\"https:\/\/www.consulcesi.tech\/it\/#website\"},\"datePublished\":\"2018-09-28T14:27:46+00:00\",\"dateModified\":\"2026-03-19T09:28:00+00:00\",\"breadcrumb\":{\"@id\":\"https:\/\/www.consulcesi.tech\/it\/informativa-privacy\/#breadcrumb\"},\"inLanguage\":\"it-IT\",\"potentialAction\":[{\"@type\":\"ReadAction\",\"target\":[\"https:\/\/www.consulcesi.tech\/it\/informativa-privacy\/\"]}]},{\"@type\":\"BreadcrumbList\",\"@id\":\"https:\/\/www.consulcesi.tech\/it\/informativa-privacy\/#breadcrumb\",\"itemListElement\":[{\"@type\":\"ListItem\",\"position\":1,\"name\":\"Home\",\"item\":\"https:\/\/www.consulcesi.tech\/it\/\"},{\"@type\":\"ListItem\",\"position\":2,\"name\":\"Informativa Privacy\"}]},{\"@type\":\"WebSite\",\"@id\":\"https:\/\/www.consulcesi.tech\/it\/#website\",\"url\":\"https:\/\/www.consulcesi.tech\/it\/\",\"name\":\"Consulcesi Tech\",\"description\":\"Where new technologies born\",\"potentialAction\":[{\"@type\":\"SearchAction\",\"target\":{\"@type\":\"EntryPoint\",\"urlTemplate\":\"https:\/\/www.consulcesi.tech\/it\/?s={search_term_string}\"},\"query-input\":{\"@type\":\"PropertyValueSpecification\",\"valueRequired\":true,\"valueName\":\"search_term_string\"}}],\"inLanguage\":\"it-IT\"}]}<\/script>\n<!-- \/ Yoast SEO plugin. -->","yoast_head_json":{"title":"Informativa Privacy - Consulcesi Tech","robots":{"index":"index","follow":"follow","max-snippet":"max-snippet:-1","max-image-preview":"max-image-preview:large","max-video-preview":"max-video-preview:-1"},"canonical":"https:\/\/www.consulcesi.tech\/it\/informativa-privacy\/","og_locale":"it_IT","og_type":"article","og_title":"Informativa Privacy - Consulcesi Tech","og_description":"Informativa sul trattamento dei dati ex art. 13 Regolamento UE 2016\/679 Titolare del trattamento La informiamo che, ai sensi del Regolamento UE 679\/2016 (infra: \u201cRegolamento\u201d), i suoi dati personali saranno trattati da Consulcesi Tech SA in qualit\u00e0 di Titolare del trattamento (\u201cTitolare\u201d). I recapiti del Titolare del trattamento sono: Consulcesi Tech SA, Via Giuseppe Motta [&hellip;]","og_url":"https:\/\/www.consulcesi.tech\/it\/informativa-privacy\/","og_site_name":"Consulcesi Tech","article_modified_time":"2026-03-19T09:28:00+00:00","twitter_card":"summary_large_image","twitter_misc":{"Tempo di lettura stimato":"4 minuti"},"schema":{"@context":"https:\/\/schema.org","@graph":[{"@type":"WebPage","@id":"https:\/\/www.consulcesi.tech\/it\/informativa-privacy\/","url":"https:\/\/www.consulcesi.tech\/it\/informativa-privacy\/","name":"Informativa Privacy - Consulcesi Tech","isPartOf":{"@id":"https:\/\/www.consulcesi.tech\/it\/#website"},"datePublished":"2018-09-28T14:27:46+00:00","dateModified":"2026-03-19T09:28:00+00:00","breadcrumb":{"@id":"https:\/\/www.consulcesi.tech\/it\/informativa-privacy\/#breadcrumb"},"inLanguage":"it-IT","potentialAction":[{"@type":"ReadAction","target":["https:\/\/www.consulcesi.tech\/it\/informativa-privacy\/"]}]},{"@type":"BreadcrumbList","@id":"https:\/\/www.consulcesi.tech\/it\/informativa-privacy\/#breadcrumb","itemListElement":[{"@type":"ListItem","position":1,"name":"Home","item":"https:\/\/www.consulcesi.tech\/it\/"},{"@type":"ListItem","position":2,"name":"Informativa Privacy"}]},{"@type":"WebSite","@id":"https:\/\/www.consulcesi.tech\/it\/#website","url":"https:\/\/www.consulcesi.tech\/it\/","name":"Consulcesi Tech","description":"Where new technologies born","potentialAction":[{"@type":"SearchAction","target":{"@type":"EntryPoint","urlTemplate":"https:\/\/www.consulcesi.tech\/it\/?s={search_term_string}"},"query-input":{"@type":"PropertyValueSpecification","valueRequired":true,"valueName":"search_term_string"}}],"inLanguage":"it-IT"}]}},"_links":{"self":[{"href":"https:\/\/www.consulcesi.tech\/it\/wp-json\/wp\/v2\/pages\/3305","targetHints":{"allow":["GET"]}}],"collection":[{"href":"https:\/\/www.consulcesi.tech\/it\/wp-json\/wp\/v2\/pages"}],"about":[{"href":"https:\/\/www.consulcesi.tech\/it\/wp-json\/wp\/v2\/types\/page"}],"author":[{"embeddable":true,"href":"https:\/\/www.consulcesi.tech\/it\/wp-json\/wp\/v2\/users\/1"}],"replies":[{"embeddable":true,"href":"https:\/\/www.consulcesi.tech\/it\/wp-json\/wp\/v2\/comments?post=3305"}],"version-history":[{"count":4,"href":"https:\/\/www.consulcesi.tech\/it\/wp-json\/wp\/v2\/pages\/3305\/revisions"}],"predecessor-version":[{"id":13461,"href":"https:\/\/www.consulcesi.tech\/it\/wp-json\/wp\/v2\/pages\/3305\/revisions\/13461"}],"wp:attachment":[{"href":"https:\/\/www.consulcesi.tech\/it\/wp-json\/wp\/v2\/media?parent=3305"}],"curies":[{"name":"wp","href":"https:\/\/api.w.org\/{rel}","templated":true}]}}