{"id":1546,"date":"2018-06-13T10:22:42","date_gmt":"2018-06-13T08:22:42","guid":{"rendered":"https:\/\/www.consulcesi.tech\/cookie-policy\/"},"modified":"2026-03-19T11:06:58","modified_gmt":"2026-03-19T10:06:58","slug":"cookie-policy","status":"publish","type":"page","link":"https:\/\/www.consulcesi.tech\/it\/cookie-policy\/","title":{"rendered":"Cookie Policy"},"content":{"rendered":"<p>[et_pb_section fb_built=&#8221;1&#8243; fullwidth=&#8221;on&#8221; _builder_version=&#8221;4.16&#8243; background_image=&#8221;\/wp-content\/uploads\/header-bg.jpg&#8221; global_colors_info=&#8221;{}&#8221;][et_pb_fullwidth_header title=&#8221;Cookie Policy&#8221; text_orientation=&#8221;center&#8221; _builder_version=&#8221;4.16&#8243; title_font=&#8221;|300|||||||&#8221; title_font_size=&#8221;44px&#8221; background_color=&#8221;rgba(47,58,100,0.8)&#8221; background_color_gradient_direction=&#8221;90deg&#8221; animation_style=&#8221;flip&#8221; title_text_shadow_style=&#8221;preset3&#8243; title_text_shadow_color=&#8221;rgba(47,58,100,0.4)&#8221; global_colors_info=&#8221;{}&#8221; button_one_text_size__hover_enabled=&#8221;off&#8221; button_two_text_size__hover_enabled=&#8221;off&#8221; button_one_text_color__hover_enabled=&#8221;off&#8221; button_two_text_color__hover_enabled=&#8221;off&#8221; button_one_border_width__hover_enabled=&#8221;off&#8221; button_two_border_width__hover_enabled=&#8221;off&#8221; button_one_border_color__hover_enabled=&#8221;off&#8221; button_two_border_color__hover_enabled=&#8221;off&#8221; button_one_border_radius__hover_enabled=&#8221;off&#8221; button_two_border_radius__hover_enabled=&#8221;off&#8221; button_one_letter_spacing__hover_enabled=&#8221;off&#8221; button_two_letter_spacing__hover_enabled=&#8221;off&#8221; button_one_bg_color__hover_enabled=&#8221;off&#8221; button_two_bg_color__hover_enabled=&#8221;off&#8221;][\/et_pb_fullwidth_header][\/et_pb_section][et_pb_section fb_built=&#8221;1&#8243; _builder_version=&#8221;4.16&#8243; global_colors_info=&#8221;{}&#8221;][et_pb_row _builder_version=&#8221;4.16&#8243; background_size=&#8221;initial&#8221; background_position=&#8221;top_left&#8221; background_repeat=&#8221;repeat&#8221; global_colors_info=&#8221;{}&#8221;][et_pb_column type=&#8221;4_4&#8243; _builder_version=&#8221;4.16&#8243; custom_padding=&#8221;|||&#8221; global_colors_info=&#8221;{}&#8221; custom_padding__hover=&#8221;|||&#8221;][et_pb_text admin_label=&#8221;Testo&#8221; _builder_version=&#8221;4.27.5&#8243; hover_enabled=&#8221;0&#8243; global_colors_info=&#8221;{}&#8221; sticky_enabled=&#8221;0&#8243;]<\/p>\n<p><strong><em>TITOLARE DEL TRATTAMENTO SUI COOKIE<\/em><\/strong><\/p>\n<p>Consulcesi Tech SA [di seguito<strong>\u00a0Consulcesi<\/strong>] in qualit\u00e0 di Titolare, informa gli utenti, ai sensi del Regolamento UE 679\/2016 (in seguito <strong>\u201cGDPR\u201d<\/strong>) e della normativa, anche nazionale, in materia di protezione dei dati personali per tempo applicabile (in seguito <strong>\u201cNormativa Privacy\u201d<\/strong>), che i dati personali (di seguito, <strong>\u201cDati\u201d<\/strong>) relativi agli utenti del Sito e raccolti mediante cookies (di seguito, <strong>\u201cCookie\u201d<\/strong>) saranno trattati con le modalit\u00e0 e per le finalit\u00e0 indicate nella presente informativa.<\/p>\n<p>Consulcesi con sede in via Giuseppe Motta 6, 6828 Balerna (CH) \u00e8 contattabile all\u2019indirizzo e-mail: <a href=\"mailto:privacy@consulcesi.tech\">privacy@consulcesi.tech<\/a>.<br \/>Il Responsabile per la protezione dei dati personali (di seguito, \u201cDPO\u201d) \u00e8 contattabile al seguente indirizzo e-mail: <a href=\"mailto:dpo@consulcesi.tech\">dpo@consulcesi.tech<\/a>.<br \/>Il Rappresentante del Titolare per il territorio europeo \u00e8 Homnya S.r.l., via della Stelletta 23, 00186 Roma; e-mail: <a href=\"mailto:eu-representative@homnya.com\">eu-representative@homnya.com<\/a>.<\/p>\n<p>&nbsp;<\/p>\n<p><strong><em>CHE COSA SONO I COOKIE?<\/em><\/strong><\/p>\n<p>I cookies sono piccoli file di testo contenenti una certa quantit\u00e0 di informazioni scambiate tra un sito internet ed il terminale dell\u2019utente (solitamente il browser). Essi sono principalmente utilizzati con lo scopo di far funzionare i siti web e farli operare in modo pi\u00f9 efficiente, nonch\u00e9 al fine di fornire informazioni ai proprietari del sito stesso. I cookies possono essere sia di sessione che persistenti. I cookies di sessione rimangono memorizzati nel terminale per un breve periodo di tempo e sono eliminati non appena l&#8217;utente chiude il browser. Il loro utilizzo \u00e8 strettamente limitato alla trasmissione di identificativi di sessione (costituiti da numeri casuali generati dal server) necessari per consentire l&#8217;esplorazione sicura ed efficiente del sito. I cookies persistenti invece rimangono archiviati nel terminale dell\u2019utente fino ad una scadenza prestabilita. Questi, non essendo cancellati direttamente alla chiusura del browser, consentono di ricordare le scelte operate dall\u2019utente sul proprio sito nonch\u00e9 di raccogliere informazioni circa le pagine del sito visitate dall\u2019utente, la frequenza con la quale il sito viene visitato e per identificare il tracciato di navigazione degli utenti, al fine di migliorare l\u2019esperienza sul presente sito. I cookies, di sessione o persistenti, possono essere infine di Prima parte o di Terza parte a seconda che il soggetto che installa i cookies sul terminale dell&#8217;utente sia lo stesso gestore del sito che l&#8217;utente sta visitando (si parler\u00e0 allora di cookies di Prima parte) oppure un soggetto diverso (si parler\u00e0 allora di cookies di Terza parte).<\/p>\n<p><strong><em>\u00a0<\/em><\/strong><\/p>\n<p><strong><em>ELENCO DEI COOKIE<\/em><\/strong><\/p>\n<p>Il nostro sito web utilizza cookie proprietari e di terze parti. Classifichiamo questi cookie nelle seguenti categorie:<\/p>\n<ul>\n<li><strong>Necessari<br \/><\/strong>I cookie necessari contribuiscono a rendere fruibile il sito web, abilitando funzionalit\u00e0 di base come la navigazione tra le pagine e l\u2019accesso alle aree protette. Senza questi cookie il sito non pu\u00f2 funzionare correttamente. Sono quindi essenziali per il corretto utilizzo del Sito e non richiedono il consenso dell\u2019utente.<\/li>\n<\/ul>\n<ul>\n<li><strong>Preferenze<br \/><\/strong>Questi cookie consentono al Sito di memorizzare informazioni che ne influenzano il comportamento o l\u2019aspetto, come la lingua preferita dall\u2019utente o l\u2019area geografica in cui si trova. Migliorano quindi l\u2019esperienza dell\u2019utente rendendo il Sito pi\u00f9 personalizzato. L\u2019uso di questi cookie richiede il consenso dell\u2019utente.<\/li>\n<\/ul>\n<ul>\n<li><strong>Statistici<br \/><\/strong>I cookie statistici aiutano i titolari del sito web a comprendere come i visitatori interagiscono con il Sito raccogliendo informazioni in forma anonima. Queste informazioni consentono di ottimizzare la struttura, i contenuti e la navigazione del Sito, migliorandone le prestazioni. Anche questi cookie richiedono il consenso dell\u2019utente.<\/li>\n<li><strong>Marketing<br \/><\/strong>I cookie di marketing vengono utilizzati per tracciare i visitatori attraverso il sito web. L\u2019obiettivo \u00e8 mostrare annunci pertinenti e coinvolgenti per il singolo utente, risultando quindi pi\u00f9 preziosi per gli editori e inserzionisti di terze parti. Questi cookie creano un profilo dell\u2019utente in base alla sua attivit\u00e0 online, al fine di personalizzare la pubblicit\u00e0 mostrata. Il loro utilizzo \u00e8 subordinato al consenso dell\u2019utente.<\/li>\n<\/ul>\n<p>Di seguito mostriamo un elenco dettagliato dei cookie che utilizziamo sul sito web e gli scopi per i quali abilitiamo ciascun cookie o tecnologia di tracciamento.<\/p>\n<p><script type=\"text\/javascript\" charset=\"UTF-8\"  data-cookiescriptreport=\"report\" src=\"\/\/report.cookie-script.com\/r\/0b8b68abe3a383910cace105309009f8.js\"><\/script><\/p>\n<p><strong>COME VISUALIZZARE E MODIFICARE LE IMPOSTAZIONI DEI COOKIES E LA GESTIONE DEL CONSENSO<\/strong><\/p>\n<p>In occasione della prima visita al sito, l\u2019utente pu\u00f2 accettare tutti i cookie, proseguire con le impostazioni predefinite che prevedono l\u2019uso dei soli cookie tecnici necessari al funzionamento del sito, oppure selezionare in modo personalizzato le finalit\u00e0 o le terze parti di interesse, utilizzando le opzioni disponibili nel banner mostrato all\u2019accesso.<\/p>\n<p>In ogni altro caso, e a ogni successiva visita al sito, l\u2019utente pu\u00f2 accedere al banner che consente di negare o modificare il consenso all\u2019uso dei cookie non necessari tramite il link presente nel footer di ogni pagina, identificato da un&#8217;icona a forma di cookie.<\/p>\n<p>Ad ogni modo, posto che la maggior parte dei browser \u00e8 programmato in maniera tale da accettare i cookie automaticamente, l&#8217;utente potr\u00e0 scegliere di non riceverne, accedendo alle impostazioni del browser e disabilitandone l&#8217;utilizzo, secondo le procedure descritte ai seguenti indirizzi:<\/p>\n<table>\n<tbody>\n<tr>\n<td width=\"107\"><strong>Internet Explorer:<\/strong><\/td>\n<td width=\"535\"><a href=\"https:\/\/support.microsoft.com\/it-it\/windows\/eliminare-e-gestire-i-cookie-168dab11-0753-043d-7c16-ede5947fc64d\">https:\/\/support.microsoft.com\/it-it\/windows\/eliminare-e-gestire-i-cookie-168dab11-0753-043d-7c16-ede5947fc64d<\/a><\/td>\n<\/tr>\n<tr>\n<td width=\"107\"><strong>Mozilla Firefox:<\/strong><\/td>\n<td width=\"535\"><a href=\"https:\/\/support.mozilla.org\/it\/kb\/Attivare%20e%20disattivare%20i%20cookie\">https:\/\/support.mozilla.org\/it\/kb\/Attivare%20e%20disattivare%20i%20cookie<\/a><\/td>\n<\/tr>\n<tr>\n<td width=\"107\"><strong>Google Chrome:<\/strong><\/td>\n<td width=\"535\"><a href=\"https:\/\/support.google.com\/chrome\/answer\/95647?hl=it\">https:\/\/support.google.com\/chrome\/answer\/95647?hl=it<\/a><\/td>\n<\/tr>\n<tr>\n<td width=\"107\"><strong>Safari \u2013 Iphone, Ipad, Ipod Touch:<\/strong><\/td>\n<td width=\"535\"><a href=\"https:\/\/support.apple.com\/it-it\/HT201265\">https:\/\/support.apple.com\/it-it\/HT201265<\/a><\/td>\n<\/tr>\n<tr>\n<td width=\"107\"><strong>Safari &#8211; Mac:<\/strong><\/td>\n<td width=\"535\"><a href=\"https:\/\/support.apple.com\/it-it\/guide\/safari\/sfri11471\/mac\">https:\/\/support.apple.com\/it-it\/guide\/safari\/sfri11471\/mac<\/a><\/td>\n<\/tr>\n<tr>\n<td width=\"107\"><strong>Microsoft Edge:<\/strong><\/td>\n<td width=\"535\"><a href=\"https:\/\/support.microsoft.com\/it-it\/microsoft-edge\/eliminare-i-cookie-in-microsoft-edge-63947406-40ac-c3b8-57b9-2a946a29ae09\">https:\/\/support.microsoft.com\/it-it\/microsoft-edge\/eliminare-i-cookie-in-microsoft-edge-63947406-40ac-c3b8-57b9-2a946a29ae09<\/a><\/td>\n<\/tr>\n<tr>\n<td width=\"107\"><strong>Opera:<\/strong><\/td>\n<td width=\"535\"><a href=\"https:\/\/help.opera.com\/en\/latest\/web-preferences\/#cookies\">https:\/\/help.opera.com\/en\/latest\/web-preferences\/#cookies<\/a><\/td>\n<\/tr>\n<\/tbody>\n<\/table>\n<p>Per ulteriori informazioni sui cookie \u00e8 possibile collegarsi al sito <a href=\"http:\/\/www.youronlinechoices.com\">www.youronlinechoices.com<\/a> (limitatamente ai servizi censiti da tale piattaforma), per ottenere informazioni su come eliminare o gestire i cookie in base al browser utilizzato e per impostare le preferenze di utilizzo di quelli di terze parti.<\/p>\n<p>Your Online Choices \u00e8 un sito Internet gestito dall&#8217;associazione non-profit\u00a0<em>European Interactive Digital Advertising Alliance\u00a0<\/em>(EDAA), la cui versione in lingua italiana \u00e8 raggiungibile all&#8217;indirizzo\u00a0<a href=\"http:\/\/www.youronlinechoices.eu\/it\/\">www.youronlinechoices.eu\/it\/<\/a>, che fornisce informazioni sulla pubblicit\u00e0 comportamentale basata sui cookie di profilazione (<a href=\"https:\/\/www.youronlinechoices.com\/it\/a-proposito\">https:\/\/www.youronlinechoices.com\/it\/a-proposito<\/a>) e consente agli utenti di Internet di opporsi facilmente (opt-out) all&#8217;installazione dei principali cookie di profilazione installati dagli operatori pubblicitari ed utilizzati su siti Internet (<a href=\"https:\/\/www.youronlinechoices.com\/it\/le-tue-scelte\">https:\/\/www.youronlinechoices.com\/it\/le-tue-scelte<\/a>). Prima di utilizzare questo strumento, ti consigliamo di leggere attentamente le condizioni generali di servizio del sito Your Online Choices (<a href=\"https:\/\/www.youronlinechoices.com\/it\/condizioni-generali-di-servizio\">https:\/\/www.youronlinechoices.com\/it\/condizioni-generali-di-servizio<\/a>), le domande frequenti (FAQ) (<a href=\"https:\/\/www.youronlinechoices.com\/it\/faqs\">https:\/\/www.youronlinechoices.com\/it\/faqs<\/a>) e la guida per l&#8217;utente (<a href=\"https:\/\/www.youronlinechoices.com\/it\/help\">https:\/\/www.youronlinechoices.com\/it\/help<\/a>).<\/p>\n<p>Utilizza consapevolmente Your Online Choices. Sebbene, infatti, Your Online Choices riunisca molte delle pi\u00f9 importanti societ\u00e0 del mondo pubblicitario che utilizzano cookie, alcune delle terze parti che installano cookie attraverso il Sito potrebbero non aver aderito a Your Online Choices. Pertanto, l&#8217;utilizzo di Your Online Choices non garantisce che si riceveranno cookie di terze parti navigando sul Sito. Ricordati, inoltre, che eliminando tutti i cookie dal proprio browser, anche i cookie tecnici rilasciati da Your Online Choices per ricordare le tue scelte potrebbero essere eliminati, rendendo nuovamente attivi i cookie di terze parti.<\/p>\n<p>Per disabilitare i cookie analitici e per impedire a Google Analytics di raccogliere dati sulla Sua navigazione, puoi scaricare il Componente aggiuntivo del browser per la disattivazione di Google Analytics: <a href=\"https:\/\/tools.google.com\/dlpage\/gaoptout\">https:\/\/tools.google.com\/dlpage\/gaoptout<\/a>.<\/p>\n<p>Conserveremo le preferenze dell&#8217;utente in tema di cookie grazie ad un apposito cookie tecnico avente le caratteristiche specificate nella tabella precedente.<\/p>\n<p>&nbsp;<\/p>\n<p><strong><em>MODALIT\u00c0 DI TRATTAMENTO E TEMPI DI CONSERVAZIONE DEI DATI<\/em><\/strong><\/p>\n<p>Come evidenziato nella premessa di questa informativa, Consulcesi raccoglie e tratta alcuni Suoi dati personali attraverso i cookie che essa veicola direttamente sul Sito (cookie di prima parte). Consulcesi agisce in qualit\u00e0 di titolare del trattamento di questi dati, in conformit\u00e0 alle previsioni del Regolamento.\u00a0 Consulcesi tratter\u00e0 i Suoi dati solo con strumenti elettronici, in maniera totalmente automatizzata e senza intermediazione umana.<\/p>\n<p>Alcuni dei dipendenti e collaboratori di Consulcesi, da noi nominati quali incaricati del trattamento, potrebbero effettuare degli interventi di manutenzione sui sistemi informatici che ospitano i Suoi dati, senza poter mai accedere al loro effettivo contenuto. I dati personali potrebbero essere memorizzati nei server gestiti da soggetti terzi (es. fornitori di sistemi informatici) o potrebbero essere gestiti da soggetti specializzati nella pubblicit\u00e0 online, che agiscono in qualit\u00e0 di responsabili esterni del trattamento sulla base di un&#8217;apposita nomina per iscritto da parte della Societ\u00e0. Consulcesi pu\u00f2 trasferire i Dati al di fuori dell\u2019Unione Europea. A tal fine, ai sensi della normativa privacy, la Societ\u00e0 valuta l\u2019impatto dei trasferimenti di dati e adotta, se applicabili, le garanzie pi\u00f9 appropriate (ad esempio, le decisioni di adeguatezza o le clausole contrattuali standard). Per informazioni in merito al trasferimento dei Dati personali raccolti mediante Cookie di terze parti, si rimanda alle privacy policy di ciascuna terza parte, disponibili presso i siti web delle stesse.<\/p>\n<p>I dati personali degli utenti del Sito saranno conservati per i tempi strettamente necessari ad espletare le finalit\u00e0 primarie illustrate nella presente informativa, o comunque secondo quanto necessario per la tutela dei diritti sia degli interessi sia degli utenti che di Consulcesi.<\/p>\n<p>&nbsp;<\/p>\n<p><strong><em>I SUOI DIRITTI <\/em><\/strong><\/p>\n<p>Per esercitare i Suoi diritti, o ottenere alcuna ulteriore informazione o chiarimento in relazione alla presente Informativa Cookie, La preghiamo di contattare Consulcesi inviando un messaggio di posta elettronica all&#8217;indirizzo <a href=\"mailto:privacy@consulcesi.tech.\">privacy@consulcesi.tech.<\/a><\/p>\n<p>Ai sensi del Regolamento, Consulcesi informa che gli utenti hanno il diritto di ottenere l&#8217;indicazione (i) dell&#8217;origine dei dati personali; (ii) delle finalit\u00e0 e modalit\u00e0 del trattamento; (iii) della logica applicata in caso di trattamento effettuato con l&#8217;ausilio di strumenti elettronici; (iv) degli estremi identificativi del titolare e dei responsabili; (v) dei soggetti o delle categorie di soggetti ai quali i dati personali possono essere comunicati o che possono venirne a conoscenza in qualit\u00e0 di responsabili o incaricati.<\/p>\n<p>Inoltre, gli utenti hanno il diritto di ottenere:<\/p>\n<ol style=\"list-style-type: lower-alpha;\">\n<li>l&#8217;accesso, l&#8217;aggiornamento, la rettificazione ovvero, quando vi hanno interesse, l&#8217;integrazione dei dati;<\/li>\n<li>la cancellazione, la trasformazione in forma anonima o il blocco dei dati trattati in violazione di legge, compresi quelli di cui non \u00e8 necessaria la conservazione in relazione agli scopi per i quali i dati sono stati raccolti o successivamente trattati;<\/li>\n<li>l&#8217;attestazione che le operazioni di cui alle lettere a) e b) sono state portate a conoscenza, anche per quanto riguarda il loro contenuto, di coloro ai quali i dati sono stati comunicati o diffusi, eccettuato il caso in cui tale adempimento si rivela impossibile o comporta un impiego di mezzi manifestamente sproporzionato rispetto al diritto tutelato.<\/li>\n<\/ol>\n<p>Inoltre, gli utenti potranno revocare il consenso in qualsiasi momento,<\/p>\n<ol style=\"list-style-type: lower-alpha;\">\n<li>qualora il trattamento si basi sul loro consenso;<\/li>\n<li>(laddove applicabile) il diritto alla portabilit\u00e0 dei dati (diritto di ricevere tutti i dati personali che li riguardano in un formato strutturato, di uso comune e leggibile da dispositivo automatico), il diritto alla limitazione del trattamento dei dati personali e il diritto alla cancellazione (&#8220;diritto all&#8217;oblio&#8221;);<\/li>\n<li>il diritto di opporsi:\n<ol style=\"list-style-type: lower-roman;\">\n<li>in tutto o in parte, per motivi legittimi al trattamento dei dati personali che li riguardano, ancorch\u00e9 pertinenti allo scopo della raccolta;<\/li>\n<li>in tutto o in parte, al trattamento di dati personali che li riguardano a fini di invio di materiale pubblicitario o di vendita diretta o per il compimento di ricerche di mercato o di comunicazione commerciale;<\/li>\n<\/ol>\n<\/li>\n<\/ol>\n<p>Infine, qualora gli utenti ritenessero che il trattamento che li riguarda violi il Regolamento, il diritto di proporre reclamo a un&#8217;Autorit\u00e0 di controllo (nello Stato membro in cui risiedono abitualmente, in quello in cui lavorano oppure in quello in cui si \u00e8 verificata la presunta violazione), oppure ricorso d\u2019innanzi all\u2019Autorit\u00e0 Giudiziaria. L&#8217;Autorit\u00e0 di controllo italiana \u00e8 il Garante per la protezione dei dati personali, con sede in Piazza Venezia n. 11 &#8211; 00187 Roma (http:\/\/www.garanteprivacy.it\/).<\/p>\n<p>&nbsp;<\/p>\n<p>&nbsp;<\/p>\n<p>&nbsp;<\/p>\n<p>&nbsp;<\/p>\n<p>[\/et_pb_text][\/et_pb_column][\/et_pb_row][\/et_pb_section]<\/p>\n","protected":false},"excerpt":{"rendered":"<p>TITOLARE DEL TRATTAMENTO SUI COOKIE Consulcesi Tech SA [di seguito\u00a0Consulcesi] in qualit\u00e0 di Titolare, informa gli utenti, ai sensi del Regolamento UE 679\/2016 (in seguito \u201cGDPR\u201d) e della normativa, anche nazionale, in materia di protezione dei dati personali per tempo applicabile (in seguito \u201cNormativa Privacy\u201d), che i dati personali (di seguito, \u201cDati\u201d) relativi agli utenti [&hellip;]<\/p>\n","protected":false},"author":1,"featured_media":0,"parent":0,"menu_order":0,"comment_status":"closed","ping_status":"closed","template":"","meta":{"_et_pb_use_builder":"on","_et_pb_old_content":"","_et_gb_content_width":"","footnotes":""},"class_list":["post-1546","page","type-page","status-publish","hentry"],"yoast_head":"<!-- This site is optimized with the Yoast SEO plugin v27.0 - https:\/\/yoast.com\/product\/yoast-seo-wordpress\/ -->\n<title>Cookie Policy - Consulcesi Tech<\/title>\n<meta name=\"robots\" content=\"index, follow, max-snippet:-1, max-image-preview:large, max-video-preview:-1\" \/>\n<link rel=\"canonical\" href=\"https:\/\/www.consulcesi.tech\/it\/cookie-policy\/\" \/>\n<meta property=\"og:locale\" content=\"it_IT\" \/>\n<meta property=\"og:type\" content=\"article\" \/>\n<meta property=\"og:title\" content=\"Cookie Policy - Consulcesi Tech\" \/>\n<meta property=\"og:description\" content=\"TITOLARE DEL TRATTAMENTO SUI COOKIE Consulcesi Tech SA [di seguito\u00a0Consulcesi] in qualit\u00e0 di Titolare, informa gli utenti, ai sensi del Regolamento UE 679\/2016 (in seguito \u201cGDPR\u201d) e della normativa, anche nazionale, in materia di protezione dei dati personali per tempo applicabile (in seguito \u201cNormativa Privacy\u201d), che i dati personali (di seguito, \u201cDati\u201d) relativi agli utenti [&hellip;]\" \/>\n<meta property=\"og:url\" content=\"https:\/\/www.consulcesi.tech\/it\/cookie-policy\/\" \/>\n<meta property=\"og:site_name\" content=\"Consulcesi Tech\" \/>\n<meta property=\"article:modified_time\" content=\"2026-03-19T10:06:58+00:00\" \/>\n<meta name=\"twitter:card\" content=\"summary_large_image\" \/>\n<meta name=\"twitter:label1\" content=\"Tempo di lettura stimato\" \/>\n\t<meta name=\"twitter:data1\" content=\"8 minuti\" \/>\n<script type=\"application\/ld+json\" class=\"yoast-schema-graph\">{\"@context\":\"https:\/\/schema.org\",\"@graph\":[{\"@type\":\"WebPage\",\"@id\":\"https:\/\/www.consulcesi.tech\/it\/cookie-policy\/\",\"url\":\"https:\/\/www.consulcesi.tech\/it\/cookie-policy\/\",\"name\":\"Cookie Policy - Consulcesi Tech\",\"isPartOf\":{\"@id\":\"https:\/\/www.consulcesi.tech\/it\/#website\"},\"datePublished\":\"2018-06-13T08:22:42+00:00\",\"dateModified\":\"2026-03-19T10:06:58+00:00\",\"breadcrumb\":{\"@id\":\"https:\/\/www.consulcesi.tech\/it\/cookie-policy\/#breadcrumb\"},\"inLanguage\":\"it-IT\",\"potentialAction\":[{\"@type\":\"ReadAction\",\"target\":[\"https:\/\/www.consulcesi.tech\/it\/cookie-policy\/\"]}]},{\"@type\":\"BreadcrumbList\",\"@id\":\"https:\/\/www.consulcesi.tech\/it\/cookie-policy\/#breadcrumb\",\"itemListElement\":[{\"@type\":\"ListItem\",\"position\":1,\"name\":\"Home\",\"item\":\"https:\/\/www.consulcesi.tech\/it\/\"},{\"@type\":\"ListItem\",\"position\":2,\"name\":\"Cookie Policy\"}]},{\"@type\":\"WebSite\",\"@id\":\"https:\/\/www.consulcesi.tech\/it\/#website\",\"url\":\"https:\/\/www.consulcesi.tech\/it\/\",\"name\":\"Consulcesi Tech\",\"description\":\"Where new technologies born\",\"potentialAction\":[{\"@type\":\"SearchAction\",\"target\":{\"@type\":\"EntryPoint\",\"urlTemplate\":\"https:\/\/www.consulcesi.tech\/it\/?s={search_term_string}\"},\"query-input\":{\"@type\":\"PropertyValueSpecification\",\"valueRequired\":true,\"valueName\":\"search_term_string\"}}],\"inLanguage\":\"it-IT\"}]}<\/script>\n<!-- \/ Yoast SEO plugin. -->","yoast_head_json":{"title":"Cookie Policy - Consulcesi Tech","robots":{"index":"index","follow":"follow","max-snippet":"max-snippet:-1","max-image-preview":"max-image-preview:large","max-video-preview":"max-video-preview:-1"},"canonical":"https:\/\/www.consulcesi.tech\/it\/cookie-policy\/","og_locale":"it_IT","og_type":"article","og_title":"Cookie Policy - Consulcesi Tech","og_description":"TITOLARE DEL TRATTAMENTO SUI COOKIE Consulcesi Tech SA [di seguito\u00a0Consulcesi] in qualit\u00e0 di Titolare, informa gli utenti, ai sensi del Regolamento UE 679\/2016 (in seguito \u201cGDPR\u201d) e della normativa, anche nazionale, in materia di protezione dei dati personali per tempo applicabile (in seguito \u201cNormativa Privacy\u201d), che i dati personali (di seguito, \u201cDati\u201d) relativi agli utenti [&hellip;]","og_url":"https:\/\/www.consulcesi.tech\/it\/cookie-policy\/","og_site_name":"Consulcesi Tech","article_modified_time":"2026-03-19T10:06:58+00:00","twitter_card":"summary_large_image","twitter_misc":{"Tempo di lettura stimato":"8 minuti"},"schema":{"@context":"https:\/\/schema.org","@graph":[{"@type":"WebPage","@id":"https:\/\/www.consulcesi.tech\/it\/cookie-policy\/","url":"https:\/\/www.consulcesi.tech\/it\/cookie-policy\/","name":"Cookie Policy - Consulcesi Tech","isPartOf":{"@id":"https:\/\/www.consulcesi.tech\/it\/#website"},"datePublished":"2018-06-13T08:22:42+00:00","dateModified":"2026-03-19T10:06:58+00:00","breadcrumb":{"@id":"https:\/\/www.consulcesi.tech\/it\/cookie-policy\/#breadcrumb"},"inLanguage":"it-IT","potentialAction":[{"@type":"ReadAction","target":["https:\/\/www.consulcesi.tech\/it\/cookie-policy\/"]}]},{"@type":"BreadcrumbList","@id":"https:\/\/www.consulcesi.tech\/it\/cookie-policy\/#breadcrumb","itemListElement":[{"@type":"ListItem","position":1,"name":"Home","item":"https:\/\/www.consulcesi.tech\/it\/"},{"@type":"ListItem","position":2,"name":"Cookie Policy"}]},{"@type":"WebSite","@id":"https:\/\/www.consulcesi.tech\/it\/#website","url":"https:\/\/www.consulcesi.tech\/it\/","name":"Consulcesi Tech","description":"Where new technologies born","potentialAction":[{"@type":"SearchAction","target":{"@type":"EntryPoint","urlTemplate":"https:\/\/www.consulcesi.tech\/it\/?s={search_term_string}"},"query-input":{"@type":"PropertyValueSpecification","valueRequired":true,"valueName":"search_term_string"}}],"inLanguage":"it-IT"}]}},"_links":{"self":[{"href":"https:\/\/www.consulcesi.tech\/it\/wp-json\/wp\/v2\/pages\/1546","targetHints":{"allow":["GET"]}}],"collection":[{"href":"https:\/\/www.consulcesi.tech\/it\/wp-json\/wp\/v2\/pages"}],"about":[{"href":"https:\/\/www.consulcesi.tech\/it\/wp-json\/wp\/v2\/types\/page"}],"author":[{"embeddable":true,"href":"https:\/\/www.consulcesi.tech\/it\/wp-json\/wp\/v2\/users\/1"}],"replies":[{"embeddable":true,"href":"https:\/\/www.consulcesi.tech\/it\/wp-json\/wp\/v2\/comments?post=1546"}],"version-history":[{"count":10,"href":"https:\/\/www.consulcesi.tech\/it\/wp-json\/wp\/v2\/pages\/1546\/revisions"}],"predecessor-version":[{"id":13475,"href":"https:\/\/www.consulcesi.tech\/it\/wp-json\/wp\/v2\/pages\/1546\/revisions\/13475"}],"wp:attachment":[{"href":"https:\/\/www.consulcesi.tech\/it\/wp-json\/wp\/v2\/media?parent=1546"}],"curies":[{"name":"wp","href":"https:\/\/api.w.org\/{rel}","templated":true}]}}