{"id":12660,"date":"2020-12-09T10:33:26","date_gmt":"2020-12-09T09:33:26","guid":{"rendered":"https:\/\/www.consulcesi.tech\/industrie\/issuer-di-identita-digitali\/"},"modified":"2021-05-12T13:27:31","modified_gmt":"2021-05-12T11:27:31","slug":"issuer-di-identita-digitali","status":"publish","type":"page","link":"https:\/\/www.consulcesi.tech\/it\/settori\/issuer-di-identita-digitali\/","title":{"rendered":"Issuer di identit\u00e0 digitali"},"content":{"rendered":"<p>[et_pb_section fb_built=&#8221;1&#8243; fullwidth=&#8221;on&#8221; _builder_version=&#8221;4.9.0&#8243; _module_preset=&#8221;default&#8221;][et_pb_fullwidth_header title=&#8221;Issuer di identit\u00e0 digitali&#8221; text_orientation=&#8221;center&#8221; _builder_version=&#8221;4.9.0&#8243; _module_preset=&#8221;default&#8221; background_color=&#8221;RGBA(0,0,0,0)&#8221; background_image=&#8221;\/wp-content\/uploads\/bg-settori-issuer-identita.jpg&#8221;][\/et_pb_fullwidth_header][\/et_pb_section][et_pb_section fb_built=&#8221;1&#8243; admin_label=&#8221;section&#8221; _builder_version=&#8221;3.22&#8243;][et_pb_row admin_label=&#8221;row&#8221; _builder_version=&#8221;4.9.0&#8243; background_size=&#8221;initial&#8221; background_position=&#8221;top_left&#8221; background_repeat=&#8221;repeat&#8221;][et_pb_column type=&#8221;4_4&#8243; _builder_version=&#8221;3.25&#8243; custom_padding=&#8221;|||&#8221; custom_padding__hover=&#8221;|||&#8221;][et_pb_text _builder_version=&#8221;4.9.0&#8243; _module_preset=&#8221;default&#8221;]<\/p>\n<h2>Un servizio unico, come la tua identit\u00e0<\/h2>\n<p>[\/et_pb_text][\/et_pb_column][\/et_pb_row][et_pb_row column_structure=&#8221;3_5,2_5&#8243; _builder_version=&#8221;4.9.0&#8243; _module_preset=&#8221;default&#8221; background_color=&#8221;#C0E6FF&#8221;][et_pb_column type=&#8221;3_5&#8243; _builder_version=&#8221;4.9.0&#8243; _module_preset=&#8221;default&#8221;][et_pb_text admin_label=&#8221;Text&#8221; _builder_version=&#8221;4.9.0&#8243; background_size=&#8221;initial&#8221; background_position=&#8221;top_left&#8221; background_repeat=&#8221;repeat&#8221; custom_margin=&#8221;|0px||16px|false|false&#8221; custom_margin_tablet=&#8221;|0px||0px|false|true&#8221; custom_margin_phone=&#8221;&#8221; custom_margin_last_edited=&#8221;on|tablet&#8221; custom_padding_tablet=&#8221;|||10px|false|false&#8221; custom_padding_phone=&#8221;|10px||10px|false|true&#8221; custom_padding_last_edited=&#8221;on|phone&#8221;]<\/p>\n<p>Grazie a un team all\u2019interno del quale operano professionisti altamente qualificati e con una lunga esperienza nel settore di riferimento, Consulcesi Tech \u00e8 diventata il <strong>provider di riferimento per gli issuer di identit\u00e0 digitali<\/strong><\/p>\n<p>[\/et_pb_text][\/et_pb_column][et_pb_column type=&#8221;2_5&#8243; _builder_version=&#8221;4.9.0&#8243; _module_preset=&#8221;default&#8221;][et_pb_button button_url=&#8221;@ET-DC@eyJkeW5hbWljIjp0cnVlLCJjb250ZW50IjoicG9zdF9saW5rX3VybF9wYWdlIiwic2V0dGluZ3MiOnsicG9zdF9pZCI6IjY5MDMifX0=@&#8221; url_new_window=&#8221;on&#8221; button_text=&#8221;Contattaci per maggiori informazioni&#8221; button_alignment=&#8221;center&#8221; _builder_version=&#8221;4.9.0&#8243; _dynamic_attributes=&#8221;button_url&#8221; _module_preset=&#8221;default&#8221; custom_button=&#8221;on&#8221; button_text_color=&#8221;#42508E&#8221; button_bg_color=&#8221;#f4f4f4&#8243; custom_margin=&#8221;16px|64px||32px|false|false&#8221; custom_margin_tablet=&#8221;|10px||10px|false|true&#8221; custom_margin_phone=&#8221;&#8221; custom_margin_last_edited=&#8221;on|desktop&#8221;][\/et_pb_button][\/et_pb_column][\/et_pb_row][et_pb_row column_structure=&#8221;3_5,2_5&#8243; _builder_version=&#8221;4.9.0&#8243; _module_preset=&#8221;default&#8221;][et_pb_column type=&#8221;3_5&#8243; _builder_version=&#8221;4.9.0&#8243; _module_preset=&#8221;default&#8221;][et_pb_text admin_label=&#8221;Text&#8221; _builder_version=&#8221;4.9.0&#8243; background_size=&#8221;initial&#8221; background_position=&#8221;top_left&#8221; background_repeat=&#8221;repeat&#8221;]<\/p>\n<h3><strong>Sviluppo e implementazione di soluzioni per ogni esigenza<\/strong><\/h3>\n<p>Tra gli obiettivi principali dell\u2019azienda vi \u00e8 quello di offrire in modo end-to-end, ovvero dal design alla stessa implementazione, un <strong>ampio numero di piattaforme per chi fornisce servizi di Digital Identity<\/strong>, come:<\/p>\n<ul>\n<li>Soluzioni tecnologiche per l\u2019erogazione di Digital Identity distribuite o self-sovereign identity con il rilascio di credenziali digitali verificabili in ecosistemi multi-attore (Holder &#8211; Issuer &#8211; Verifier), con il supporto a logiche di Zero Knowledge Proof<\/li>\n<li>Piattaforme di gestione della Digital Identity as-a-service in modo interoperabile tra Identity e differenti service provider<\/li>\n<li>Realizzazione di soluzioni enterprise per il rilascio di Digital Identity e di certificati digitali verificabili ad uso dei dipendenti sfruttando soluzioni Blockchain private<\/li>\n<li>Servizi API di notarizzazione e verifica documentale tramite QR code<\/li>\n<\/ul>\n<h3><strong>Tutto quello che rende unica l\u2019identit\u00e0 aziendale<\/strong><\/h3>\n<p>Consulcesi Tech ha sempre puntato a raggiungere una propria specifica identit\u00e0. Quella stessa identit\u00e0 che oggi la rende immediatamente identificabile agli occhi di chi \u00e8 in cerca di <strong>soluzioni efficaci e sicure per la Digital Identity<\/strong>. Tra i punti di forza aziendali si possono citare i seguenti:<\/p>\n<ul>\n<li>Team multidisciplinari, composti da professionisti che hanno un bagaglio di competenze business e tecnologiche che vanno dal design al development delle soluzioni, dall\u2019analisi funzionale all\u2019analisi di mercato per i Digital Identity Issuer<\/li>\n<li>Expertise su diverse tipologie di Blockchain fabric, sia pubbliche (e.g. Bitcoin, Ethereum, Sovrin) che private (e.g. Hyperledger Fabric, R3 Corda), all\u2019interno dell\u2019ambito formativo<\/li>\n<li>Comprovata esperienza di Data Science sull\u2019applicazione di algoritmi di machine learning e deep learning, e competenze di Business Intelligence per analisi statistica e data miningMassima flessibilit\u00e0 architetturale nel design in Cloud delle soluzioni<\/li>\n<\/ul>\n<p>Consulenza e implementazione di strategie di cybersecurity, utili alla difesa dei dati e delle stesse soluzioni realizzate<\/p>\n<p>[\/et_pb_text][\/et_pb_column][et_pb_column type=&#8221;2_5&#8243; _builder_version=&#8221;4.9.0&#8243; _module_preset=&#8221;default&#8221;][et_pb_image src=&#8221;\/wp-content\/uploads\/sideimg-settori-issuer-identita.jpg&#8221; title_text=&#8221;Blockchain per Issuer di identit\u00e0 digitali&#8221; _builder_version=&#8221;4.9.0&#8243; _module_preset=&#8221;default&#8221; hover_enabled=&#8221;0&#8243; sticky_enabled=&#8221;0&#8243;][\/et_pb_image][\/et_pb_column][\/et_pb_row][et_pb_row column_structure=&#8221;1_6,1_6,1_6,1_6,1_6,1_6&#8243; disabled_on=&#8221;on|on|on&#8221; _builder_version=&#8221;4.9.0&#8243; _module_preset=&#8221;default&#8221; disabled=&#8221;on&#8221;][et_pb_column type=&#8221;1_6&#8243; _builder_version=&#8221;4.9.0&#8243; _module_preset=&#8221;default&#8221;][et_pb_text _builder_version=&#8221;4.9.0&#8243; _module_preset=&#8221;default&#8221; text_text_color=&#8221;#848484&#8243; text_font_size=&#8221;28px&#8221; text_line_height=&#8221;1em&#8221;]<\/p>\n<p>In <strong>questo settore<\/strong> abbiamo lavorato per<\/p>\n<p>[\/et_pb_text][\/et_pb_column][et_pb_column type=&#8221;1_6&#8243; _builder_version=&#8221;4.9.0&#8243; _module_preset=&#8221;default&#8221;][et_pb_image src=&#8221;\/wp-content\/uploads\/e-KlLMZI.jpg&#8221; title_text=&#8221;e-KlLMZI&#8221; _builder_version=&#8221;4.9.0&#8243; _module_preset=&#8221;default&#8221;][\/et_pb_image][\/et_pb_column][et_pb_column type=&#8221;1_6&#8243; _builder_version=&#8221;4.9.0&#8243; _module_preset=&#8221;default&#8221;][et_pb_image src=&#8221;\/wp-content\/uploads\/e-KlLMZI.jpg&#8221; title_text=&#8221;e-KlLMZI&#8221; _builder_version=&#8221;4.9.0&#8243; _module_preset=&#8221;default&#8221;][\/et_pb_image][\/et_pb_column][et_pb_column type=&#8221;1_6&#8243; _builder_version=&#8221;4.9.0&#8243; _module_preset=&#8221;default&#8221;][et_pb_image src=&#8221;\/wp-content\/uploads\/e-KlLMZI.jpg&#8221; title_text=&#8221;e-KlLMZI&#8221; _builder_version=&#8221;4.9.0&#8243; _module_preset=&#8221;default&#8221;][\/et_pb_image][\/et_pb_column][et_pb_column type=&#8221;1_6&#8243; _builder_version=&#8221;4.9.0&#8243; _module_preset=&#8221;default&#8221;][et_pb_image src=&#8221;\/wp-content\/uploads\/e-KlLMZI.jpg&#8221; title_text=&#8221;e-KlLMZI&#8221; _builder_version=&#8221;4.9.0&#8243; _module_preset=&#8221;default&#8221;][\/et_pb_image][\/et_pb_column][et_pb_column type=&#8221;1_6&#8243; _builder_version=&#8221;4.9.0&#8243; _module_preset=&#8221;default&#8221;][et_pb_image src=&#8221;\/wp-content\/uploads\/e-KlLMZI.jpg&#8221; title_text=&#8221;e-KlLMZI&#8221; _builder_version=&#8221;4.9.0&#8243; _module_preset=&#8221;default&#8221;][\/et_pb_image][\/et_pb_column][\/et_pb_row][\/et_pb_section]<\/p>\n","protected":false},"excerpt":{"rendered":"<p>Un servizio unico, come la tua identit\u00e0Grazie a un team all\u2019interno del quale operano professionisti altamente qualificati e con una lunga esperienza nel settore di riferimento, Consulcesi Tech \u00e8 diventata il provider di riferimento per gli issuer di identit\u00e0 digitaliSviluppo e implementazione di soluzioni per ogni esigenza Tra gli obiettivi principali dell\u2019azienda vi \u00e8 quello [&hellip;]<\/p>\n","protected":false},"author":1,"featured_media":0,"parent":12653,"menu_order":0,"comment_status":"closed","ping_status":"closed","template":"","meta":{"_et_pb_use_builder":"on","_et_pb_old_content":"<h2>Un servizio unico, come la tua identit\u00e0<\/h2><p>Grazie a un team all\u2019interno del quale operano professionisti altamente qualificati e con una lunga esperienza nel settore di riferimento, Consulcesi Tech \u00e8 diventata il <strong>provider di riferimento per gli issuer di identit\u00e0 digitali<\/strong>.<\/p><h3>Sviluppo e implementazione di soluzioni per ogni esigenza<\/h3><p>Tra gli obiettivi principali dell\u2019azienda vi \u00e8 quello di offrire in modo end-to-end, ovvero dal design alla stessa implementazione, un <strong>ampio numero di piattaforme per chi fornisce servizi di Digital Identity<\/strong>, come:<\/p><ul><li>Soluzioni tecnologiche per l\u2019erogazione di Digital Identity distribuite o self-sovereign identity con il rilascio di credenziali digitali verificabili in ecosistemi multi-attore (Holder - Issuer - Verifier), con il supporto a logiche di Zero Knowledge Proof<\/li><li>Piattaforme di gestione della Digital Identity as-a-service in modo interoperabile tra Identity e differenti service provider<\/li><li>Realizzazione di soluzioni enterprise per il rilascio di Digital Identity e di certificati digitali verificabili ad uso dei dipendenti sfruttando soluzioni Blockchain private<\/li><li>Servizi API di notarizzazione e verifica documentale tramite QR code<\/li><\/ul><h3>Tutto quello che rende unica l\u2019identit\u00e0 aziendale<\/h3><p>Consulcesi Tech ha sempre puntato a raggiungere una propria specifica identit\u00e0. Quella stessa identit\u00e0 che oggi la rende immediatamente identificabile agli occhi di chi \u00e8 in cerca di <strong>soluzioni efficaci e sicure per la Digital Identity<\/strong>. Tra i punti di forza aziendali si possono citare i seguenti:<\/p><ul><li>Team multidisciplinari, composti da professionisti che hanno un bagaglio di competenze business e tecnologiche che vanno dal design al development delle soluzioni, dall\u2019analisi funzionale all\u2019analisi di mercato per i Digital Identity Issuer<\/li><li>Expertise su diverse tipologie di Blockchain fabric, sia pubbliche (e.g. Bitcoin, Ethereum, Sovrin) che private (e.g. Hyperledger Fabric, R3 Corda), all\u2019interno dell\u2019ambito formativo<\/li><li>Comprovata esperienza di Data Science sull\u2019applicazione di algoritmi di machine learning e deep learning, e competenze di Business Intelligence per analisi statistica e data miningMassima flessibilit\u00e0 architetturale nel design in Cloud delle soluzioni<\/li><li>Consulenza e implementazione di strategie di cybersecurity, utili alla difesa dei dati e delle stesse soluzioni realizzate<\/li><\/ul><p>Pulsante CTA -> <a href=\"https:\/\/www.consulcesi.tech\/it\/contattaci\/\">Contattaci per maggiori informazioni<\/a> [INIZIO PAGINA \u2013 come indicato da mock-up Manu]<\/p>","_et_gb_content_width":"","footnotes":""},"class_list":["post-12660","page","type-page","status-publish","hentry"],"yoast_head":"<!-- This site is optimized with the Yoast SEO plugin v27.0 - https:\/\/yoast.com\/product\/yoast-seo-wordpress\/ -->\n<title>Blockchain per Issuer di identit\u00e0 digitali | Consulcesi Tech<\/title>\n<meta name=\"description\" content=\"Cerchi un provider esperto in soluzioni blockchain per Issuer di identit\u00e0 digitali? Scegli Consulcesi Tech. Vai al sito, scopri i servizi!\" \/>\n<meta name=\"robots\" content=\"index, follow, max-snippet:-1, max-image-preview:large, max-video-preview:-1\" \/>\n<link rel=\"canonical\" href=\"https:\/\/www.consulcesi.tech\/it\/settori\/issuer-di-identita-digitali\/\" \/>\n<meta property=\"og:locale\" content=\"it_IT\" \/>\n<meta property=\"og:type\" content=\"article\" \/>\n<meta property=\"og:title\" content=\"Blockchain per Issuer di identit\u00e0 digitali | Consulcesi Tech\" \/>\n<meta property=\"og:description\" content=\"Cerchi un provider esperto in soluzioni blockchain per Issuer di identit\u00e0 digitali? Scegli Consulcesi Tech. Vai al sito, scopri i servizi!\" \/>\n<meta property=\"og:url\" content=\"https:\/\/www.consulcesi.tech\/it\/settori\/issuer-di-identita-digitali\/\" \/>\n<meta property=\"og:site_name\" content=\"Consulcesi Tech\" \/>\n<meta property=\"article:modified_time\" content=\"2021-05-12T11:27:31+00:00\" \/>\n<meta name=\"twitter:card\" content=\"summary_large_image\" \/>\n<meta name=\"twitter:label1\" content=\"Tempo di lettura stimato\" \/>\n\t<meta name=\"twitter:data1\" content=\"2 minuti\" \/>\n<script type=\"application\/ld+json\" class=\"yoast-schema-graph\">{\"@context\":\"https:\/\/schema.org\",\"@graph\":[{\"@type\":\"WebPage\",\"@id\":\"https:\/\/www.consulcesi.tech\/it\/settori\/issuer-di-identita-digitali\/\",\"url\":\"https:\/\/www.consulcesi.tech\/it\/settori\/issuer-di-identita-digitali\/\",\"name\":\"Blockchain per Issuer di identit\u00e0 digitali | Consulcesi Tech\",\"isPartOf\":{\"@id\":\"https:\/\/www.consulcesi.tech\/it\/#website\"},\"datePublished\":\"2020-12-09T09:33:26+00:00\",\"dateModified\":\"2021-05-12T11:27:31+00:00\",\"description\":\"Cerchi un provider esperto in soluzioni blockchain per Issuer di identit\u00e0 digitali? Scegli Consulcesi Tech. Vai al sito, scopri i servizi!\",\"breadcrumb\":{\"@id\":\"https:\/\/www.consulcesi.tech\/it\/settori\/issuer-di-identita-digitali\/#breadcrumb\"},\"inLanguage\":\"it-IT\",\"potentialAction\":[{\"@type\":\"ReadAction\",\"target\":[\"https:\/\/www.consulcesi.tech\/it\/settori\/issuer-di-identita-digitali\/\"]}]},{\"@type\":\"BreadcrumbList\",\"@id\":\"https:\/\/www.consulcesi.tech\/it\/settori\/issuer-di-identita-digitali\/#breadcrumb\",\"itemListElement\":[{\"@type\":\"ListItem\",\"position\":1,\"name\":\"Home\",\"item\":\"https:\/\/www.consulcesi.tech\/it\/\"},{\"@type\":\"ListItem\",\"position\":2,\"name\":\"Settori\",\"item\":\"https:\/\/www.consulcesi.tech\/it\/settori\/\"},{\"@type\":\"ListItem\",\"position\":3,\"name\":\"Issuer di identit\u00e0 digitali\"}]},{\"@type\":\"WebSite\",\"@id\":\"https:\/\/www.consulcesi.tech\/it\/#website\",\"url\":\"https:\/\/www.consulcesi.tech\/it\/\",\"name\":\"Consulcesi Tech\",\"description\":\"Where new technologies born\",\"potentialAction\":[{\"@type\":\"SearchAction\",\"target\":{\"@type\":\"EntryPoint\",\"urlTemplate\":\"https:\/\/www.consulcesi.tech\/it\/?s={search_term_string}\"},\"query-input\":{\"@type\":\"PropertyValueSpecification\",\"valueRequired\":true,\"valueName\":\"search_term_string\"}}],\"inLanguage\":\"it-IT\"}]}<\/script>\n<!-- \/ Yoast SEO plugin. -->","yoast_head_json":{"title":"Blockchain per Issuer di identit\u00e0 digitali | Consulcesi Tech","description":"Cerchi un provider esperto in soluzioni blockchain per Issuer di identit\u00e0 digitali? Scegli Consulcesi Tech. Vai al sito, scopri i servizi!","robots":{"index":"index","follow":"follow","max-snippet":"max-snippet:-1","max-image-preview":"max-image-preview:large","max-video-preview":"max-video-preview:-1"},"canonical":"https:\/\/www.consulcesi.tech\/it\/settori\/issuer-di-identita-digitali\/","og_locale":"it_IT","og_type":"article","og_title":"Blockchain per Issuer di identit\u00e0 digitali | Consulcesi Tech","og_description":"Cerchi un provider esperto in soluzioni blockchain per Issuer di identit\u00e0 digitali? Scegli Consulcesi Tech. Vai al sito, scopri i servizi!","og_url":"https:\/\/www.consulcesi.tech\/it\/settori\/issuer-di-identita-digitali\/","og_site_name":"Consulcesi Tech","article_modified_time":"2021-05-12T11:27:31+00:00","twitter_card":"summary_large_image","twitter_misc":{"Tempo di lettura stimato":"2 minuti"},"schema":{"@context":"https:\/\/schema.org","@graph":[{"@type":"WebPage","@id":"https:\/\/www.consulcesi.tech\/it\/settori\/issuer-di-identita-digitali\/","url":"https:\/\/www.consulcesi.tech\/it\/settori\/issuer-di-identita-digitali\/","name":"Blockchain per Issuer di identit\u00e0 digitali | Consulcesi Tech","isPartOf":{"@id":"https:\/\/www.consulcesi.tech\/it\/#website"},"datePublished":"2020-12-09T09:33:26+00:00","dateModified":"2021-05-12T11:27:31+00:00","description":"Cerchi un provider esperto in soluzioni blockchain per Issuer di identit\u00e0 digitali? Scegli Consulcesi Tech. Vai al sito, scopri i servizi!","breadcrumb":{"@id":"https:\/\/www.consulcesi.tech\/it\/settori\/issuer-di-identita-digitali\/#breadcrumb"},"inLanguage":"it-IT","potentialAction":[{"@type":"ReadAction","target":["https:\/\/www.consulcesi.tech\/it\/settori\/issuer-di-identita-digitali\/"]}]},{"@type":"BreadcrumbList","@id":"https:\/\/www.consulcesi.tech\/it\/settori\/issuer-di-identita-digitali\/#breadcrumb","itemListElement":[{"@type":"ListItem","position":1,"name":"Home","item":"https:\/\/www.consulcesi.tech\/it\/"},{"@type":"ListItem","position":2,"name":"Settori","item":"https:\/\/www.consulcesi.tech\/it\/settori\/"},{"@type":"ListItem","position":3,"name":"Issuer di identit\u00e0 digitali"}]},{"@type":"WebSite","@id":"https:\/\/www.consulcesi.tech\/it\/#website","url":"https:\/\/www.consulcesi.tech\/it\/","name":"Consulcesi Tech","description":"Where new technologies born","potentialAction":[{"@type":"SearchAction","target":{"@type":"EntryPoint","urlTemplate":"https:\/\/www.consulcesi.tech\/it\/?s={search_term_string}"},"query-input":{"@type":"PropertyValueSpecification","valueRequired":true,"valueName":"search_term_string"}}],"inLanguage":"it-IT"}]}},"_links":{"self":[{"href":"https:\/\/www.consulcesi.tech\/it\/wp-json\/wp\/v2\/pages\/12660","targetHints":{"allow":["GET"]}}],"collection":[{"href":"https:\/\/www.consulcesi.tech\/it\/wp-json\/wp\/v2\/pages"}],"about":[{"href":"https:\/\/www.consulcesi.tech\/it\/wp-json\/wp\/v2\/types\/page"}],"author":[{"embeddable":true,"href":"https:\/\/www.consulcesi.tech\/it\/wp-json\/wp\/v2\/users\/1"}],"replies":[{"embeddable":true,"href":"https:\/\/www.consulcesi.tech\/it\/wp-json\/wp\/v2\/comments?post=12660"}],"version-history":[{"count":15,"href":"https:\/\/www.consulcesi.tech\/it\/wp-json\/wp\/v2\/pages\/12660\/revisions"}],"predecessor-version":[{"id":13174,"href":"https:\/\/www.consulcesi.tech\/it\/wp-json\/wp\/v2\/pages\/12660\/revisions\/13174"}],"up":[{"embeddable":true,"href":"https:\/\/www.consulcesi.tech\/it\/wp-json\/wp\/v2\/pages\/12653"}],"wp:attachment":[{"href":"https:\/\/www.consulcesi.tech\/it\/wp-json\/wp\/v2\/media?parent=12660"}],"curies":[{"name":"wp","href":"https:\/\/api.w.org\/{rel}","templated":true}]}}