{"id":12658,"date":"2020-12-09T10:33:21","date_gmt":"2020-12-09T09:33:21","guid":{"rendered":"https:\/\/www.consulcesi.tech\/industrie\/enti-di-certificazione-privati\/"},"modified":"2021-05-12T13:25:18","modified_gmt":"2021-05-12T11:25:18","slug":"enti-di-certificazione-privati","status":"publish","type":"page","link":"https:\/\/www.consulcesi.tech\/it\/settori\/enti-di-certificazione-privati\/","title":{"rendered":"Enti di certificazione privati"},"content":{"rendered":"<p>[et_pb_section fb_built=&#8221;1&#8243; fullwidth=&#8221;on&#8221; _builder_version=&#8221;4.9.0&#8243; _module_preset=&#8221;default&#8221;][et_pb_fullwidth_header title=&#8221;Enti di certificazione privati&#8221; text_orientation=&#8221;center&#8221; _builder_version=&#8221;4.9.0&#8243; _module_preset=&#8221;default&#8221; background_color=&#8221;RGBA(0,0,0,0)&#8221; background_image=&#8221;\/wp-content\/uploads\/bg-settori-enti-certificazione-privati.jpg&#8221;][\/et_pb_fullwidth_header][\/et_pb_section][et_pb_section fb_built=&#8221;1&#8243; admin_label=&#8221;section&#8221; _builder_version=&#8221;3.22&#8243;][et_pb_row admin_label=&#8221;row&#8221; _builder_version=&#8221;3.25&#8243; background_size=&#8221;initial&#8221; background_position=&#8221;top_left&#8221; background_repeat=&#8221;repeat&#8221;][et_pb_column type=&#8221;4_4&#8243; _builder_version=&#8221;3.25&#8243; custom_padding=&#8221;|||&#8221; custom_padding__hover=&#8221;|||&#8221;][et_pb_text _builder_version=&#8221;4.9.0&#8243; _module_preset=&#8221;default&#8221;]<\/p>\n<h2>Dai corsi FAD alla certificazione: un\u2019azienda in grado di seguire tutta la filiera<\/h2>\n<p>[\/et_pb_text][\/et_pb_column][\/et_pb_row][et_pb_row column_structure=&#8221;3_5,2_5&#8243; _builder_version=&#8221;4.9.0&#8243; _module_preset=&#8221;default&#8221; background_color=&#8221;#C0E6FF&#8221;][et_pb_column type=&#8221;3_5&#8243; _builder_version=&#8221;4.9.0&#8243; _module_preset=&#8221;default&#8221;][et_pb_text admin_label=&#8221;Text&#8221; _builder_version=&#8221;4.9.0&#8243; background_size=&#8221;initial&#8221; background_position=&#8221;top_left&#8221; background_repeat=&#8221;repeat&#8221; custom_margin=&#8221;|0px||16px|false|false&#8221; custom_margin_tablet=&#8221;|0px||0px|false|false&#8221; custom_margin_phone=&#8221;&#8221; custom_margin_last_edited=&#8221;on|tablet&#8221; custom_padding=&#8221;|0px||0px|false|true&#8221; custom_padding_tablet=&#8221;|10px||10px|false|true&#8221; custom_padding_phone=&#8221;&#8221; custom_padding_last_edited=&#8221;on|tablet&#8221;]Attraverso un team multidisciplinare, formato da figure professionali altamente specializzate, che possono seguire tutte le fasi di sviluppo e implementazione, Consulcesi Tech \u00e8 il <strong>provider di riferimento per gli Enti di certificazione privati<\/strong>.<br \/>\n[\/et_pb_text][\/et_pb_column][et_pb_column type=&#8221;2_5&#8243; _builder_version=&#8221;4.9.0&#8243; _module_preset=&#8221;default&#8221;][et_pb_button button_url=&#8221;@ET-DC@eyJkeW5hbWljIjp0cnVlLCJjb250ZW50IjoicG9zdF9saW5rX3VybF9wYWdlIiwic2V0dGluZ3MiOnsicG9zdF9pZCI6IjY5MDMifX0=@&#8221; url_new_window=&#8221;on&#8221; button_text=&#8221;Contattaci per maggiori informazioni&#8221; button_alignment=&#8221;center&#8221; _builder_version=&#8221;4.9.0&#8243; _dynamic_attributes=&#8221;button_url&#8221; _module_preset=&#8221;default&#8221; custom_button=&#8221;on&#8221; button_text_color=&#8221;#42508E&#8221; button_bg_color=&#8221;#f4f4f4&#8243; custom_margin=&#8221;16px|10px||10px|false|true&#8221; custom_margin_tablet=&#8221;|10px||10px|false|true&#8221; custom_margin_phone=&#8221;&#8221; custom_margin_last_edited=&#8221;on|phone&#8221;][\/et_pb_button][\/et_pb_column][\/et_pb_row][et_pb_row column_structure=&#8221;3_5,2_5&#8243; _builder_version=&#8221;4.9.0&#8243; _module_preset=&#8221;default&#8221;][et_pb_column type=&#8221;3_5&#8243; _builder_version=&#8221;4.9.0&#8243; _module_preset=&#8221;default&#8221;][et_pb_text admin_label=&#8221;Text&#8221; _builder_version=&#8221;4.9.0&#8243; background_size=&#8221;initial&#8221; background_position=&#8221;top_left&#8221; background_repeat=&#8221;repeat&#8221;]<\/p>\n<h3><strong>Le soluzioni per chi si occupa di certificazione<\/strong><\/h3>\n<p>In modo da soddisfare appieno le esigenze dei propri clienti, la societ\u00e0 migliora costantemente la propria offerta. Attualmente, ad esempio, \u00e8 in grado di proporre un <strong>ampio numero di applicazioni in ambito Blockchain e Identit\u00e0 Digitale per chi si occupa di certificazione<\/strong>, come quelle riportate di seguito:<\/p>\n<ul>\n<li>Piattaforme tecnologiche utili a erogare corsi di formazione a distanza con rilascio di credenziali digitali verificabili per la certificazione della formazione e la verifica dello stesso apprendimento<\/li>\n<li>Soluzioni adatte alla gestione della Digital Identity in modo interoperabile tra servizi di certificazione differenti<\/li>\n<li>Web application end-to-end che, sfruttando la tecnologia Blockchain, permettono il tracciamento di filiera e delle audit, e la verifica di autenticit\u00e0 di attestati, certificati e verbali<\/li>\n<li>Servizi API di notarizzazione e verifica documentale tramite QR code<\/li>\n<\/ul>\n<h3><strong>La professionalit\u00e0 aziendale \u00e8 gi\u00e0 un certificato di garanzia<\/strong><\/h3>\n<p>In ogni progetto l\u2019azienda si impegna al massimo per <strong>garantire ad ogni cliente il servizio migliore possibile<\/strong>. Quest\u2019impegno, inoltre, vede Consulcesi Tech coinvolta in tutte le fasi. Fra i plus offerti, vi sono quelli relativi ai seguenti aspetti:<\/p>\n<ul>\n<li>Team multidisciplinari dotati di competenze business e tecnologiche che riguardano sia la fase di design che quella di development che vanno dall\u2019analisi funzionale a quella di mercato per <strong>gli Enti di certificazione privati<\/strong><\/li>\n<li>Consolidata esperienza nel <strong>settore della certificazione da parte di Enti privati<\/strong> per lo sviluppo di soluzioni Blockchain con expertise su un\u2019ampia gamma di Blockchain fabric, sia pubbliche (e.g. Bitcoin, Ethereum, Sovrin) che private (e.g. Hyperledger Fabric, R3 Corda)<\/li>\n<li>Comprovata esperienza di Business Intelligence (Microsoft Power BI) e Business Analytics applicata con strumenti (SAS) e metodi di analisi statistica dei dati (code R); competenze di Data Science finalizzata all&#8217;analisi predittiva tramite programmazione Python e sviluppo di modelli di Machine Learning<\/li>\n<li>Soluzioni progettate in Cloud con la massima flessibilit\u00e0 architetturale per il cliente<\/li>\n<li>Consulenza e implementazione di strategie di cybersecurity per la difesa dei dati e delle soluzioni realizzate<\/li>\n<\/ul>\n<p>[\/et_pb_text][\/et_pb_column][et_pb_column type=&#8221;2_5&#8243; _builder_version=&#8221;4.9.0&#8243; _module_preset=&#8221;default&#8221;][et_pb_image src=&#8221;\/wp-content\/uploads\/sideimg-settori-enti-certificazione-privati.jpg&#8221; title_text=&#8221;Blockchain per Enti di certificazione privati&#8221; _builder_version=&#8221;4.9.0&#8243; _module_preset=&#8221;default&#8221; hover_enabled=&#8221;0&#8243; sticky_enabled=&#8221;0&#8243;][\/et_pb_image][\/et_pb_column][\/et_pb_row][et_pb_row column_structure=&#8221;1_6,1_6,1_6,1_6,1_6,1_6&#8243; disabled_on=&#8221;on|on|on&#8221; _builder_version=&#8221;4.9.0&#8243; _module_preset=&#8221;default&#8221; disabled=&#8221;on&#8221;][et_pb_column type=&#8221;1_6&#8243; _builder_version=&#8221;4.9.0&#8243; _module_preset=&#8221;default&#8221;][et_pb_text _builder_version=&#8221;4.9.0&#8243; _module_preset=&#8221;default&#8221; text_text_color=&#8221;#848484&#8243; text_font_size=&#8221;28px&#8221; text_line_height=&#8221;1em&#8221;]In <strong>questo settore<\/strong> abbiamo lavorato per<br \/>\n[\/et_pb_text][\/et_pb_column][et_pb_column type=&#8221;1_6&#8243; _builder_version=&#8221;4.9.0&#8243; _module_preset=&#8221;default&#8221;][et_pb_image src=&#8221;\/wp-content\/uploads\/e-KlLMZI.jpg&#8221; title_text=&#8221;e-KlLMZI&#8221; _builder_version=&#8221;4.9.0&#8243; _module_preset=&#8221;default&#8221;][\/et_pb_image][\/et_pb_column][et_pb_column type=&#8221;1_6&#8243; _builder_version=&#8221;4.9.0&#8243; _module_preset=&#8221;default&#8221;][et_pb_image src=&#8221;\/wp-content\/uploads\/e-KlLMZI.jpg&#8221; title_text=&#8221;e-KlLMZI&#8221; _builder_version=&#8221;4.9.0&#8243; _module_preset=&#8221;default&#8221;][\/et_pb_image][\/et_pb_column][et_pb_column type=&#8221;1_6&#8243; _builder_version=&#8221;4.9.0&#8243; _module_preset=&#8221;default&#8221;][et_pb_image src=&#8221;\/wp-content\/uploads\/e-KlLMZI.jpg&#8221; title_text=&#8221;e-KlLMZI&#8221; _builder_version=&#8221;4.9.0&#8243; _module_preset=&#8221;default&#8221;][\/et_pb_image][\/et_pb_column][et_pb_column type=&#8221;1_6&#8243; _builder_version=&#8221;4.9.0&#8243; _module_preset=&#8221;default&#8221;][et_pb_image src=&#8221;\/wp-content\/uploads\/e-KlLMZI.jpg&#8221; title_text=&#8221;e-KlLMZI&#8221; _builder_version=&#8221;4.9.0&#8243; _module_preset=&#8221;default&#8221;][\/et_pb_image][\/et_pb_column][et_pb_column type=&#8221;1_6&#8243; _builder_version=&#8221;4.9.0&#8243; _module_preset=&#8221;default&#8221;][et_pb_image src=&#8221;\/wp-content\/uploads\/e-KlLMZI.jpg&#8221; title_text=&#8221;e-KlLMZI&#8221; _builder_version=&#8221;4.9.0&#8243; _module_preset=&#8221;default&#8221;][\/et_pb_image][\/et_pb_column][\/et_pb_row][\/et_pb_section]<\/p>\n","protected":false},"excerpt":{"rendered":"<p>Dai corsi FAD alla certificazione: un\u2019azienda in grado di seguire tutta la filiera Attraverso un team multidisciplinare, formato da figure professionali altamente specializzate, che possono seguire tutte le fasi di sviluppo e implementazione, Consulcesi Tech \u00e8 il provider di riferimento per gli Enti di certificazione privati. Le soluzioni per chi si occupa di certificazione In [&hellip;]<\/p>\n","protected":false},"author":1,"featured_media":0,"parent":12653,"menu_order":0,"comment_status":"closed","ping_status":"closed","template":"","meta":{"_et_pb_use_builder":"on","_et_pb_old_content":"<h2>Dai corsi FAD alla certificazione: un\u2019azienda in grado di seguire tutta la filiera<\/h2>\r\nAttraverso un team multidisciplinare, formato da figure professionali altamente specializzate, che possono seguire tutte le fasi di sviluppo e implementazione, Consulcesi Tech \u00e8 il <strong>provider di riferimento per gli Enti di certificazione privati<\/strong>.\r\n<h3>Le soluzioni per chi si occupa di certificazione<\/h3>\r\nIn modo da soddisfare appieno le esigenze dei propri clienti, la societ\u00e0 migliora costantemente la propria offerta. Attualmente, ad esempio, \u00e8 in grado di proporre un <strong>ampio numero di applicazioni in ambito Blockchain e Identit\u00e0 Digitale per chi si occupa di certificazione<\/strong>, come quelle riportate di seguito:\r\n<ul>\r\n \t<li>Piattaforme tecnologiche utili a erogare corsi di formazione a distanza con rilascio di credenziali digitali verificabili per la certificazione della formazione e la verifica dello stesso apprendimento<\/li>\r\n \t<li>Soluzioni adatte alla gestione della Digital Identity in modo interoperabile tra servizi di certificazione differenti<\/li>\r\n \t<li>Web application end-to-end che, sfruttando la tecnologia Blockchain, permettono il tracciamento di filiera e delle audit, e la verifica di autenticit\u00e0 di attestati, certificati e verbali<\/li>\r\n \t<li>Servizi API di notarizzazione e verifica documentale tramite QR code<\/li>\r\n<\/ul>\r\n<h3>\r\nLa professionalit\u00e0 aziendale \u00e8 gi\u00e0 un certificato di garanzia<\/h3>\r\nIn ogni progetto l\u2019azienda si impegna al massimo per <strong>garantire ad ogni cliente il servizio migliore possibile<\/strong>. Quest\u2019impegno, inoltre, vede Consulcesi Tech coinvolta in tutte le fasi. Fra i plus offerti, vi sono quelli relativi ai seguenti aspetti:\r\n<ul>\r\n \t<li>Team multidisciplinari dotati di competenze business e tecnologiche che riguardano sia la fase di design che quella di development che vanno dall\u2019analisi funzionale a quella di mercato per <strong>gli Enti di certificazione privati<\/strong><\/li>\r\n \t<li>Consolidata esperienza nel <strong>settore della certificazione da parte di Enti privati<\/strong> per lo sviluppo di soluzioni Blockchain con expertise su un\u2019ampia gamma di Blockchain fabric, sia pubbliche (e.g. Bitcoin, Ethereum, Sovrin) che private (e.g. Hyperledger Fabric, R3 Corda)<\/li>\r\n \t<li>Comprovata esperienza di Business Intelligence (Microsoft Power BI) e Business Analytics applicata con strumenti (SAS) e metodi di analisi statistica dei dati (code R); competenze di Data Science finalizzata all'analisi predittiva tramite programmazione Python e sviluppo di modelli di Machine Learning<\/li>\r\n \t<li>Soluzioni progettate in Cloud con la massima flessibilit\u00e0 architetturale per il cliente<\/li>\r\n \t<li>Consulenza e implementazione di strategie di cybersecurity per la difesa dei dati e delle soluzioni realizzate<\/li>\r\n<\/ul>\r\nPulsante CTA -> <a href=\"https:\/\/www.consulcesi.tech\/it\/contattaci\/\">Contattaci per maggiori informazioni<\/a> [INIZIO PAGINA \u2013 come indicato da mock-up Manu]","_et_gb_content_width":"","footnotes":""},"class_list":["post-12658","page","type-page","status-publish","hentry"],"yoast_head":"<!-- This site is optimized with the Yoast SEO plugin v27.0 - https:\/\/yoast.com\/product\/yoast-seo-wordpress\/ -->\n<title>Blockchain per Enti di certificazione privati | Consulcesi Tech<\/title>\n<meta name=\"description\" content=\"Grazie a un team altamente specializzato, Consulcesi Tech offre soluzioni Blockchain per Enti di certificazione privati. Accedi al sito!\" \/>\n<meta name=\"robots\" content=\"index, follow, max-snippet:-1, max-image-preview:large, max-video-preview:-1\" \/>\n<link rel=\"canonical\" href=\"https:\/\/www.consulcesi.tech\/it\/settori\/enti-di-certificazione-privati\/\" \/>\n<meta property=\"og:locale\" content=\"it_IT\" \/>\n<meta property=\"og:type\" content=\"article\" \/>\n<meta property=\"og:title\" content=\"Blockchain per Enti di certificazione privati | Consulcesi Tech\" \/>\n<meta property=\"og:description\" content=\"Grazie a un team altamente specializzato, Consulcesi Tech offre soluzioni Blockchain per Enti di certificazione privati. Accedi al sito!\" \/>\n<meta property=\"og:url\" content=\"https:\/\/www.consulcesi.tech\/it\/settori\/enti-di-certificazione-privati\/\" \/>\n<meta property=\"og:site_name\" content=\"Consulcesi Tech\" \/>\n<meta property=\"article:modified_time\" content=\"2021-05-12T11:25:18+00:00\" \/>\n<meta name=\"twitter:card\" content=\"summary_large_image\" \/>\n<meta name=\"twitter:label1\" content=\"Tempo di lettura stimato\" \/>\n\t<meta name=\"twitter:data1\" content=\"2 minuti\" \/>\n<script type=\"application\/ld+json\" class=\"yoast-schema-graph\">{\"@context\":\"https:\/\/schema.org\",\"@graph\":[{\"@type\":\"WebPage\",\"@id\":\"https:\/\/www.consulcesi.tech\/it\/settori\/enti-di-certificazione-privati\/\",\"url\":\"https:\/\/www.consulcesi.tech\/it\/settori\/enti-di-certificazione-privati\/\",\"name\":\"Blockchain per Enti di certificazione privati | Consulcesi Tech\",\"isPartOf\":{\"@id\":\"https:\/\/www.consulcesi.tech\/it\/#website\"},\"datePublished\":\"2020-12-09T09:33:21+00:00\",\"dateModified\":\"2021-05-12T11:25:18+00:00\",\"description\":\"Grazie a un team altamente specializzato, Consulcesi Tech offre soluzioni Blockchain per Enti di certificazione privati. Accedi al sito!\",\"breadcrumb\":{\"@id\":\"https:\/\/www.consulcesi.tech\/it\/settori\/enti-di-certificazione-privati\/#breadcrumb\"},\"inLanguage\":\"it-IT\",\"potentialAction\":[{\"@type\":\"ReadAction\",\"target\":[\"https:\/\/www.consulcesi.tech\/it\/settori\/enti-di-certificazione-privati\/\"]}]},{\"@type\":\"BreadcrumbList\",\"@id\":\"https:\/\/www.consulcesi.tech\/it\/settori\/enti-di-certificazione-privati\/#breadcrumb\",\"itemListElement\":[{\"@type\":\"ListItem\",\"position\":1,\"name\":\"Home\",\"item\":\"https:\/\/www.consulcesi.tech\/it\/\"},{\"@type\":\"ListItem\",\"position\":2,\"name\":\"Settori\",\"item\":\"https:\/\/www.consulcesi.tech\/it\/settori\/\"},{\"@type\":\"ListItem\",\"position\":3,\"name\":\"Enti di certificazione privati\"}]},{\"@type\":\"WebSite\",\"@id\":\"https:\/\/www.consulcesi.tech\/it\/#website\",\"url\":\"https:\/\/www.consulcesi.tech\/it\/\",\"name\":\"Consulcesi Tech\",\"description\":\"Where new technologies born\",\"potentialAction\":[{\"@type\":\"SearchAction\",\"target\":{\"@type\":\"EntryPoint\",\"urlTemplate\":\"https:\/\/www.consulcesi.tech\/it\/?s={search_term_string}\"},\"query-input\":{\"@type\":\"PropertyValueSpecification\",\"valueRequired\":true,\"valueName\":\"search_term_string\"}}],\"inLanguage\":\"it-IT\"}]}<\/script>\n<!-- \/ Yoast SEO plugin. -->","yoast_head_json":{"title":"Blockchain per Enti di certificazione privati | Consulcesi Tech","description":"Grazie a un team altamente specializzato, Consulcesi Tech offre soluzioni Blockchain per Enti di certificazione privati. Accedi al sito!","robots":{"index":"index","follow":"follow","max-snippet":"max-snippet:-1","max-image-preview":"max-image-preview:large","max-video-preview":"max-video-preview:-1"},"canonical":"https:\/\/www.consulcesi.tech\/it\/settori\/enti-di-certificazione-privati\/","og_locale":"it_IT","og_type":"article","og_title":"Blockchain per Enti di certificazione privati | Consulcesi Tech","og_description":"Grazie a un team altamente specializzato, Consulcesi Tech offre soluzioni Blockchain per Enti di certificazione privati. Accedi al sito!","og_url":"https:\/\/www.consulcesi.tech\/it\/settori\/enti-di-certificazione-privati\/","og_site_name":"Consulcesi Tech","article_modified_time":"2021-05-12T11:25:18+00:00","twitter_card":"summary_large_image","twitter_misc":{"Tempo di lettura stimato":"2 minuti"},"schema":{"@context":"https:\/\/schema.org","@graph":[{"@type":"WebPage","@id":"https:\/\/www.consulcesi.tech\/it\/settori\/enti-di-certificazione-privati\/","url":"https:\/\/www.consulcesi.tech\/it\/settori\/enti-di-certificazione-privati\/","name":"Blockchain per Enti di certificazione privati | Consulcesi Tech","isPartOf":{"@id":"https:\/\/www.consulcesi.tech\/it\/#website"},"datePublished":"2020-12-09T09:33:21+00:00","dateModified":"2021-05-12T11:25:18+00:00","description":"Grazie a un team altamente specializzato, Consulcesi Tech offre soluzioni Blockchain per Enti di certificazione privati. Accedi al sito!","breadcrumb":{"@id":"https:\/\/www.consulcesi.tech\/it\/settori\/enti-di-certificazione-privati\/#breadcrumb"},"inLanguage":"it-IT","potentialAction":[{"@type":"ReadAction","target":["https:\/\/www.consulcesi.tech\/it\/settori\/enti-di-certificazione-privati\/"]}]},{"@type":"BreadcrumbList","@id":"https:\/\/www.consulcesi.tech\/it\/settori\/enti-di-certificazione-privati\/#breadcrumb","itemListElement":[{"@type":"ListItem","position":1,"name":"Home","item":"https:\/\/www.consulcesi.tech\/it\/"},{"@type":"ListItem","position":2,"name":"Settori","item":"https:\/\/www.consulcesi.tech\/it\/settori\/"},{"@type":"ListItem","position":3,"name":"Enti di certificazione privati"}]},{"@type":"WebSite","@id":"https:\/\/www.consulcesi.tech\/it\/#website","url":"https:\/\/www.consulcesi.tech\/it\/","name":"Consulcesi Tech","description":"Where new technologies born","potentialAction":[{"@type":"SearchAction","target":{"@type":"EntryPoint","urlTemplate":"https:\/\/www.consulcesi.tech\/it\/?s={search_term_string}"},"query-input":{"@type":"PropertyValueSpecification","valueRequired":true,"valueName":"search_term_string"}}],"inLanguage":"it-IT"}]}},"_links":{"self":[{"href":"https:\/\/www.consulcesi.tech\/it\/wp-json\/wp\/v2\/pages\/12658","targetHints":{"allow":["GET"]}}],"collection":[{"href":"https:\/\/www.consulcesi.tech\/it\/wp-json\/wp\/v2\/pages"}],"about":[{"href":"https:\/\/www.consulcesi.tech\/it\/wp-json\/wp\/v2\/types\/page"}],"author":[{"embeddable":true,"href":"https:\/\/www.consulcesi.tech\/it\/wp-json\/wp\/v2\/users\/1"}],"replies":[{"embeddable":true,"href":"https:\/\/www.consulcesi.tech\/it\/wp-json\/wp\/v2\/comments?post=12658"}],"version-history":[{"count":38,"href":"https:\/\/www.consulcesi.tech\/it\/wp-json\/wp\/v2\/pages\/12658\/revisions"}],"predecessor-version":[{"id":13171,"href":"https:\/\/www.consulcesi.tech\/it\/wp-json\/wp\/v2\/pages\/12658\/revisions\/13171"}],"up":[{"embeddable":true,"href":"https:\/\/www.consulcesi.tech\/it\/wp-json\/wp\/v2\/pages\/12653"}],"wp:attachment":[{"href":"https:\/\/www.consulcesi.tech\/it\/wp-json\/wp\/v2\/media?parent=12658"}],"curies":[{"name":"wp","href":"https:\/\/api.w.org\/{rel}","templated":true}]}}